{"id":1484,"date":"2024-02-29T18:50:28","date_gmt":"2024-02-29T18:50:28","guid":{"rendered":"https:\/\/privilegelegal.com\/%d0%b1%d0%bb%d0%be%d0%b3\/"},"modified":"2024-11-06T17:18:49","modified_gmt":"2024-11-06T17:18:49","slug":"%d0%b1%d0%bb%d0%be%d0%b3","status":"publish","type":"page","link":"https:\/\/privilegelegal.com\/ru\/%d0%b1%d0%bb%d0%be%d0%b3\/","title":{"rendered":"\u0411\u043b\u043e\u0433"},"content":{"rendered":"\t\t<div data-elementor-type=\"wp-page\" data-elementor-id=\"1484\" class=\"elementor elementor-1484\" data-elementor-post-type=\"page\">\n\t\t\t\t<div class=\"elementor-element elementor-element-d87aba9 e-con-full e-flex e-con e-parent\" data-id=\"d87aba9\" data-element_type=\"container\" data-e-type=\"container\" data-settings=\"{&quot;background_background&quot;:&quot;classic&quot;}\">\n\t\t<div class=\"elementor-element elementor-element-ba87e67 e-flex e-con-boxed e-con e-child\" data-id=\"ba87e67\" data-element_type=\"container\" data-e-type=\"container\">\n\t\t\t\t\t<div class=\"e-con-inner\">\n\t\t<div class=\"elementor-element elementor-element-4ea2e05 e-con-full e-flex e-con e-child\" data-id=\"4ea2e05\" data-element_type=\"container\" data-e-type=\"container\">\n\t\t\t\t<div class=\"elementor-element elementor-element-b795108 elementor-invisible elementor-widget elementor-widget-heading\" data-id=\"b795108\" data-element_type=\"widget\" data-e-type=\"widget\" data-settings=\"{&quot;_animation&quot;:&quot;fadeIn&quot;}\" data-widget_type=\"heading.default\">\n\t\t\t\t<div class=\"elementor-widget-container\">\n\t\t\t\t\t<h1 class=\"elementor-heading-title elementor-size-default\">\u0421\u0442\u0430\u0442\u044c\u0438 \u0438 \u043f\u0443\u0431\u043b\u0438\u043a\u0430\u0446\u0438\u0438<\/h1>\t\t\t\t<\/div>\n\t\t\t\t<\/div>\n\t\t\t\t<\/div>\n\t\t<div class=\"elementor-element elementor-element-5e2b154 e-flex e-con-boxed e-con e-child\" data-id=\"5e2b154\" data-element_type=\"container\" data-e-type=\"container\">\n\t\t\t\t\t<div class=\"e-con-inner\">\n\t\t<div class=\"elementor-element elementor-element-c606665 e-flex e-con-boxed e-con e-child\" data-id=\"c606665\" data-element_type=\"container\" data-e-type=\"container\">\n\t\t\t\t\t<div class=\"e-con-inner\">\n\t\t\t\t<div class=\"elementor-element elementor-element-90bd701 elementor-widget elementor-widget-heading\" data-id=\"90bd701\" data-element_type=\"widget\" data-e-type=\"widget\" data-widget_type=\"heading.default\">\n\t\t\t\t<div class=\"elementor-widget-container\">\n\t\t\t\t\t<h2 class=\"elementor-heading-title elementor-size-default\">\u0420\u0435\u0430\u043b\u0438\u0437\u0443\u0439\u0442\u0435 \u0441\u0432\u043e\u0438 \u0430\u043c\u0431\u0438\u0446\u0438\u0438<br>\u0437\u0430 \u043f\u0440\u0435\u0434\u0435\u043b\u0430\u043c\u0438 \u0433\u0440\u0430\u043d\u0438\u0446.<\/h2>\t\t\t\t<\/div>\n\t\t\t\t<\/div>\n\t\t\t\t\t<\/div>\n\t\t\t\t<\/div>\n\t\t\t\t\t<\/div>\n\t\t\t\t<\/div>\n\t\t\t\t\t<\/div>\n\t\t\t\t<\/div>\n\t\t\t\t<\/div>\n\t\t<div class=\"elementor-element elementor-element-e1b3579 e-flex e-con-boxed e-con e-parent\" data-id=\"e1b3579\" data-element_type=\"container\" data-e-type=\"container\">\n\t\t\t\t\t<div class=\"e-con-inner\">\n\t\t\t\t<div class=\"elementor-element elementor-element-c22c3ee elementor-widget elementor-widget-heading\" data-id=\"c22c3ee\" data-element_type=\"widget\" data-e-type=\"widget\" data-widget_type=\"heading.default\">\n\t\t\t\t<div class=\"elementor-widget-container\">\n\t\t\t\t\t<h2 class=\"elementor-heading-title elementor-size-default\">\u042e\u0440\u0438\u0434\u0438\u0447\u0435\u0441\u043a\u0438\u0435 \u043d\u043e\u0432\u043e\u0441\u0442\u0438<br> \u043a\u043e\u0442\u043e\u0440\u044b\u0435 \u0432\u0430\u0441 \u043a\u0430\u0441\u0430\u044e\u0442\u0441\u044f<\/h2>\t\t\t\t<\/div>\n\t\t\t\t<\/div>\n\t\t<div class=\"elementor-element elementor-element-e578358 e-con-full e-flex e-con e-child\" data-id=\"e578358\" data-element_type=\"container\" data-e-type=\"container\">\n\t\t\t\t<div class=\"elementor-element elementor-element-52c3c6e elementor-widget elementor-widget-text-editor\" data-id=\"52c3c6e\" data-element_type=\"widget\" data-e-type=\"widget\" data-widget_type=\"text-editor.default\">\n\t\t\t\t<div class=\"elementor-widget-container\">\n\t\t\t\t\t\t\t\t\t<p>Privil\u00e8ge L\u00e9gal \u043f\u0440\u0435\u0434\u043b\u0430\u0433\u0430\u0435\u0442 \u0441\u0442\u0430\u0442\u044c\u0438 \u0438 \u043f\u0443\u0431\u043b\u0438\u043a\u0430\u0446\u0438\u0438 \u0441 \u0433\u043b\u0443\u0431\u043e\u043a\u0438\u043c \u0438 \u043e\u0431\u043e\u0441\u043d\u043e\u0432\u0430\u043d\u043d\u044b\u043c \u0430\u043d\u0430\u043b\u0438\u0437\u043e\u043c \u0442\u0435\u043c, \u043a\u043e\u0442\u043e\u0440\u044b\u0435 \u0432\u0430\u0441 \u0437\u0430\u0442\u0440\u0430\u0433\u0438\u0432\u0430\u044e\u0442.&nbsp;<span style=\"color: var( --e-global-color-text ); letter-spacing: 0px;\">\u0411\u0443\u0434\u044c \u0442\u043e \u0432 \u043e\u0431\u043b\u0430\u0441\u0442\u0438 \u0438\u043c\u043c\u0438\u0433\u0440\u0430\u0446\u0438\u043e\u043d\u043d\u043e\u0433\u043e \u043f\u0440\u0430\u0432\u0430, \u043a\u043e\u0440\u043f\u043e\u0440\u0430\u0442\u0438\u0432\u043d\u043e\u0433\u043e \u043f\u0440\u0430\u0432\u0430 \u0438\u043b\u0438 \u0433\u0440\u0430\u0436\u0434\u0430\u043d\u0441\u043a\u043e\u0433\u043e \u043f\u0440\u0430\u0432\u0430, \u043d\u0430\u0448\u0430 \u043a\u043e\u043c\u0430\u043d\u0434\u0430 \u044d\u043a\u0441\u043f\u0435\u0440\u0442\u043e\u0432 \u0433\u043e\u0442\u043e\u0432\u0430 \u043f\u043e\u0434\u0435\u043b\u0438\u0442\u044c\u0441\u044f \u0441 \u0432\u0430\u043c\u0438 \u0433\u043b\u0443\u0431\u043e\u043a\u0438\u043c\u0438 \u0440\u0430\u0437\u043c\u044b\u0448\u043b\u0435\u043d\u0438\u044f\u043c\u0438 \u0438 \u0441\u0442\u0440\u0430\u0442\u0435\u0433\u0438\u0447\u0435\u0441\u043a\u0438\u043c\u0438 \u0432\u0437\u0433\u043b\u044f\u0434\u0430\u043c\u0438, \u043a\u043e\u0442\u043e\u0440\u044b\u0435 \u043c\u043e\u0433\u0443\u0442 \u043f\u043e\u043c\u043e\u0447\u044c \u0432\u0430\u043c \u043f\u0440\u043e\u044f\u0441\u043d\u0438\u0442\u044c \u043d\u0435\u043a\u043e\u0442\u043e\u0440\u044b\u0435 \u0432\u043e\u043f\u0440\u043e\u0441\u044b.<\/span><\/p>\n<p>\u0412 \u043c\u0438\u0440\u0435, \u0433\u0434\u0435 \u0438\u043d\u0444\u043e\u0440\u043c\u0430\u0446\u0438\u0438 \u043c\u043d\u043e\u0433\u043e, \u043d\u043e \u043e\u043d\u0430 \u0447\u0430\u0441\u0442\u043e \u0431\u044b\u0432\u0430\u0435\u0442 \u043c\u0438\u043c\u043e\u043b\u0435\u0442\u043d\u043e\u0439, \u043c\u044b \u043f\u0440\u0435\u0434\u043b\u0430\u0433\u0430\u0435\u043c \u0432\u0430\u043c \u0441\u043e\u0434\u0435\u0440\u0436\u0430\u0442\u0435\u043b\u044c\u043d\u044b\u0435 \u043c\u0430\u0442\u0435\u0440\u0438\u0430\u043b\u044b, \u043a\u043e\u0442\u043e\u0440\u044b\u0435 \u043f\u0440\u0438\u0432\u043b\u0435\u043a\u0443\u0442 \u0432\u0430\u0448\u0435 \u0432\u043d\u0438\u043c\u0430\u043d\u0438\u0435. \u041a\u0430\u0436\u0434\u0430\u044f \u0441\u0442\u0430\u0442\u044c\u044f \u0442\u0449\u0430\u0442\u0435\u043b\u044c\u043d\u043e \u043f\u043e\u0434\u0433\u043e\u0442\u043e\u0432\u043b\u0435\u043d\u0430, \u0447\u0442\u043e\u0431\u044b \u0437\u043d\u0430\u0447\u0438\u0442\u0435\u043b\u044c\u043d\u043e \u0441\u043f\u043e\u0441\u043e\u0431\u0441\u0442\u0432\u043e\u0432\u0430\u0442\u044c \u0432\u0430\u0448\u0435\u043c\u0443 \u043f\u043e\u043d\u0438\u043c\u0430\u043d\u0438\u044e \u0442\u0435\u043a\u0443\u0449\u0438\u0445 \u0438 \u0431\u0443\u0434\u0443\u0449\u0438\u0445 \u043f\u0440\u043e\u0431\u043b\u0435\u043c \u0432 \u043d\u0430\u0448\u0435\u0439 \u043e\u0431\u043b\u0430\u0441\u0442\u0438.<\/p>\n<p>\u041c\u044b \u043f\u0440\u0438\u0433\u043b\u0430\u0448\u0430\u0435\u043c \u0412\u0430\u0441 \u0438\u0437\u0443\u0447\u0438\u0442\u044c \u043d\u0430\u0448\u0443 \u043a\u043e\u043b\u043b\u0435\u043a\u0446\u0438\u044e \u0441\u0442\u0430\u0442\u0435\u0439, \u0432 \u043a\u043e\u0442\u043e\u0440\u043e\u0439 \u0412\u044b \u043d\u0430\u0439\u0434\u0435\u0442\u0435 \u0446\u0435\u043d\u043d\u044b\u0435 \u0440\u0435\u0441\u0443\u0440\u0441\u044b, \u043f\u043e\u0437\u0432\u043e\u043b\u044f\u044e\u0449\u0438\u0435 \u0443\u0432\u0435\u0440\u0435\u043d\u043d\u043e \u043e\u0440\u0438\u0435\u043d\u0442\u0438\u0440\u043e\u0432\u0430\u0442\u044c\u0441\u044f \u0432 \u0441\u043b\u043e\u0436\u043d\u043e\u043c \u043b\u0430\u043d\u0434\u0448\u0430\u0444\u0442\u0435 \u0438\u043c\u043c\u0438\u0433\u0440\u0430\u0446\u0438\u043e\u043d\u043d\u043e\u0433\u043e, \u043f\u0440\u0435\u0434\u043f\u0440\u0438\u043d\u0438\u043c\u0430\u0442\u0435\u043b\u044c\u0441\u043a\u043e\u0433\u043e \u0438 \u0433\u0440\u0430\u0436\u0434\u0430\u043d\u0441\u043a\u043e\u0433\u043e \u043f\u0440\u0430\u0432\u0430.&nbsp;<span style=\"color: var( --e-global-color-text ); letter-spacing: 0px;\">\u041f\u0440\u0438\u0441\u043e\u0435\u0434\u0438\u043d\u044f\u0439\u0442\u0435\u0441\u044c \u043a \u043d\u0430\u043c \u0432 \u044d\u0442\u043e\u043c \u0441\u0442\u0440\u0435\u043c\u043b\u0435\u043d\u0438\u0438 \u043a \u0437\u043d\u0430\u043d\u0438\u044f\u043c, \u0433\u0434\u0435 \u043f\u0440\u0435\u0432\u043e\u0441\u0445\u043e\u0434\u0441\u0442\u0432\u043e \u0438 \u043e\u043f\u044b\u0442 \u0432\u0441\u0442\u0440\u0435\u0447\u0430\u044e\u0442\u0441\u044f, \u0447\u0442\u043e\u0431\u044b \u0441\u0444\u043e\u0440\u043c\u0438\u0440\u043e\u0432\u0430\u0442\u044c \u043f\u0440\u0438\u0431\u044b\u043b\u044c\u043d\u043e\u0435 \u0431\u0443\u0434\u0443\u0449\u0435\u0435<\/span>.<\/p>\n<p>\u041f\u0440\u0438\u044f\u0442\u043d\u043e\u0433\u043e \u0447\u0442\u0435\u043d\u0438\u044f!<\/p>\t\t\t\t\t\t\t\t<\/div>\n\t\t\t\t<\/div>\n\t\t\t\t<\/div>\n\t\t\t\t\t<\/div>\n\t\t\t\t<\/div>\n\t\t<div class=\"elementor-element elementor-element-4259afb e-con-full animated-slow e-flex elementor-invisible e-con e-parent\" data-id=\"4259afb\" data-element_type=\"container\" data-e-type=\"container\" data-settings=\"{&quot;animation&quot;:&quot;fadeInLeft&quot;,&quot;animation_delay&quot;:100}\">\n\t\t\t\t<div class=\"elementor-element elementor-element-f425bad animated-slow elementor-widget-divider--view-line elementor-invisible elementor-widget elementor-widget-divider\" data-id=\"f425bad\" data-element_type=\"widget\" data-e-type=\"widget\" data-settings=\"{&quot;_animation&quot;:&quot;fadeInLeft&quot;,&quot;_animation_delay&quot;:500}\" data-widget_type=\"divider.default\">\n\t\t\t\t<div class=\"elementor-widget-container\">\n\t\t\t\t\t\t\t<div class=\"elementor-divider\">\n\t\t\t<span class=\"elementor-divider-separator\">\n\t\t\t\t\t\t<\/span>\n\t\t<\/div>\n\t\t\t\t\t\t<\/div>\n\t\t\t\t<\/div>\n\t\t\t\t<div class=\"elementor-element elementor-element-b492960 animated-slow elementor-widget-divider--view-line elementor-invisible elementor-widget elementor-widget-divider\" data-id=\"b492960\" data-element_type=\"widget\" data-e-type=\"widget\" data-settings=\"{&quot;_animation&quot;:&quot;fadeInRight&quot;,&quot;_animation_delay&quot;:500}\" data-widget_type=\"divider.default\">\n\t\t\t\t<div class=\"elementor-widget-container\">\n\t\t\t\t\t\t\t<div class=\"elementor-divider\">\n\t\t\t<span class=\"elementor-divider-separator\">\n\t\t\t\t\t\t<\/span>\n\t\t<\/div>\n\t\t\t\t\t\t<\/div>\n\t\t\t\t<\/div>\n\t\t\t\t<\/div>\n\t\t<div class=\"elementor-element elementor-element-fb553f9 e-flex e-con-boxed e-con e-parent\" data-id=\"fb553f9\" data-element_type=\"container\" data-e-type=\"container\">\n\t\t\t\t\t<div class=\"e-con-inner\">\n\t\t\t\t\t<\/div>\n\t\t\t\t<\/div>\n\t\t<div class=\"elementor-element elementor-element-07ea28c e-con-full animated-slow e-flex elementor-invisible e-con e-parent\" data-id=\"07ea28c\" data-element_type=\"container\" data-e-type=\"container\" data-settings=\"{&quot;animation&quot;:&quot;fadeInLeft&quot;,&quot;animation_delay&quot;:100}\">\n\t\t\t\t<div class=\"elementor-element elementor-element-95f4554 animated-slow elementor-widget-divider--view-line elementor-invisible elementor-widget elementor-widget-divider\" data-id=\"95f4554\" data-element_type=\"widget\" data-e-type=\"widget\" data-settings=\"{&quot;_animation&quot;:&quot;fadeInRight&quot;,&quot;_animation_delay&quot;:500}\" data-widget_type=\"divider.default\">\n\t\t\t\t<div class=\"elementor-widget-container\">\n\t\t\t\t\t\t\t<div class=\"elementor-divider\">\n\t\t\t<span class=\"elementor-divider-separator\">\n\t\t\t\t\t\t<\/span>\n\t\t<\/div>\n\t\t\t\t\t\t<\/div>\n\t\t\t\t<\/div>\n\t\t\t\t<div class=\"elementor-element elementor-element-3797494 animated-slow elementor-widget-divider--view-line elementor-invisible elementor-widget elementor-widget-divider\" data-id=\"3797494\" data-element_type=\"widget\" data-e-type=\"widget\" data-settings=\"{&quot;_animation&quot;:&quot;fadeInLeft&quot;,&quot;_animation_delay&quot;:500}\" data-widget_type=\"divider.default\">\n\t\t\t\t<div class=\"elementor-widget-container\">\n\t\t\t\t\t\t\t<div class=\"elementor-divider\">\n\t\t\t<span class=\"elementor-divider-separator\">\n\t\t\t\t\t\t<\/span>\n\t\t<\/div>\n\t\t\t\t\t\t<\/div>\n\t\t\t\t<\/div>\n\t\t\t\t<\/div>\n\t\t<div class=\"elementor-element elementor-element-719332e e-flex e-con-boxed e-con e-parent\" data-id=\"719332e\" data-element_type=\"container\" data-e-type=\"container\">\n\t\t\t\t\t<div class=\"e-con-inner\">\n\t\t<div class=\"elementor-element elementor-element-fb0621a e-con-full e-flex e-con e-child\" data-id=\"fb0621a\" data-element_type=\"container\" data-e-type=\"container\">\n\t\t\t\t<div class=\"elementor-element elementor-element-4932cf8 elementor-widget elementor-widget-heading\" data-id=\"4932cf8\" data-element_type=\"widget\" data-e-type=\"widget\" data-widget_type=\"heading.default\">\n\t\t\t\t<div class=\"elementor-widget-container\">\n\t\t\t\t\t<h2 class=\"elementor-heading-title elementor-size-default\">\u041f\u043e\u0437\u0432\u043e\u043d\u0438\u0442\u0435 \u043d\u0430\u043c \u0434\u043b\u044f \u043a\u043e\u043d\u0441\u0443\u043b\u044c\u0442\u0430\u0446\u0438\u0438<\/h2>\t\t\t\t<\/div>\n\t\t\t\t<\/div>\n\t\t<div class=\"elementor-element elementor-element-487cb9f e-con-full e-flex e-con e-child\" data-id=\"487cb9f\" data-element_type=\"container\" data-e-type=\"container\">\n\t\t\t\t<div class=\"elementor-element elementor-element-95a0c72 elementor-widget elementor-widget-text-editor\" data-id=\"95a0c72\" data-element_type=\"widget\" data-e-type=\"widget\" data-widget_type=\"text-editor.default\">\n\t\t\t\t<div class=\"elementor-widget-container\">\n\t\t\t\t\t\t\t\t\t<p>\u0420\u0435\u0430\u043b\u0438\u0437\u0443\u0439\u0442\u0435 \u0441\u0432\u043e\u0438 \u0430\u043c\u0431\u0438\u0446\u0438\u0438 \u0437\u0430 \u043f\u0440\u0435\u0434\u0435\u043b\u0430\u043c\u0438 \u0433\u0440\u0430\u043d\u0438\u0446.<\/p>\n\t\t\t\t\t\t\t\t<\/div>\n\t\t\t\t<\/div>\n\t\t\t\t<\/div>\n\t\t<div class=\"elementor-element elementor-element-fd93724 e-flex e-con-boxed e-con e-child\" data-id=\"fd93724\" data-element_type=\"container\" data-e-type=\"container\">\n\t\t\t\t\t<div class=\"e-con-inner\">\n\t\t\t\t<div class=\"elementor-element elementor-element-cbf8ef4 elementor-tablet-align-center elementor-mobile-align-center elementor-align-center elementor-invisible elementor-widget elementor-widget-button\" data-id=\"cbf8ef4\" data-element_type=\"widget\" data-e-type=\"widget\" data-settings=\"{&quot;_animation&quot;:&quot;fadeIn&quot;,&quot;_animation_delay&quot;:100}\" data-widget_type=\"button.default\">\n\t\t\t\t<div class=\"elementor-widget-container\">\n\t\t\t\t\t\t\t\t\t<div class=\"elementor-button-wrapper\">\n\t\t\t\t\t<a class=\"elementor-button elementor-button-link elementor-size-sm\" href=\"https:\/\/privilegelegal.com\/ru\/%d1%81%d0%b2%d1%8f%d0%b7%d0%b0%d1%82%d1%8c%d1%81%d1%8f-%d1%81\/\">\n\t\t\t\t\t\t<span class=\"elementor-button-content-wrapper\">\n\t\t\t\t\t\t\t\t\t<span class=\"elementor-button-text\">\u0417\u0430\u043f\u0438\u0441\u0430\u0442\u044c\u0441\u044f \u043d\u0430 \u043f\u0440\u0438\u0435\u043c<\/span>\n\t\t\t\t\t<\/span>\n\t\t\t\t\t<\/a>\n\t\t\t\t<\/div>\n\t\t\t\t\t\t\t\t<\/div>\n\t\t\t\t<\/div>\n\t\t\t\t\t<\/div>\n\t\t\t\t<\/div>\n\t\t\t\t<\/div>\n\t\t\t\t\t<\/div>\n\t\t\t\t<\/div>\n\t\t\t\t<\/div>\n\t\t","protected":false},"excerpt":{"rendered":"<p>\u0421\u0442\u0430\u0442\u044c\u0438 \u0438 \u043f\u0443\u0431\u043b\u0438\u043a\u0430\u0446\u0438\u0438 \u0420\u0435\u0430\u043b\u0438\u0437\u0443\u0439\u0442\u0435 \u0441\u0432\u043e\u0438 \u0430\u043c\u0431\u0438\u0446\u0438\u0438\u0437\u0430 \u043f\u0440\u0435\u0434\u0435\u043b\u0430\u043c\u0438 \u0433\u0440\u0430\u043d\u0438\u0446. \u042e\u0440\u0438\u0434\u0438\u0447\u0435\u0441\u043a\u0438\u0435 \u043d\u043e\u0432\u043e\u0441\u0442\u0438 \u043a\u043e\u0442\u043e\u0440\u044b\u0435 \u0432\u0430\u0441 \u043a\u0430\u0441\u0430\u044e\u0442\u0441\u044f Privil\u00e8ge L\u00e9gal \u043f\u0440\u0435\u0434\u043b\u0430\u0433\u0430\u0435\u0442 \u0441\u0442\u0430\u0442\u044c\u0438 \u0438 \u043f\u0443\u0431\u043b\u0438\u043a\u0430\u0446\u0438\u0438 \u0441 \u0433\u043b\u0443\u0431\u043e\u043a\u0438\u043c \u0438 \u043e\u0431\u043e\u0441\u043d\u043e\u0432\u0430\u043d\u043d\u044b\u043c \u0430\u043d\u0430\u043b\u0438\u0437\u043e\u043c \u0442\u0435\u043c, \u043a\u043e\u0442\u043e\u0440\u044b\u0435 \u0432\u0430\u0441 \u0437\u0430\u0442\u0440\u0430\u0433\u0438\u0432\u0430\u044e\u0442.&nbsp;\u0411\u0443\u0434\u044c \u0442\u043e \u0432 \u043e\u0431\u043b\u0430\u0441\u0442\u0438 \u0438\u043c\u043c\u0438\u0433\u0440\u0430\u0446\u0438\u043e\u043d\u043d\u043e\u0433\u043e \u043f\u0440\u0430\u0432\u0430, \u043a\u043e\u0440\u043f\u043e\u0440\u0430\u0442\u0438\u0432\u043d\u043e\u0433\u043e \u043f\u0440\u0430\u0432\u0430 \u0438\u043b\u0438 \u0433\u0440\u0430\u0436\u0434\u0430\u043d\u0441\u043a\u043e\u0433\u043e \u043f\u0440\u0430\u0432\u0430, \u043d\u0430\u0448\u0430 \u043a\u043e\u043c\u0430\u043d\u0434\u0430 \u044d\u043a\u0441\u043f\u0435\u0440\u0442\u043e\u0432 \u0433\u043e\u0442\u043e\u0432\u0430 \u043f\u043e\u0434\u0435\u043b\u0438\u0442\u044c\u0441\u044f \u0441 \u0432\u0430\u043c\u0438 \u0433\u043b\u0443\u0431\u043e\u043a\u0438\u043c\u0438 \u0440\u0430\u0437\u043c\u044b\u0448\u043b\u0435\u043d\u0438\u044f\u043c\u0438 \u0438 \u0441\u0442\u0440\u0430\u0442\u0435\u0433\u0438\u0447\u0435\u0441\u043a\u0438\u043c\u0438 \u0432\u0437\u0433\u043b\u044f\u0434\u0430\u043c\u0438, \u043a\u043e\u0442\u043e\u0440\u044b\u0435 \u043c\u043e\u0433\u0443\u0442 \u043f\u043e\u043c\u043e\u0447\u044c \u0432\u0430\u043c \u043f\u0440\u043e\u044f\u0441\u043d\u0438\u0442\u044c [&hellip;]<\/p>\n","protected":false},"author":3,"featured_media":0,"parent":0,"menu_order":0,"comment_status":"closed","ping_status":"closed","template":"","meta":{"footnotes":""},"class_list":["post-1484","page","type-page","status-publish","hentry"],"yoast_head":"<!-- This site is optimized with the Yoast SEO plugin v27.5 - https:\/\/yoast.com\/product\/yoast-seo-wordpress\/ -->\n<title>\u0411\u043b\u043e\u0433 - Privil\u00e8ge L\u00e9gal sencrl<\/title>\n<meta name=\"description\" content=\"\u0411\u043b\u043e\u0433\" \/>\n<meta name=\"robots\" content=\"index, follow, max-snippet:-1, max-image-preview:large, max-video-preview:-1\" \/>\n<link rel=\"canonical\" href=\"https:\/\/privilegelegal.com\/ru\/%d0%b1%d0%bb%d0%be%d0%b3\/\" \/>\n<meta property=\"og:locale\" content=\"ru_RU\" \/>\n<meta property=\"og:type\" content=\"article\" \/>\n<meta property=\"og:title\" content=\"\u0411\u043b\u043e\u0433 - Privil\u00e8ge L\u00e9gal sencrl\" \/>\n<meta property=\"og:description\" content=\"\u0411\u043b\u043e\u0433\" \/>\n<meta property=\"og:url\" content=\"https:\/\/privilegelegal.com\/ru\/%d0%b1%d0%bb%d0%be%d0%b3\/\" \/>\n<meta property=\"og:site_name\" content=\"Privil\u00e8ge L\u00e9gal sencrl\" \/>\n<meta property=\"article:modified_time\" content=\"2024-11-06T17:18:49+00:00\" \/>\n<meta name=\"twitter:card\" content=\"summary_large_image\" \/>\n<script type=\"application\/ld+json\" class=\"yoast-schema-graph\">{\"@context\":\"https:\\\/\\\/schema.org\",\"@graph\":[{\"@type\":\"WebPage\",\"@id\":\"https:\\\/\\\/privilegelegal.com\\\/ru\\\/%d0%b1%d0%bb%d0%be%d0%b3\\\/\",\"url\":\"https:\\\/\\\/privilegelegal.com\\\/ru\\\/%d0%b1%d0%bb%d0%be%d0%b3\\\/\",\"name\":\"\u0411\u043b\u043e\u0433 - Privil\u00e8ge L\u00e9gal sencrl\",\"isPartOf\":{\"@id\":\"https:\\\/\\\/privilegelegal.com\\\/ru\\\/#website\"},\"datePublished\":\"2024-02-29T18:50:28+00:00\",\"dateModified\":\"2024-11-06T17:18:49+00:00\",\"description\":\"\u0411\u043b\u043e\u0433\",\"breadcrumb\":{\"@id\":\"https:\\\/\\\/privilegelegal.com\\\/ru\\\/%d0%b1%d0%bb%d0%be%d0%b3\\\/#breadcrumb\"},\"inLanguage\":\"ru-RU\",\"potentialAction\":[{\"@type\":\"ReadAction\",\"target\":[\"https:\\\/\\\/privilegelegal.com\\\/ru\\\/%d0%b1%d0%bb%d0%be%d0%b3\\\/\"]}]},{\"@type\":\"BreadcrumbList\",\"@id\":\"https:\\\/\\\/privilegelegal.com\\\/ru\\\/%d0%b1%d0%bb%d0%be%d0%b3\\\/#breadcrumb\",\"itemListElement\":[{\"@type\":\"ListItem\",\"position\":1,\"name\":\"Accueil\",\"item\":\"https:\\\/\\\/privilegelegal.com\\\/ru\\\/%d1%8e%d1%80%d0%b8%d0%b4%d0%b8%d1%87%d0%b5%d1%81%d0%ba%d0%b0%d1%8f-%d1%82%d0%b0%d0%b9%d0%bd%d0%b0-%d1%81%d0%b5%d0%bd%d0%ba%d1%80%d0%bb\\\/\"},{\"@type\":\"ListItem\",\"position\":2,\"name\":\"\u0411\u043b\u043e\u0433\"}]},{\"@type\":\"WebSite\",\"@id\":\"https:\\\/\\\/privilegelegal.com\\\/ru\\\/#website\",\"url\":\"https:\\\/\\\/privilegelegal.com\\\/ru\\\/\",\"name\":\"Privil\u00e8ge L\u00e9gal sencrl\",\"description\":\"R\u00e9alisez vos ambitions au-del\u00e0 des fronti\u00e8res.\",\"potentialAction\":[{\"@type\":\"SearchAction\",\"target\":{\"@type\":\"EntryPoint\",\"urlTemplate\":\"https:\\\/\\\/privilegelegal.com\\\/ru\\\/?s={search_term_string}\"},\"query-input\":{\"@type\":\"PropertyValueSpecification\",\"valueRequired\":true,\"valueName\":\"search_term_string\"}}],\"inLanguage\":\"ru-RU\"}]}<\/script>\n<!-- \/ Yoast SEO plugin. -->","yoast_head_json":{"title":"\u0411\u043b\u043e\u0433 - Privil\u00e8ge L\u00e9gal sencrl","description":"\u0411\u043b\u043e\u0433","robots":{"index":"index","follow":"follow","max-snippet":"max-snippet:-1","max-image-preview":"max-image-preview:large","max-video-preview":"max-video-preview:-1"},"canonical":"https:\/\/privilegelegal.com\/ru\/%d0%b1%d0%bb%d0%be%d0%b3\/","og_locale":"ru_RU","og_type":"article","og_title":"\u0411\u043b\u043e\u0433 - Privil\u00e8ge L\u00e9gal sencrl","og_description":"\u0411\u043b\u043e\u0433","og_url":"https:\/\/privilegelegal.com\/ru\/%d0%b1%d0%bb%d0%be%d0%b3\/","og_site_name":"Privil\u00e8ge L\u00e9gal sencrl","article_modified_time":"2024-11-06T17:18:49+00:00","twitter_card":"summary_large_image","schema":{"@context":"https:\/\/schema.org","@graph":[{"@type":"WebPage","@id":"https:\/\/privilegelegal.com\/ru\/%d0%b1%d0%bb%d0%be%d0%b3\/","url":"https:\/\/privilegelegal.com\/ru\/%d0%b1%d0%bb%d0%be%d0%b3\/","name":"\u0411\u043b\u043e\u0433 - Privil\u00e8ge L\u00e9gal sencrl","isPartOf":{"@id":"https:\/\/privilegelegal.com\/ru\/#website"},"datePublished":"2024-02-29T18:50:28+00:00","dateModified":"2024-11-06T17:18:49+00:00","description":"\u0411\u043b\u043e\u0433","breadcrumb":{"@id":"https:\/\/privilegelegal.com\/ru\/%d0%b1%d0%bb%d0%be%d0%b3\/#breadcrumb"},"inLanguage":"ru-RU","potentialAction":[{"@type":"ReadAction","target":["https:\/\/privilegelegal.com\/ru\/%d0%b1%d0%bb%d0%be%d0%b3\/"]}]},{"@type":"BreadcrumbList","@id":"https:\/\/privilegelegal.com\/ru\/%d0%b1%d0%bb%d0%be%d0%b3\/#breadcrumb","itemListElement":[{"@type":"ListItem","position":1,"name":"Accueil","item":"https:\/\/privilegelegal.com\/ru\/%d1%8e%d1%80%d0%b8%d0%b4%d0%b8%d1%87%d0%b5%d1%81%d0%ba%d0%b0%d1%8f-%d1%82%d0%b0%d0%b9%d0%bd%d0%b0-%d1%81%d0%b5%d0%bd%d0%ba%d1%80%d0%bb\/"},{"@type":"ListItem","position":2,"name":"\u0411\u043b\u043e\u0433"}]},{"@type":"WebSite","@id":"https:\/\/privilegelegal.com\/ru\/#website","url":"https:\/\/privilegelegal.com\/ru\/","name":"Privil\u00e8ge L\u00e9gal sencrl","description":"R\u00e9alisez vos ambitions au-del\u00e0 des fronti\u00e8res.","potentialAction":[{"@type":"SearchAction","target":{"@type":"EntryPoint","urlTemplate":"https:\/\/privilegelegal.com\/ru\/?s={search_term_string}"},"query-input":{"@type":"PropertyValueSpecification","valueRequired":true,"valueName":"search_term_string"}}],"inLanguage":"ru-RU"}]}},"_links":{"self":[{"href":"https:\/\/privilegelegal.com\/ru\/wp-json\/wp\/v2\/pages\/1484","targetHints":{"allow":["GET"]}}],"collection":[{"href":"https:\/\/privilegelegal.com\/ru\/wp-json\/wp\/v2\/pages"}],"about":[{"href":"https:\/\/privilegelegal.com\/ru\/wp-json\/wp\/v2\/types\/page"}],"author":[{"embeddable":true,"href":"https:\/\/privilegelegal.com\/ru\/wp-json\/wp\/v2\/users\/3"}],"replies":[{"embeddable":true,"href":"https:\/\/privilegelegal.com\/ru\/wp-json\/wp\/v2\/comments?post=1484"}],"version-history":[{"count":8,"href":"https:\/\/privilegelegal.com\/ru\/wp-json\/wp\/v2\/pages\/1484\/revisions"}],"predecessor-version":[{"id":1656,"href":"https:\/\/privilegelegal.com\/ru\/wp-json\/wp\/v2\/pages\/1484\/revisions\/1656"}],"wp:attachment":[{"href":"https:\/\/privilegelegal.com\/ru\/wp-json\/wp\/v2\/media?parent=1484"}],"curies":[{"name":"wp","href":"https:\/\/api.w.org\/{rel}","templated":true}]}}