{"id":1144,"date":"2023-11-23T20:25:48","date_gmt":"2023-11-23T20:25:48","guid":{"rendered":"https:\/\/privilegelegal.com\/politica-de-confidentialitate\/"},"modified":"2024-11-06T17:39:57","modified_gmt":"2024-11-06T17:39:57","slug":"politica-de-confidentialitate","status":"publish","type":"page","link":"https:\/\/privilegelegal.com\/ro\/politica-de-confidentialitate\/","title":{"rendered":"Politica de confiden\u021bialitate"},"content":{"rendered":"\t\t<div data-elementor-type=\"wp-page\" data-elementor-id=\"1144\" class=\"elementor elementor-1144 elementor-3\" data-elementor-post-type=\"page\">\n\t\t\t\t<div class=\"elementor-element elementor-element-1c1ea07 e-con-full e-flex e-con e-parent\" data-id=\"1c1ea07\" data-element_type=\"container\" data-e-type=\"container\" data-settings=\"{&quot;background_background&quot;:&quot;classic&quot;}\">\n\t\t<div class=\"elementor-element elementor-element-d839e60 e-flex e-con-boxed e-con e-child\" data-id=\"d839e60\" data-element_type=\"container\" data-e-type=\"container\">\n\t\t\t\t\t<div class=\"e-con-inner\">\n\t\t<div class=\"elementor-element elementor-element-303ebfe e-con-full e-flex e-con e-child\" data-id=\"303ebfe\" data-element_type=\"container\" data-e-type=\"container\">\n\t\t\t\t<div class=\"elementor-element elementor-element-6e67e10 elementor-invisible elementor-widget elementor-widget-heading\" data-id=\"6e67e10\" data-element_type=\"widget\" data-e-type=\"widget\" data-settings=\"{&quot;_animation&quot;:&quot;fadeIn&quot;}\" data-widget_type=\"heading.default\">\n\t\t\t\t<div class=\"elementor-widget-container\">\n\t\t\t\t\t<h1 class=\"elementor-heading-title elementor-size-default\">Politica de confiden\u021bialitate<\/h1>\t\t\t\t<\/div>\n\t\t\t\t<\/div>\n\t\t\t\t<\/div>\n\t\t<div class=\"elementor-element elementor-element-73f46e5 e-flex e-con-boxed e-con e-child\" data-id=\"73f46e5\" data-element_type=\"container\" data-e-type=\"container\">\n\t\t\t\t\t<div class=\"e-con-inner\">\n\t\t\t\t<div class=\"elementor-element elementor-element-dc6dff8 elementor-widget elementor-widget-heading\" data-id=\"dc6dff8\" data-element_type=\"widget\" data-e-type=\"widget\" data-widget_type=\"heading.default\">\n\t\t\t\t<div class=\"elementor-widget-container\">\n\t\t\t\t\t<h2 class=\"elementor-heading-title elementor-size-default\">Realiza\u021bi-va ambi\u021biile<br>dincolo de frontiere.<\/h2>\t\t\t\t<\/div>\n\t\t\t\t<\/div>\n\t\t\t\t\t<\/div>\n\t\t\t\t<\/div>\n\t\t\t\t\t<\/div>\n\t\t\t\t<\/div>\n\t\t\t\t<\/div>\n\t\t<div class=\"elementor-element elementor-element-dd90401 e-flex e-con-boxed e-con e-parent\" data-id=\"dd90401\" data-element_type=\"container\" data-e-type=\"container\">\n\t\t\t\t\t<div class=\"e-con-inner\">\n\t\t\t\t<div class=\"elementor-element elementor-element-c6c4d61 elementor-widget elementor-widget-heading\" data-id=\"c6c4d61\" data-element_type=\"widget\" data-e-type=\"widget\" data-widget_type=\"heading.default\">\n\t\t\t\t<div class=\"elementor-widget-container\">\n\t\t\t\t\t<h2 class=\"elementor-heading-title elementor-size-default\">POLITICA DE CONFIDEN\u021aIALITATE \u0218I DE PROTEC\u021aIE A INFORMA\u021aIILOR PERSONALE <\/h2>\t\t\t\t<\/div>\n\t\t\t\t<\/div>\n\t\t\t\t<div class=\"elementor-element elementor-element-212f1b0 elementor-widget elementor-widget-text-editor\" data-id=\"212f1b0\" data-element_type=\"widget\" data-e-type=\"widget\" data-widget_type=\"text-editor.default\">\n\t\t\t\t<div class=\"elementor-widget-container\">\n\t\t\t\t\t\t\t\t\t<p>Prezenta politic\u0103 de confiden\u021bialitate \u0219i de protec\u021bie a vie\u021bii private (&#8222;<b>Politica<\/b>&#8222;) descrie politicile \u0219i practicile <b>Privil\u00e8ge L\u00e9gal<\/b>, sencrl (&#8222;<b>Privil\u00e8ge L\u00e9gal<\/b>&#8222;) cu privire la informa\u021biile personale pe care Privil\u00e8ge L\u00e9gal le colecteaz\u0103 despre dumneavoastr\u0103 (&#8222;<b>dumneavoastr\u0103<\/b>&#8222;).<\/p>\n<p>Atunci c\u00e2nd utiliza\u021bi site-ul web (https:\/\/privilegelegal.com) (<b>&#8222;Site-ul web<\/b>&#8222;), sunte\u021bi de acord ca <b>Privil\u00e8ge L\u00e9gal<\/b> s\u0103 colecteze \u0219i s\u0103 utilizeze anumite informa\u021bii cu caracter personal \u00een conformitate cu aceast\u0103 Politic\u0103.<\/p>\n<p>C<b>olectarea de informa\u021bii<\/b><br \/>Pentru a accesa anumite func\u021bii de pe site, va trebui s\u0103 furniza\u021bi :<\/p>\n<ul>\n<li>Numele \u0219i prenumele<\/li>\n<li>Adres\u0103 civic\u0103<\/li>\n<li>Num\u0103r de telefon<\/li>\n<li>V\u00e2rsta<\/li>\n<li>Adresa de e-mail<br \/>(denumite \u00een mod colectiv &#8222;Informa\u021bii de \u00eenregistrare&#8221;)<\/li>\n<\/ul>\n<p><strong> <\/strong><\/p>\n<p>I<b>nforma\u021bii cu caracter personal<\/b><br \/><b>&#8222;Informa\u021bii cu caracter personal<\/b>&#8221; sunt orice informa\u021bii furnizate ca informa\u021bii de \u00eenregistrare care v\u0103 permit s\u0103 fi\u021bi identificat ca persoan\u0103 fizic\u0103 angajat\u0103 sau reprezent\u00e2nd \u00een alt mod Utilizatorul, cum ar fi numele, data na\u0219terii, adresa de e-mail, adresa po\u0219tal\u0103 \u0219i num\u0103rul de telefon.<\/p>\n<p><b>Colectarea \u0219i utilizarea informa\u021biilor cu caracter personal<\/b><br \/><b>Privil\u00e8ge L\u00e9gal<\/b> colecteaz\u0103 informa\u021biile dvs. personale pentru a \u00eentocmi un dosar despre utilizator \u0219i pentru a-l servi mai bine. Pute\u021bi vizita pagina noastr\u0103 principal\u0103 sau pute\u021bi naviga pe site-ul web f\u0103r\u0103 ca informa\u021biile dvs. personale s\u0103 fie colectate sau utilizate. Privil\u00e8ge L\u00e9gal colecteaz\u0103 informa\u021biile dvs. personale numai dac\u0103 le furniza\u021bi \u00een mod voluntar.<\/p>\n<p>Privil\u00e8ge L\u00e9gal utilizeaz\u0103 informa\u021biile dvs. personale pentru a v\u0103 contacta \u00een cadrul contractului de servicii dintre <b>Privil\u00e8ge L\u00e9gal<\/b> \u0219i utilizator, dac\u0103 este cazul.<\/p>\n<p><b>&#8222;Cookie-uri&#8221;<\/p>\n<p><\/b><\/p>\n<p>Site-ul web Privil\u00e8ge L\u00e9gal poate plasa \u0219i\/sau primi automat anumite informa\u021bii de la browserul dvs. web, cum ar fi adresa IP, pagina pe care a\u021bi vizitat-o sau a\u021bi vizualizat-o \u0219i informa\u021bii similare din <b>cookie-urile<\/b> plasate anterior pe computerul dvs. Aceste informa\u021bii nu sunt identificabile personal \u0219i pot fi stocate pe serverul nostru \u00een scopuri de analiz\u0103 pentru a ne permite s\u0103 servim mai bine vizitatorii site-ului web.<\/p>\n<p>D<b>ivulgarea informa\u021biilor cu caracter personal<\/b><br \/>Privil\u00e8ge L\u00e9gal nu vinde \u0219i nu divulg\u0103 informa\u021biile dvs. cu caracter personal unor ter\u021bi independen\u021bi f\u0103r\u0103 acordul dvs., cu excep\u021bia urm\u0103toarelor cazuri specifice:<\/p>\n<p>Informa\u021biile dumneavoastr\u0103 personale pot fi, ocazional, comunicate unor ter\u021bi pentru a ne conforma legii sau la cererea unor organisme guvernamentale, sau \u00een cazul \u00een care Privil\u00e8ge L\u00e9gal este supus unei v\u00e2nz\u0103ri, unei fuziuni, unei reorganiz\u0103ri, unei dizolv\u0103ri sau unei alte opera\u021biuni comparabile;<\/p>\n<p>\u00cen scopuri de marketing, Privil\u00e8ge L\u00e9gal poate partaja informa\u021biile dumneavoastr\u0103 cu afilia\u021bii s\u0103i.<\/p>\n<p>Numai angaja\u021bii care au nevoie de informa\u021biile dumneavoastr\u0103 personale pentru a-\u0219i \u00eendeplini func\u021biile \u00een leg\u0103tur\u0103 cu scopurile men\u021bionate mai sus au acces la acestea. Ace\u0219ti angaja\u021bi sunt obliga\u021bi s\u0103 respecte confiden\u021bialitatea acestor informa\u021bii \u0219i s\u0103 le trateze \u00een mod responsabil, \u00een conformitate cu legea \u0219i cu prezenta politic\u0103.<\/p>\n<p>Informa\u021bii confiden\u021biale ale utilizatorului<\/p>\n<p>Pe l\u00e2ng\u0103 informa\u021biile de \u00eenregistrare, Utilizatorul va trebui s\u0103 ofere informa\u021bii confiden\u021biale \u00een cadrul Contractului de servicii. Aceste informa\u021bii sunt denumite<b>&#8222;Informa\u021bii Confiden\u021biale ale Utilizatorului<\/b>&#8221; \u00een contractul de servicii. Confiden\u021bialitatea Informa\u021biilor Confiden\u021biale ale Utilizatorului este protejat\u0103 \u00een conformitate cu termenii contractului de servicii.<\/p>\n<p>L<b>ink-uri<\/b><br \/>Privil\u00e8ge L\u00e9gal poate afi\u0219a pe site-ul web o serie de link-uri c\u0103tre site-uri web ter\u021be.<\/p>\n<p><span style=\"color: var( --e-global-color-text ); font-family: var( --e-global-typography-text-font-family ), Sans-serif; font-size: var( --e-global-typography-text-font-size ); font-style: var( --e-global-typography-text-font-style ); font-weight: var( --e-global-typography-text-font-weight ); letter-spacing: var( --e-global-typography-text-letter-spacing ); text-transform: var( --e-global-typography-text-text-transform ); text-align: var(--text-align);\">Privil\u00e8ge L\u00e9gal nu \u00ee\u0219i asum\u0103 nicio responsabilitate pentru practicile de colectare, p\u0103strare, utilizare \u0219i dezv\u0103luire a informa\u021biilor personale ale acestor site-uri web. Privil\u00e8ge L\u00e9gal v\u0103 invit\u0103 s\u0103 consulta\u021bi politica de confiden\u021bialitate a fiec\u0103rui site web pe care \u00eel vizita\u021bi \u00eenainte de a furniza acestor site-uri web orice informa\u021bii personale care v-ar putea identifica.<\/span><\/p>\n<p><span style=\"color: var( --e-global-color-text ); font-family: var( --e-global-typography-text-font-family ), Sans-serif; font-size: var( --e-global-typography-text-font-size ); font-style: var( --e-global-typography-text-font-style ); letter-spacing: var( --e-global-typography-text-letter-spacing ); text-transform: var( --e-global-typography-text-text-transform ); text-align: var(--text-align);\"><b>Accesul la informa\u021biile dvs. personale \u0219i reclama\u021biile<\/b><br \/><\/span>Sub rezerva restric\u021biilor legale aplicabile, ave\u021bi dreptul s\u0103 v\u0103 consulta\u021bi dosarul \u0219i s\u0103 v\u0103 rectifica\u021bi informa\u021biile personale trimi\u021b\u00e2nd o cerere scris\u0103 c\u0103tre Privil\u00e8ge L\u00e9gal.<\/p>\n<p><b>Privil\u00e8ge L\u00e9gal<\/b> depune eforturi rezonabile s\u0103 asigure actualizarea, exactitatea \u0219i integritatea informa\u021biilor dumneavoastr\u0103 personale. Cu toate acestea, este responsabilitatea dumneavoastr\u0103 s\u0103 ne informa\u021bi cu promptitudine despre orice schimbare de nume, adres\u0103 sau orice alt\u0103 modificare relevant\u0103 a informa\u021biilor dumneavoastr\u0103 personale.<\/p>\n<p>Dac\u0103 ave\u021bi o pl\u00e2ngere sau o \u00eengrijorare cu privire la informa\u021biile dvs. personale sau la aceast\u0103 <b>Politic\u0103<\/b>, v\u0103 \u00eencuraj\u0103m s\u0103 contacta\u021bi Privil\u00e8ge L\u00e9gal.<\/p>\n<p>Pentru orice solicitare scris\u0103 sau pentru informa\u021bii cu privire la prezenta Politic\u0103, pute\u021bi contacta persoana responsabil\u0103 cu informa\u021biile cu caracter personal de la Privil\u00e8ge L\u00e9gal la urm\u0103toarele date de contact:<\/p>\n<p>Prin po\u0219t\u0103: Privil\u00e8ge L\u00e9gal, sencrl, 220-5475, strada Par\u00e9, Mont-Royal (Qu\u00e9bec) H4P 1P7<br \/>Prin e-mail: info@privilegelegal.com<\/p>\n<p>M<b>odific\u0103ri ale acestei politici<\/b><br \/>Privil\u00e8ge L\u00e9gal \u00ee\u0219i rezerv\u0103 dreptul de a modifica aceast\u0103 politic\u0103 \u00een orice moment. \u00cen acest scop, Privil\u00e8ge L\u00e9gal v\u0103 \u00eencurajeaz\u0103 s\u0103 consulta\u021bi \u00een mod regulat site-ul s\u0103u web pentru a vizualiza cea mai recent\u0103 versiune.<\/p>\n<p>Cea mai recent\u0103 actualizare a acestei politici a fost publicat\u0103 \u00een ianuarie 2024.<\/p>\n\t\t\t\t\t\t\t\t<\/div>\n\t\t\t\t<\/div>\n\t\t\t\t\t<\/div>\n\t\t\t\t<\/div>\n\t\t\t\t<\/div>\n\t\t","protected":false},"excerpt":{"rendered":"<p>Politica de confiden\u021bialitate Realiza\u021bi-va ambi\u021biiledincolo de frontiere. POLITICA DE CONFIDEN\u021aIALITATE \u0218I DE PROTEC\u021aIE A INFORMA\u021aIILOR PERSONALE Prezenta politic\u0103 de confiden\u021bialitate \u0219i de protec\u021bie a vie\u021bii private (&#8222;Politica&#8222;) descrie politicile \u0219i practicile Privil\u00e8ge L\u00e9gal, sencrl (&#8222;Privil\u00e8ge L\u00e9gal&#8222;) cu privire la informa\u021biile personale pe care Privil\u00e8ge L\u00e9gal le colecteaz\u0103 despre dumneavoastr\u0103 (&#8222;dumneavoastr\u0103&#8222;). Atunci c\u00e2nd utiliza\u021bi site-ul web [&hellip;]<\/p>\n","protected":false},"author":3,"featured_media":0,"parent":0,"menu_order":0,"comment_status":"closed","ping_status":"closed","template":"","meta":{"footnotes":""},"class_list":["post-1144","page","type-page","status-publish","hentry"],"yoast_head":"<!-- This site is optimized with the Yoast SEO plugin v27.4 - https:\/\/yoast.com\/product\/yoast-seo-wordpress\/ -->\n<title>Politica de confiden\u021bialitate - Privil\u00e8ge L\u00e9gal sencrl<\/title>\n<meta name=\"description\" content=\"Descoperi\u021bi politica noastr\u0103 de confiden\u021bialitate referitoare la utilizarea site-ului Privil\u00e8ge L\u00e9gal \u00een leg\u0103tur\u0103 cu datele personale.\" \/>\n<meta name=\"robots\" content=\"index, follow, max-snippet:-1, max-image-preview:large, max-video-preview:-1\" \/>\n<link rel=\"canonical\" href=\"https:\/\/privilegelegal.com\/ro\/politica-de-confidentialitate\/\" \/>\n<meta property=\"og:locale\" content=\"ro_RO\" \/>\n<meta property=\"og:type\" content=\"article\" \/>\n<meta property=\"og:title\" content=\"Politica de confiden\u021bialitate - Privil\u00e8ge L\u00e9gal sencrl\" \/>\n<meta property=\"og:description\" content=\"Descoperi\u021bi politica noastr\u0103 de confiden\u021bialitate referitoare la utilizarea site-ului Privil\u00e8ge L\u00e9gal \u00een leg\u0103tur\u0103 cu datele personale.\" \/>\n<meta property=\"og:url\" content=\"https:\/\/privilegelegal.com\/ro\/politica-de-confidentialitate\/\" \/>\n<meta property=\"og:site_name\" content=\"Privil\u00e8ge L\u00e9gal sencrl\" \/>\n<meta property=\"article:modified_time\" content=\"2024-11-06T17:39:57+00:00\" \/>\n<meta name=\"twitter:card\" content=\"summary_large_image\" \/>\n<meta name=\"twitter:label1\" content=\"Timp estimat pentru citire\" \/>\n\t<meta name=\"twitter:data1\" content=\"5 minute\" \/>\n<script type=\"application\/ld+json\" class=\"yoast-schema-graph\">{\"@context\":\"https:\\\/\\\/schema.org\",\"@graph\":[{\"@type\":\"WebPage\",\"@id\":\"https:\\\/\\\/privilegelegal.com\\\/ro\\\/politica-de-confidentialitate\\\/\",\"url\":\"https:\\\/\\\/privilegelegal.com\\\/ro\\\/politica-de-confidentialitate\\\/\",\"name\":\"Politica de confiden\u021bialitate - Privil\u00e8ge L\u00e9gal sencrl\",\"isPartOf\":{\"@id\":\"https:\\\/\\\/privilegelegal.com\\\/ro\\\/#website\"},\"datePublished\":\"2023-11-23T20:25:48+00:00\",\"dateModified\":\"2024-11-06T17:39:57+00:00\",\"description\":\"Descoperi\u021bi politica noastr\u0103 de confiden\u021bialitate referitoare la utilizarea site-ului Privil\u00e8ge L\u00e9gal \u00een leg\u0103tur\u0103 cu datele personale.\",\"breadcrumb\":{\"@id\":\"https:\\\/\\\/privilegelegal.com\\\/ro\\\/politica-de-confidentialitate\\\/#breadcrumb\"},\"inLanguage\":\"ro-RO\",\"potentialAction\":[{\"@type\":\"ReadAction\",\"target\":[\"https:\\\/\\\/privilegelegal.com\\\/ro\\\/politica-de-confidentialitate\\\/\"]}]},{\"@type\":\"BreadcrumbList\",\"@id\":\"https:\\\/\\\/privilegelegal.com\\\/ro\\\/politica-de-confidentialitate\\\/#breadcrumb\",\"itemListElement\":[{\"@type\":\"ListItem\",\"position\":1,\"name\":\"Accueil\",\"item\":\"https:\\\/\\\/privilegelegal.com\\\/ro\\\/confidentialitate-juridica-sencrl\\\/\"},{\"@type\":\"ListItem\",\"position\":2,\"name\":\"Politica de confiden\u021bialitate\"}]},{\"@type\":\"WebSite\",\"@id\":\"https:\\\/\\\/privilegelegal.com\\\/ro\\\/#website\",\"url\":\"https:\\\/\\\/privilegelegal.com\\\/ro\\\/\",\"name\":\"Privil\u00e8ge L\u00e9gal sencrl\",\"description\":\"R\u00e9alisez vos ambitions au-del\u00e0 des fronti\u00e8res.\",\"potentialAction\":[{\"@type\":\"SearchAction\",\"target\":{\"@type\":\"EntryPoint\",\"urlTemplate\":\"https:\\\/\\\/privilegelegal.com\\\/ro\\\/?s={search_term_string}\"},\"query-input\":{\"@type\":\"PropertyValueSpecification\",\"valueRequired\":true,\"valueName\":\"search_term_string\"}}],\"inLanguage\":\"ro-RO\"}]}<\/script>\n<!-- \/ Yoast SEO plugin. -->","yoast_head_json":{"title":"Politica de confiden\u021bialitate - Privil\u00e8ge L\u00e9gal sencrl","description":"Descoperi\u021bi politica noastr\u0103 de confiden\u021bialitate referitoare la utilizarea site-ului Privil\u00e8ge L\u00e9gal \u00een leg\u0103tur\u0103 cu datele personale.","robots":{"index":"index","follow":"follow","max-snippet":"max-snippet:-1","max-image-preview":"max-image-preview:large","max-video-preview":"max-video-preview:-1"},"canonical":"https:\/\/privilegelegal.com\/ro\/politica-de-confidentialitate\/","og_locale":"ro_RO","og_type":"article","og_title":"Politica de confiden\u021bialitate - Privil\u00e8ge L\u00e9gal sencrl","og_description":"Descoperi\u021bi politica noastr\u0103 de confiden\u021bialitate referitoare la utilizarea site-ului Privil\u00e8ge L\u00e9gal \u00een leg\u0103tur\u0103 cu datele personale.","og_url":"https:\/\/privilegelegal.com\/ro\/politica-de-confidentialitate\/","og_site_name":"Privil\u00e8ge L\u00e9gal sencrl","article_modified_time":"2024-11-06T17:39:57+00:00","twitter_card":"summary_large_image","twitter_misc":{"Timp estimat pentru citire":"5 minute"},"schema":{"@context":"https:\/\/schema.org","@graph":[{"@type":"WebPage","@id":"https:\/\/privilegelegal.com\/ro\/politica-de-confidentialitate\/","url":"https:\/\/privilegelegal.com\/ro\/politica-de-confidentialitate\/","name":"Politica de confiden\u021bialitate - Privil\u00e8ge L\u00e9gal sencrl","isPartOf":{"@id":"https:\/\/privilegelegal.com\/ro\/#website"},"datePublished":"2023-11-23T20:25:48+00:00","dateModified":"2024-11-06T17:39:57+00:00","description":"Descoperi\u021bi politica noastr\u0103 de confiden\u021bialitate referitoare la utilizarea site-ului Privil\u00e8ge L\u00e9gal \u00een leg\u0103tur\u0103 cu datele personale.","breadcrumb":{"@id":"https:\/\/privilegelegal.com\/ro\/politica-de-confidentialitate\/#breadcrumb"},"inLanguage":"ro-RO","potentialAction":[{"@type":"ReadAction","target":["https:\/\/privilegelegal.com\/ro\/politica-de-confidentialitate\/"]}]},{"@type":"BreadcrumbList","@id":"https:\/\/privilegelegal.com\/ro\/politica-de-confidentialitate\/#breadcrumb","itemListElement":[{"@type":"ListItem","position":1,"name":"Accueil","item":"https:\/\/privilegelegal.com\/ro\/confidentialitate-juridica-sencrl\/"},{"@type":"ListItem","position":2,"name":"Politica de confiden\u021bialitate"}]},{"@type":"WebSite","@id":"https:\/\/privilegelegal.com\/ro\/#website","url":"https:\/\/privilegelegal.com\/ro\/","name":"Privil\u00e8ge L\u00e9gal sencrl","description":"R\u00e9alisez vos ambitions au-del\u00e0 des fronti\u00e8res.","potentialAction":[{"@type":"SearchAction","target":{"@type":"EntryPoint","urlTemplate":"https:\/\/privilegelegal.com\/ro\/?s={search_term_string}"},"query-input":{"@type":"PropertyValueSpecification","valueRequired":true,"valueName":"search_term_string"}}],"inLanguage":"ro-RO"}]}},"_links":{"self":[{"href":"https:\/\/privilegelegal.com\/ro\/wp-json\/wp\/v2\/pages\/1144","targetHints":{"allow":["GET"]}}],"collection":[{"href":"https:\/\/privilegelegal.com\/ro\/wp-json\/wp\/v2\/pages"}],"about":[{"href":"https:\/\/privilegelegal.com\/ro\/wp-json\/wp\/v2\/types\/page"}],"author":[{"embeddable":true,"href":"https:\/\/privilegelegal.com\/ro\/wp-json\/wp\/v2\/users\/3"}],"replies":[{"embeddable":true,"href":"https:\/\/privilegelegal.com\/ro\/wp-json\/wp\/v2\/comments?post=1144"}],"version-history":[{"count":12,"href":"https:\/\/privilegelegal.com\/ro\/wp-json\/wp\/v2\/pages\/1144\/revisions"}],"predecessor-version":[{"id":1678,"href":"https:\/\/privilegelegal.com\/ro\/wp-json\/wp\/v2\/pages\/1144\/revisions\/1678"}],"wp:attachment":[{"href":"https:\/\/privilegelegal.com\/ro\/wp-json\/wp\/v2\/media?parent=1144"}],"curies":[{"name":"wp","href":"https:\/\/api.w.org\/{rel}","templated":true}]}}