{"id":1140,"date":"2023-12-22T22:42:59","date_gmt":"2023-12-22T22:42:59","guid":{"rendered":"https:\/\/privilegelegal.com\/despre-noi\/houda-bougottaya\/"},"modified":"2024-11-06T17:12:11","modified_gmt":"2024-11-06T17:12:11","slug":"houda-bougottaya","status":"publish","type":"page","link":"https:\/\/privilegelegal.com\/ro\/despre-noi\/houda-bougottaya\/","title":{"rendered":"Houda Bougottaya"},"content":{"rendered":"\t\t<div data-elementor-type=\"wp-page\" data-elementor-id=\"1140\" class=\"elementor elementor-1140 elementor-586\" data-elementor-post-type=\"page\">\n\t\t\t\t<div class=\"elementor-element elementor-element-2199016 e-con-full e-flex e-con e-parent\" data-id=\"2199016\" data-element_type=\"container\" data-e-type=\"container\" data-settings=\"{&quot;background_background&quot;:&quot;classic&quot;}\">\n\t\t<div class=\"elementor-element elementor-element-3745a85 e-flex e-con-boxed e-con e-child\" data-id=\"3745a85\" data-element_type=\"container\" data-e-type=\"container\">\n\t\t\t\t\t<div class=\"e-con-inner\">\n\t\t<div class=\"elementor-element elementor-element-afa0737 e-con-full e-flex e-con e-child\" data-id=\"afa0737\" data-element_type=\"container\" data-e-type=\"container\">\n\t\t\t\t<div class=\"elementor-element elementor-element-0328bd3 elementor-invisible elementor-widget elementor-widget-heading\" data-id=\"0328bd3\" data-element_type=\"widget\" data-e-type=\"widget\" data-settings=\"{&quot;_animation&quot;:&quot;fadeIn&quot;}\" data-widget_type=\"heading.default\">\n\t\t\t\t<div class=\"elementor-widget-container\">\n\t\t\t\t\t<h1 class=\"elementor-heading-title elementor-size-default\">Houda Bougottaya<\/h1>\t\t\t\t<\/div>\n\t\t\t\t<\/div>\n\t\t\t\t<\/div>\n\t\t<div class=\"elementor-element elementor-element-f5c134b e-flex e-con-boxed e-con e-child\" data-id=\"f5c134b\" data-element_type=\"container\" data-e-type=\"container\">\n\t\t\t\t\t<div class=\"e-con-inner\">\n\t\t\t\t<div class=\"elementor-element elementor-element-3398a18 elementor-widget elementor-widget-heading\" data-id=\"3398a18\" data-element_type=\"widget\" data-e-type=\"widget\" data-widget_type=\"heading.default\">\n\t\t\t\t<div class=\"elementor-widget-container\">\n\t\t\t\t\t<h2 class=\"elementor-heading-title elementor-size-default\"><br>Realiza\u021bi-va ambi\u021biile dincolo de grani\u021be.<\/h2>\t\t\t\t<\/div>\n\t\t\t\t<\/div>\n\t\t\t\t\t<\/div>\n\t\t\t\t<\/div>\n\t\t\t\t\t<\/div>\n\t\t\t\t<\/div>\n\t\t\t\t<\/div>\n\t\t<div class=\"elementor-element elementor-element-93eb0b5 e-flex e-con-boxed e-con e-parent\" data-id=\"93eb0b5\" data-element_type=\"container\" data-e-type=\"container\">\n\t\t\t\t\t<div class=\"e-con-inner\">\n\t\t<div class=\"elementor-element elementor-element-31ada56 e-con-full e-flex e-con e-child\" data-id=\"31ada56\" data-element_type=\"container\" data-e-type=\"container\">\n\t\t\t\t<div class=\"elementor-element elementor-element-9471046 elementor-widget elementor-widget-image\" data-id=\"9471046\" data-element_type=\"widget\" data-e-type=\"widget\" data-widget_type=\"image.default\">\n\t\t\t\t<div class=\"elementor-widget-container\">\n\t\t\t\t\t\t\t\t\t\t\t\t\t\t\t<img fetchpriority=\"high\" decoding=\"async\" width=\"667\" height=\"1000\" src=\"https:\/\/privilegelegal.com\/wp-content\/uploads\/2023\/12\/Mme_Houda_Bougottaya.webp\" class=\"attachment-full size-full wp-image-443\" alt=\"\" srcset=\"https:\/\/privilegelegal.com\/wp-content\/uploads\/2023\/12\/Mme_Houda_Bougottaya.webp 667w, https:\/\/privilegelegal.com\/wp-content\/uploads\/2023\/12\/Mme_Houda_Bougottaya-200x300.webp 200w\" sizes=\"(max-width: 667px) 100vw, 667px\" \/>\t\t\t\t\t\t\t\t\t\t\t\t\t\t\t<\/div>\n\t\t\t\t<\/div>\n\t\t\t\t<div class=\"elementor-element elementor-element-c287a0c elementor-shape-rounded elementor-grid-0 e-grid-align-center elementor-widget elementor-widget-social-icons\" data-id=\"c287a0c\" data-element_type=\"widget\" data-e-type=\"widget\" data-widget_type=\"social-icons.default\">\n\t\t\t\t<div class=\"elementor-widget-container\">\n\t\t\t\t\t\t\t<div class=\"elementor-social-icons-wrapper elementor-grid\" role=\"list\">\n\t\t\t\t\t\t\t<span class=\"elementor-grid-item\" role=\"listitem\">\n\t\t\t\t\t<a class=\"elementor-icon elementor-social-icon elementor-social-icon-linkedin elementor-animation-pulse-grow elementor-repeater-item-4e561b6\" href=\"#\" target=\"_blank\">\n\t\t\t\t\t\t<span class=\"elementor-screen-only\">Linkedin<\/span>\n\t\t\t\t\t\t<svg aria-hidden=\"true\" class=\"e-font-icon-svg e-fab-linkedin\" viewBox=\"0 0 448 512\" xmlns=\"http:\/\/www.w3.org\/2000\/svg\"><path d=\"M416 32H31.9C14.3 32 0 46.5 0 64.3v383.4C0 465.5 14.3 480 31.9 480H416c17.6 0 32-14.5 32-32.3V64.3c0-17.8-14.4-32.3-32-32.3zM135.4 416H69V202.2h66.5V416zm-33.2-243c-21.3 0-38.5-17.3-38.5-38.5S80.9 96 102.2 96c21.2 0 38.5 17.3 38.5 38.5 0 21.3-17.2 38.5-38.5 38.5zm282.1 243h-66.4V312c0-24.8-.5-56.7-34.5-56.7-34.6 0-39.9 27-39.9 54.9V416h-66.4V202.2h63.7v29.2h.9c8.9-16.8 30.6-34.5 62.9-34.5 67.2 0 79.7 44.3 79.7 101.9V416z\"><\/path><\/svg>\t\t\t\t\t<\/a>\n\t\t\t\t<\/span>\n\t\t\t\t\t\t\t<span class=\"elementor-grid-item\" role=\"listitem\">\n\t\t\t\t\t<a class=\"elementor-icon elementor-social-icon elementor-social-icon-envelope elementor-animation-pulse-grow elementor-repeater-item-c83325b\" href=\"mailto:h.bougottaya@privilegelegal.com\" target=\"_blank\">\n\t\t\t\t\t\t<span class=\"elementor-screen-only\">Envelope<\/span>\n\t\t\t\t\t\t<svg aria-hidden=\"true\" class=\"e-font-icon-svg e-fas-envelope\" viewBox=\"0 0 512 512\" xmlns=\"http:\/\/www.w3.org\/2000\/svg\"><path d=\"M502.3 190.8c3.9-3.1 9.7-.2 9.7 4.7V400c0 26.5-21.5 48-48 48H48c-26.5 0-48-21.5-48-48V195.6c0-5 5.7-7.8 9.7-4.7 22.4 17.4 52.1 39.5 154.1 113.6 21.1 15.4 56.7 47.8 92.2 47.6 35.7.3 72-32.8 92.3-47.6 102-74.1 131.6-96.3 154-113.7zM256 320c23.2.4 56.6-29.2 73.4-41.4 132.7-96.3 142.8-104.7 173.4-128.7 5.8-4.5 9.2-11.5 9.2-18.9v-19c0-26.5-21.5-48-48-48H48C21.5 64 0 85.5 0 112v19c0 7.4 3.4 14.3 9.2 18.9 30.6 23.9 40.7 32.4 173.4 128.7 16.8 12.2 50.2 41.8 73.4 41.4z\"><\/path><\/svg>\t\t\t\t\t<\/a>\n\t\t\t\t<\/span>\n\t\t\t\t\t<\/div>\n\t\t\t\t\t\t<\/div>\n\t\t\t\t<\/div>\n\t\t\t\t<div class=\"elementor-element elementor-element-b707e9c elementor-widget elementor-widget-text-editor\" data-id=\"b707e9c\" data-element_type=\"widget\" data-e-type=\"widget\" data-widget_type=\"text-editor.default\">\n\t\t\t\t<div class=\"elementor-widget-container\">\n\t\t\t\t\t\t\t\t\t<p>Houda Bougottaya | Asistent +1 (514) 736-5151 h.bougottaya@privilegelegal.com<\/p>\n\t\t\t\t\t\t\t\t<\/div>\n\t\t\t\t<\/div>\n\t\t\t\t<div class=\"elementor-element elementor-element-9b60c3d elementor-tablet-align-center elementor-mobile-align-center elementor-align-center elementor-invisible elementor-widget elementor-widget-button\" data-id=\"9b60c3d\" data-element_type=\"widget\" data-e-type=\"widget\" data-settings=\"{&quot;_animation&quot;:&quot;fadeIn&quot;,&quot;_animation_delay&quot;:100}\" data-widget_type=\"button.default\">\n\t\t\t\t<div class=\"elementor-widget-container\">\n\t\t\t\t\t\t\t\t\t<div class=\"elementor-button-wrapper\">\n\t\t\t\t\t<a class=\"elementor-button elementor-button-link elementor-size-sm\" href=\"https:\/\/privilegelegal.com\/ro\/contactati\/\">\n\t\t\t\t\t\t<span class=\"elementor-button-content-wrapper\">\n\t\t\t\t\t\t\t\t\t<span class=\"elementor-button-text\">Face\u021bi o programare<\/span>\n\t\t\t\t\t<\/span>\n\t\t\t\t\t<\/a>\n\t\t\t\t<\/div>\n\t\t\t\t\t\t\t\t<\/div>\n\t\t\t\t<\/div>\n\t\t\t\t<\/div>\n\t\t<div class=\"elementor-element elementor-element-7362b0b e-con-full e-flex e-con e-child\" data-id=\"7362b0b\" data-element_type=\"container\" data-e-type=\"container\">\n\t\t\t\t<div class=\"elementor-element elementor-element-51ac2e3 elementor-widget elementor-widget-heading\" data-id=\"51ac2e3\" data-element_type=\"widget\" data-e-type=\"widget\" data-widget_type=\"heading.default\">\n\t\t\t\t<div class=\"elementor-widget-container\">\n\t\t\t\t\t<h2 class=\"elementor-heading-title elementor-size-default\"><br>Houda Bougottaya, Asistent juridic \u0219i colaborator<\/h2>\t\t\t\t<\/div>\n\t\t\t\t<\/div>\n\t\t\t\t<div class=\"elementor-element elementor-element-8ba73f9 elementor-widget elementor-widget-text-editor\" data-id=\"8ba73f9\" data-element_type=\"widget\" data-e-type=\"widget\" data-widget_type=\"text-editor.default\">\n\t\t\t\t<div class=\"elementor-widget-container\">\n\t\t\t\t\t\t\t\t\t<p>Din 2006, Houda Bougottaya de\u021bine un masterat \u00een dreptul afacerilor la Facultatea de \u0218tiin\u021be Juridice, Politice \u0219i Sociale din Tunis, Tunisia. Houda este mult mai mult dec\u00e2t un avocat cu experien\u021b\u0103.<\/p>\n<p>Av\u00e2nd o carier\u0103 juridic\u0103 diversificat\u0103 \u00een Tunisia, ea \u0219i-a dezvoltat abilit\u0103\u021bile \u0219i experien\u021ba \u00een cadrul cabinetului s\u0103u din Tunis, unde a gestionat cu succes numeroase dosare \u00een drept comercial, civil, imobiliar, penal, administrativ, dar \u0219i dosare delicate \u00een dreptul familiei.\u201d Experien\u021ba sa \u00een dreptul interna\u021bional i-a permis s\u0103 dezvolte o expertiz\u0103 \u00een redactarea \u0219i negocierea contractelor pentru clien\u021bi la nivel interna\u021bional.<\/p>\n<p>Aceast\u0103 carier\u0103 remarcabil\u0103 include, de asemenea, o experien\u021b\u0103 de \u0219apte (7) ani \u00een cadrul biroului vicepre\u0219edintelui pentru finan\u021be al B\u0103ncii africane de dezvoltare. Houda aduce la Privil\u00e8ge L\u00e9gal o pasiune neclintit\u0103 pentru a face fa\u021b\u0103 noilor provoc\u0103ri, consolid\u00e2nd astfel echipa prin expertiza \u0219i dinamismul s\u0103u excep\u021bional.<\/p>\n<p>Cunoa\u0219te mai multe limbi str\u0103ine, printre care franceza, engleza \u0219i araba, ceea ce \u00eenseamn\u0103 c\u0103 aduce un plus de valoare echipei. Este de la sine \u00een\u021beles c\u0103 Houda Bougattoya este un atu incontestabil pentru Privil\u00e8ge L\u00e9gal.<\/p>\n<p>A<strong>socia\u021bii<\/strong> Membru al Baroului Tunisian (2006) Membru al Asocia\u021biei Tunisiene a Tinerilor Avoca\u021bi (ATJA)<\/p>\n<p><strong>Locuri de munc\u0103 anterioare <\/strong>Func\u021bionar public &#8211; Banca African\u0103 de Dezvoltare &#8211; Tunis, Tunisia \u0219i Abidjan, C\u00f4te d&#8217;Ivoire (2010-2017)<\/p>\n<p><strong>Studii<\/strong><br \/>Absolventa Universit\u0103\u021bii de \u0218tiin\u021be juridice, politice \u0219i sociale din Tunis (2006)<\/p>\n<p>Limbi vorbite: francez\u0103, englez\u0103 \u0219i arab\u0103<\/p>\n\t\t\t\t\t\t\t\t<\/div>\n\t\t\t\t<\/div>\n\t\t\t\t<\/div>\n\t\t\t\t\t<\/div>\n\t\t\t\t<\/div>\n\t\t<div class=\"elementor-element elementor-element-fcf65c7 e-con-full animated-slow e-flex elementor-invisible e-con e-parent\" data-id=\"fcf65c7\" data-element_type=\"container\" data-e-type=\"container\" data-settings=\"{&quot;animation&quot;:&quot;fadeInLeft&quot;,&quot;animation_delay&quot;:100}\">\n\t\t\t\t<div class=\"elementor-element elementor-element-8c6c7c7 animated-slow elementor-widget-divider--view-line elementor-invisible elementor-widget elementor-widget-divider\" data-id=\"8c6c7c7\" data-element_type=\"widget\" data-e-type=\"widget\" data-settings=\"{&quot;_animation&quot;:&quot;fadeInRight&quot;,&quot;_animation_delay&quot;:500}\" data-widget_type=\"divider.default\">\n\t\t\t\t<div class=\"elementor-widget-container\">\n\t\t\t\t\t\t\t<div class=\"elementor-divider\">\n\t\t\t<span class=\"elementor-divider-separator\">\n\t\t\t\t\t\t<\/span>\n\t\t<\/div>\n\t\t\t\t\t\t<\/div>\n\t\t\t\t<\/div>\n\t\t\t\t<div class=\"elementor-element elementor-element-3bfd289 animated-slow elementor-widget-divider--view-line elementor-invisible elementor-widget elementor-widget-divider\" data-id=\"3bfd289\" data-element_type=\"widget\" data-e-type=\"widget\" data-settings=\"{&quot;_animation&quot;:&quot;fadeInLeft&quot;,&quot;_animation_delay&quot;:500}\" data-widget_type=\"divider.default\">\n\t\t\t\t<div class=\"elementor-widget-container\">\n\t\t\t\t\t\t\t<div class=\"elementor-divider\">\n\t\t\t<span class=\"elementor-divider-separator\">\n\t\t\t\t\t\t<\/span>\n\t\t<\/div>\n\t\t\t\t\t\t<\/div>\n\t\t\t\t<\/div>\n\t\t\t\t<\/div>\n\t\t<div class=\"elementor-element elementor-element-9ec1f58 e-flex e-con-boxed e-con e-parent\" data-id=\"9ec1f58\" data-element_type=\"container\" data-e-type=\"container\" data-settings=\"{&quot;background_background&quot;:&quot;classic&quot;}\">\n\t\t\t\t\t<div class=\"e-con-inner\">\n\t\t\t\t<div class=\"elementor-element elementor-element-2f6af2b elementor-widget__width-inherit elementor-widget elementor-widget-heading\" data-id=\"2f6af2b\" data-element_type=\"widget\" data-e-type=\"widget\" data-widget_type=\"heading.default\">\n\t\t\t\t<div class=\"elementor-widget-container\">\n\t\t\t\t\t<h2 class=\"elementor-heading-title elementor-size-default\">De ce s\u0103 alege\u021bi Privil\u00e8ge L\u00e9gal?<\/h2>\t\t\t\t<\/div>\n\t\t\t\t<\/div>\n\t\t<div class=\"elementor-element elementor-element-fcadf29 e-con-full e-flex e-con e-child\" data-id=\"fcadf29\" data-element_type=\"container\" data-e-type=\"container\">\n\t\t\t\t<div class=\"elementor-element elementor-element-191f2d9 elementor-widget-tablet__width-initial elementor-widget__width-initial elementor-widget elementor-widget-icon-box\" data-id=\"191f2d9\" data-element_type=\"widget\" data-e-type=\"widget\" data-widget_type=\"icon-box.default\">\n\t\t\t\t<div class=\"elementor-widget-container\">\n\t\t\t\t\t\t\t<div class=\"elementor-icon-box-wrapper\">\n\n\t\t\t\n\t\t\t\t\t\t<div class=\"elementor-icon-box-content\">\n\n\t\t\t\t\t\t\t\t\t<h4 class=\"elementor-icon-box-title\">\n\t\t\t\t\t\t<span  >\n\t\t\t\t\t\t\tValori umane\t\t\t\t\t\t<\/span>\n\t\t\t\t\t<\/h4>\n\t\t\t\t\n\t\t\t\t\t\t\t\t\t<p class=\"elementor-icon-box-description\">\n\t\t\t\t\t\tSuntem aten\u021bi la nevoile clien\u021bilor no\u0219tri\t\t\t\t\t<\/p>\n\t\t\t\t\n\t\t\t<\/div>\n\t\t\t\n\t\t<\/div>\n\t\t\t\t\t\t<\/div>\n\t\t\t\t<\/div>\n\t\t\t\t<div class=\"elementor-element elementor-element-4903555 elementor-widget-tablet__width-initial elementor-widget__width-initial elementor-widget elementor-widget-icon-box\" data-id=\"4903555\" data-element_type=\"widget\" data-e-type=\"widget\" data-widget_type=\"icon-box.default\">\n\t\t\t\t<div class=\"elementor-widget-container\">\n\t\t\t\t\t\t\t<div class=\"elementor-icon-box-wrapper\">\n\n\t\t\t\n\t\t\t\t\t\t<div class=\"elementor-icon-box-content\">\n\n\t\t\t\t\t\t\t\t\t<h4 class=\"elementor-icon-box-title\">\n\t\t\t\t\t\t<span  >\n\t\t\t\t\t\t\t<br>5 limbi 25 de dialecte\t\t\t\t\t\t<\/span>\n\t\t\t\t\t<\/h4>\n\t\t\t\t\n\t\t\t\t\t\t\t\t\t<p class=\"elementor-icon-box-description\">\n\t\t\t\t\t\tComunic\u0103m \u00een francez\u0103, englez\u0103, arab\u0103, rom\u00e2n\u0103 \u0219i rus\u0103.\t\t\t\t\t<\/p>\n\t\t\t\t\n\t\t\t<\/div>\n\t\t\t\n\t\t<\/div>\n\t\t\t\t\t\t<\/div>\n\t\t\t\t<\/div>\n\t\t\t\t<div class=\"elementor-element elementor-element-0b5932b elementor-widget-tablet__width-initial elementor-widget__width-initial elementor-widget elementor-widget-icon-box\" data-id=\"0b5932b\" data-element_type=\"widget\" data-e-type=\"widget\" data-widget_type=\"icon-box.default\">\n\t\t\t\t<div class=\"elementor-widget-container\">\n\t\t\t\t\t\t\t<div class=\"elementor-icon-box-wrapper\">\n\n\t\t\t\n\t\t\t\t\t\t<div class=\"elementor-icon-box-content\">\n\n\t\t\t\t\t\t\t\t\t<h4 class=\"elementor-icon-box-title\">\n\t\t\t\t\t\t<span  >\n\t\t\t\t\t\t\tReprezentare interna\u021bional\u0103\t\t\t\t\t\t<\/span>\n\t\t\t\t\t<\/h4>\n\t\t\t\t\n\t\t\t\t\t\t\t\t\t<p class=\"elementor-icon-box-description\">\n\t\t\t\t\t\tDeservim clien\u021bi din \u00eentreaga lume.\t\t\t\t\t<\/p>\n\t\t\t\t\n\t\t\t<\/div>\n\t\t\t\n\t\t<\/div>\n\t\t\t\t\t\t<\/div>\n\t\t\t\t<\/div>\n\t\t\t\t<\/div>\n\t\t\t\t\t<\/div>\n\t\t\t\t<\/div>\n\t\t\t\t<\/div>\n\t\t","protected":false},"excerpt":{"rendered":"<p>Houda Bougottaya Realiza\u021bi-va ambi\u021biile dincolo de grani\u021be. Linkedin Envelope Houda Bougottaya | Asistent +1 (514) 736-5151 h.bougottaya@privilegelegal.com Face\u021bi o programare Houda Bougottaya, Asistent juridic \u0219i colaborator Din 2006, Houda Bougottaya de\u021bine un masterat \u00een dreptul afacerilor la Facultatea de \u0218tiin\u021be Juridice, Politice \u0219i Sociale din Tunis, Tunisia. Houda este mult mai mult dec\u00e2t un avocat [&hellip;]<\/p>\n","protected":false},"author":3,"featured_media":0,"parent":1118,"menu_order":0,"comment_status":"closed","ping_status":"closed","template":"","meta":{"footnotes":""},"class_list":["post-1140","page","type-page","status-publish","hentry"],"yoast_head":"<!-- This site is optimized with the Yoast SEO plugin v27.4 - https:\/\/yoast.com\/product\/yoast-seo-wordpress\/ -->\n<title>Houda Bougottaya - Privil\u00e8ge L\u00e9gal sencrl<\/title>\n<meta name=\"description\" content=\"Houda Bougottaya de\u021bine un masterat \u00een dreptul afacerilor la Facultatea de \u0218tiin\u021be Juridice, Politice \u0219i Sociale din Tunisia.\" \/>\n<meta name=\"robots\" content=\"index, follow, max-snippet:-1, max-image-preview:large, max-video-preview:-1\" \/>\n<link rel=\"canonical\" href=\"https:\/\/privilegelegal.com\/ro\/despre-noi\/houda-bougottaya\/\" \/>\n<meta property=\"og:locale\" content=\"ro_RO\" \/>\n<meta property=\"og:type\" content=\"article\" \/>\n<meta property=\"og:title\" content=\"Houda Bougottaya - Privil\u00e8ge L\u00e9gal sencrl\" \/>\n<meta property=\"og:description\" content=\"Houda Bougottaya de\u021bine un masterat \u00een dreptul afacerilor la Facultatea de \u0218tiin\u021be Juridice, Politice \u0219i Sociale din Tunisia.\" \/>\n<meta property=\"og:url\" content=\"https:\/\/privilegelegal.com\/ro\/despre-noi\/houda-bougottaya\/\" \/>\n<meta property=\"og:site_name\" content=\"Privil\u00e8ge L\u00e9gal sencrl\" \/>\n<meta property=\"article:modified_time\" content=\"2024-11-06T17:12:11+00:00\" \/>\n<meta property=\"og:image\" content=\"https:\/\/privilegelegal.com\/wp-content\/uploads\/2023\/12\/Mme_Houda_Bougottaya.webp\" \/>\n\t<meta property=\"og:image:width\" content=\"667\" \/>\n\t<meta property=\"og:image:height\" content=\"1000\" \/>\n\t<meta property=\"og:image:type\" content=\"image\/webp\" \/>\n<meta name=\"twitter:card\" content=\"summary_large_image\" \/>\n<meta name=\"twitter:label1\" content=\"Timp estimat pentru citire\" \/>\n\t<meta name=\"twitter:data1\" content=\"2 minute\" \/>\n<script type=\"application\/ld+json\" class=\"yoast-schema-graph\">{\"@context\":\"https:\\\/\\\/schema.org\",\"@graph\":[{\"@type\":\"WebPage\",\"@id\":\"https:\\\/\\\/privilegelegal.com\\\/ro\\\/despre-noi\\\/houda-bougottaya\\\/\",\"url\":\"https:\\\/\\\/privilegelegal.com\\\/ro\\\/despre-noi\\\/houda-bougottaya\\\/\",\"name\":\"Houda Bougottaya - Privil\u00e8ge L\u00e9gal sencrl\",\"isPartOf\":{\"@id\":\"https:\\\/\\\/privilegelegal.com\\\/ro\\\/#website\"},\"primaryImageOfPage\":{\"@id\":\"https:\\\/\\\/privilegelegal.com\\\/ro\\\/despre-noi\\\/houda-bougottaya\\\/#primaryimage\"},\"image\":{\"@id\":\"https:\\\/\\\/privilegelegal.com\\\/ro\\\/despre-noi\\\/houda-bougottaya\\\/#primaryimage\"},\"thumbnailUrl\":\"https:\\\/\\\/privilegelegal.com\\\/wp-content\\\/uploads\\\/2023\\\/12\\\/Mme_Houda_Bougottaya.webp\",\"datePublished\":\"2023-12-22T22:42:59+00:00\",\"dateModified\":\"2024-11-06T17:12:11+00:00\",\"description\":\"Houda Bougottaya de\u021bine un masterat \u00een dreptul afacerilor la Facultatea de \u0218tiin\u021be Juridice, Politice \u0219i Sociale din Tunisia.\",\"breadcrumb\":{\"@id\":\"https:\\\/\\\/privilegelegal.com\\\/ro\\\/despre-noi\\\/houda-bougottaya\\\/#breadcrumb\"},\"inLanguage\":\"ro-RO\",\"potentialAction\":[{\"@type\":\"ReadAction\",\"target\":[\"https:\\\/\\\/privilegelegal.com\\\/ro\\\/despre-noi\\\/houda-bougottaya\\\/\"]}]},{\"@type\":\"ImageObject\",\"inLanguage\":\"ro-RO\",\"@id\":\"https:\\\/\\\/privilegelegal.com\\\/ro\\\/despre-noi\\\/houda-bougottaya\\\/#primaryimage\",\"url\":\"https:\\\/\\\/privilegelegal.com\\\/wp-content\\\/uploads\\\/2023\\\/12\\\/Mme_Houda_Bougottaya.webp\",\"contentUrl\":\"https:\\\/\\\/privilegelegal.com\\\/wp-content\\\/uploads\\\/2023\\\/12\\\/Mme_Houda_Bougottaya.webp\"},{\"@type\":\"BreadcrumbList\",\"@id\":\"https:\\\/\\\/privilegelegal.com\\\/ro\\\/despre-noi\\\/houda-bougottaya\\\/#breadcrumb\",\"itemListElement\":[{\"@type\":\"ListItem\",\"position\":1,\"name\":\"Accueil\",\"item\":\"https:\\\/\\\/privilegelegal.com\\\/ro\\\/confidentialitate-juridica-sencrl\\\/\"},{\"@type\":\"ListItem\",\"position\":2,\"name\":\"Despre noi\",\"item\":\"https:\\\/\\\/privilegelegal.com\\\/ro\\\/despre-noi\\\/\"},{\"@type\":\"ListItem\",\"position\":3,\"name\":\"Houda Bougottaya\"}]},{\"@type\":\"WebSite\",\"@id\":\"https:\\\/\\\/privilegelegal.com\\\/ro\\\/#website\",\"url\":\"https:\\\/\\\/privilegelegal.com\\\/ro\\\/\",\"name\":\"Privil\u00e8ge L\u00e9gal sencrl\",\"description\":\"R\u00e9alisez vos ambitions au-del\u00e0 des fronti\u00e8res.\",\"potentialAction\":[{\"@type\":\"SearchAction\",\"target\":{\"@type\":\"EntryPoint\",\"urlTemplate\":\"https:\\\/\\\/privilegelegal.com\\\/ro\\\/?s={search_term_string}\"},\"query-input\":{\"@type\":\"PropertyValueSpecification\",\"valueRequired\":true,\"valueName\":\"search_term_string\"}}],\"inLanguage\":\"ro-RO\"}]}<\/script>\n<!-- \/ Yoast SEO plugin. -->","yoast_head_json":{"title":"Houda Bougottaya - Privil\u00e8ge L\u00e9gal sencrl","description":"Houda Bougottaya de\u021bine un masterat \u00een dreptul afacerilor la Facultatea de \u0218tiin\u021be Juridice, Politice \u0219i Sociale din Tunisia.","robots":{"index":"index","follow":"follow","max-snippet":"max-snippet:-1","max-image-preview":"max-image-preview:large","max-video-preview":"max-video-preview:-1"},"canonical":"https:\/\/privilegelegal.com\/ro\/despre-noi\/houda-bougottaya\/","og_locale":"ro_RO","og_type":"article","og_title":"Houda Bougottaya - Privil\u00e8ge L\u00e9gal sencrl","og_description":"Houda Bougottaya de\u021bine un masterat \u00een dreptul afacerilor la Facultatea de \u0218tiin\u021be Juridice, Politice \u0219i Sociale din Tunisia.","og_url":"https:\/\/privilegelegal.com\/ro\/despre-noi\/houda-bougottaya\/","og_site_name":"Privil\u00e8ge L\u00e9gal sencrl","article_modified_time":"2024-11-06T17:12:11+00:00","og_image":[{"width":667,"height":1000,"url":"https:\/\/privilegelegal.com\/wp-content\/uploads\/2023\/12\/Mme_Houda_Bougottaya.webp","type":"image\/webp"}],"twitter_card":"summary_large_image","twitter_misc":{"Timp estimat pentru citire":"2 minute"},"schema":{"@context":"https:\/\/schema.org","@graph":[{"@type":"WebPage","@id":"https:\/\/privilegelegal.com\/ro\/despre-noi\/houda-bougottaya\/","url":"https:\/\/privilegelegal.com\/ro\/despre-noi\/houda-bougottaya\/","name":"Houda Bougottaya - Privil\u00e8ge L\u00e9gal sencrl","isPartOf":{"@id":"https:\/\/privilegelegal.com\/ro\/#website"},"primaryImageOfPage":{"@id":"https:\/\/privilegelegal.com\/ro\/despre-noi\/houda-bougottaya\/#primaryimage"},"image":{"@id":"https:\/\/privilegelegal.com\/ro\/despre-noi\/houda-bougottaya\/#primaryimage"},"thumbnailUrl":"https:\/\/privilegelegal.com\/wp-content\/uploads\/2023\/12\/Mme_Houda_Bougottaya.webp","datePublished":"2023-12-22T22:42:59+00:00","dateModified":"2024-11-06T17:12:11+00:00","description":"Houda Bougottaya de\u021bine un masterat \u00een dreptul afacerilor la Facultatea de \u0218tiin\u021be Juridice, Politice \u0219i Sociale din Tunisia.","breadcrumb":{"@id":"https:\/\/privilegelegal.com\/ro\/despre-noi\/houda-bougottaya\/#breadcrumb"},"inLanguage":"ro-RO","potentialAction":[{"@type":"ReadAction","target":["https:\/\/privilegelegal.com\/ro\/despre-noi\/houda-bougottaya\/"]}]},{"@type":"ImageObject","inLanguage":"ro-RO","@id":"https:\/\/privilegelegal.com\/ro\/despre-noi\/houda-bougottaya\/#primaryimage","url":"https:\/\/privilegelegal.com\/wp-content\/uploads\/2023\/12\/Mme_Houda_Bougottaya.webp","contentUrl":"https:\/\/privilegelegal.com\/wp-content\/uploads\/2023\/12\/Mme_Houda_Bougottaya.webp"},{"@type":"BreadcrumbList","@id":"https:\/\/privilegelegal.com\/ro\/despre-noi\/houda-bougottaya\/#breadcrumb","itemListElement":[{"@type":"ListItem","position":1,"name":"Accueil","item":"https:\/\/privilegelegal.com\/ro\/confidentialitate-juridica-sencrl\/"},{"@type":"ListItem","position":2,"name":"Despre noi","item":"https:\/\/privilegelegal.com\/ro\/despre-noi\/"},{"@type":"ListItem","position":3,"name":"Houda Bougottaya"}]},{"@type":"WebSite","@id":"https:\/\/privilegelegal.com\/ro\/#website","url":"https:\/\/privilegelegal.com\/ro\/","name":"Privil\u00e8ge L\u00e9gal sencrl","description":"R\u00e9alisez vos ambitions au-del\u00e0 des fronti\u00e8res.","potentialAction":[{"@type":"SearchAction","target":{"@type":"EntryPoint","urlTemplate":"https:\/\/privilegelegal.com\/ro\/?s={search_term_string}"},"query-input":{"@type":"PropertyValueSpecification","valueRequired":true,"valueName":"search_term_string"}}],"inLanguage":"ro-RO"}]}},"_links":{"self":[{"href":"https:\/\/privilegelegal.com\/ro\/wp-json\/wp\/v2\/pages\/1140","targetHints":{"allow":["GET"]}}],"collection":[{"href":"https:\/\/privilegelegal.com\/ro\/wp-json\/wp\/v2\/pages"}],"about":[{"href":"https:\/\/privilegelegal.com\/ro\/wp-json\/wp\/v2\/types\/page"}],"author":[{"embeddable":true,"href":"https:\/\/privilegelegal.com\/ro\/wp-json\/wp\/v2\/users\/3"}],"replies":[{"embeddable":true,"href":"https:\/\/privilegelegal.com\/ro\/wp-json\/wp\/v2\/comments?post=1140"}],"version-history":[{"count":10,"href":"https:\/\/privilegelegal.com\/ro\/wp-json\/wp\/v2\/pages\/1140\/revisions"}],"predecessor-version":[{"id":1650,"href":"https:\/\/privilegelegal.com\/ro\/wp-json\/wp\/v2\/pages\/1140\/revisions\/1650"}],"up":[{"embeddable":true,"href":"https:\/\/privilegelegal.com\/ro\/wp-json\/wp\/v2\/pages\/1118"}],"wp:attachment":[{"href":"https:\/\/privilegelegal.com\/ro\/wp-json\/wp\/v2\/media?parent=1140"}],"curies":[{"name":"wp","href":"https:\/\/api.w.org\/{rel}","templated":true}]}}