{"id":1295,"date":"2023-11-23T20:25:48","date_gmt":"2023-11-23T20:25:48","guid":{"rendered":"https:\/\/privilegelegal.com\/politica-de-privacidad\/"},"modified":"2024-02-27T20:58:19","modified_gmt":"2024-02-27T20:58:19","slug":"politica-de-privacidad","status":"publish","type":"page","link":"https:\/\/privilegelegal.com\/es\/politica-de-privacidad\/","title":{"rendered":"Pol\u00edtica de privacidad"},"content":{"rendered":"\t\t<div data-elementor-type=\"wp-page\" data-elementor-id=\"1295\" class=\"elementor elementor-1295 elementor-3\" data-elementor-post-type=\"page\">\n\t\t\t\t<div class=\"elementor-element elementor-element-1c1ea07 e-con-full e-flex e-con e-parent\" data-id=\"1c1ea07\" data-element_type=\"container\" data-e-type=\"container\" data-settings=\"{&quot;background_background&quot;:&quot;classic&quot;}\">\n\t\t<div class=\"elementor-element elementor-element-d839e60 e-flex e-con-boxed e-con e-child\" data-id=\"d839e60\" data-element_type=\"container\" data-e-type=\"container\">\n\t\t\t\t\t<div class=\"e-con-inner\">\n\t\t<div class=\"elementor-element elementor-element-303ebfe e-con-full e-flex e-con e-child\" data-id=\"303ebfe\" data-element_type=\"container\" data-e-type=\"container\">\n\t\t\t\t<div class=\"elementor-element elementor-element-6e67e10 elementor-invisible elementor-widget elementor-widget-heading\" data-id=\"6e67e10\" data-element_type=\"widget\" data-e-type=\"widget\" data-settings=\"{&quot;_animation&quot;:&quot;fadeIn&quot;}\" data-widget_type=\"heading.default\">\n\t\t\t\t<div class=\"elementor-widget-container\">\n\t\t\t\t\t<h1 class=\"elementor-heading-title elementor-size-default\">Pol\u00edtica de privacidad<\/h1>\t\t\t\t<\/div>\n\t\t\t\t<\/div>\n\t\t\t\t<\/div>\n\t\t<div class=\"elementor-element elementor-element-73f46e5 e-flex e-con-boxed e-con e-child\" data-id=\"73f46e5\" data-element_type=\"container\" data-e-type=\"container\">\n\t\t\t\t\t<div class=\"e-con-inner\">\n\t\t\t\t<div class=\"elementor-element elementor-element-dc6dff8 elementor-widget elementor-widget-heading\" data-id=\"dc6dff8\" data-element_type=\"widget\" data-e-type=\"widget\" data-widget_type=\"heading.default\">\n\t\t\t\t<div class=\"elementor-widget-container\">\n\t\t\t\t\t<h2 class=\"elementor-heading-title elementor-size-default\">Haga realidad sus ambiciones<br>m\u00e1s all\u00e1 de las fronteras.<\/h2>\t\t\t\t<\/div>\n\t\t\t\t<\/div>\n\t\t\t\t\t<\/div>\n\t\t\t\t<\/div>\n\t\t\t\t\t<\/div>\n\t\t\t\t<\/div>\n\t\t\t\t<\/div>\n\t\t<div class=\"elementor-element elementor-element-dd90401 e-flex e-con-boxed e-con e-parent\" data-id=\"dd90401\" data-element_type=\"container\" data-e-type=\"container\">\n\t\t\t\t\t<div class=\"e-con-inner\">\n\t\t\t\t<div class=\"elementor-element elementor-element-c6c4d61 elementor-widget elementor-widget-heading\" data-id=\"c6c4d61\" data-element_type=\"widget\" data-e-type=\"widget\" data-widget_type=\"heading.default\">\n\t\t\t\t<div class=\"elementor-widget-container\">\n\t\t\t\t\t<h2 class=\"elementor-heading-title elementor-size-default\">POL\u00cdTICA DE CONFIDENCIALIDAD Y PRIVACIDAD\n<\/h2>\t\t\t\t<\/div>\n\t\t\t\t<\/div>\n\t\t\t\t<div class=\"elementor-element elementor-element-212f1b0 elementor-widget elementor-widget-text-editor\" data-id=\"212f1b0\" data-element_type=\"widget\" data-e-type=\"widget\" data-widget_type=\"text-editor.default\">\n\t\t\t\t<div class=\"elementor-widget-container\">\n\t\t\t\t\t\t\t\t\t<p>La presente Pol\u00edtica de Privacidad y Confidencialidad (<b>\u00abPol\u00edtica<\/b>\u00ab) describe las pol\u00edticas y pr\u00e1cticas de Privil\u00e8ge L\u00e9gal, sencrl (<b>\u00abPrivil\u00e8ge L\u00e9gal<\/b>\u00ab) con respecto a la informaci\u00f3n personal que <b>Privil\u00e8ge L\u00e9gal<\/b> recopila sobre usted (<b>\u00abusted<\/b>\u00ab).<\/p>\n<p>Al utilizar el sitio web (https:\/\/privilegelegal.com) (<b>\u00abSitio web<\/b>\u00ab), usted acepta que <b>Legal Privilege<\/b> recopile y utilice determinada informaci\u00f3n personal de conformidad con la presente Pol\u00edtica.<\/p>\n<p><b>Recopilaci\u00f3n de informaci\u00f3n<\/b><br \/>Para acceder a determinadas funciones del sitio web, deber\u00e1 proporcionar :<\/p>\n<ul>\n<li>Nombre y apellidos<\/li>\n<li>Direcci\u00f3n postal<\/li>\n<li>N\u00famero de tel\u00e9fono<\/li>\n<li>Edad<\/li>\n<li>Direcci\u00f3n de correo electr\u00f3nico<br \/>(colectivamente la \u00abInformaci\u00f3n de Registro\u00bb)<\/li>\n<\/ul>\n<p><strong> <\/strong><\/p>\n<p><b>Informaci\u00f3n personal<\/b><br \/><b>Informaci\u00f3n personal<\/b>\u00bb es cualquier informaci\u00f3n proporcionada como Informaci\u00f3n de Registro que permita identificarle como persona f\u00edsica empleada o que represente al Usuario, como su nombre, fecha de nacimiento, direcci\u00f3n de correo electr\u00f3nico, direcci\u00f3n postal y n\u00famero de tel\u00e9fono.<\/p>\n<p><b>Recogida y uso de informaci\u00f3n personal<\/b><br \/><b>Legal Privilege<\/b> recoge sus datos personales con el fin de constituir un fichero sobre el Usuario y prestarle un mejor servicio. Puede visitar nuestra p\u00e1gina de inicio o navegar por el sitio web sin que se recopilen o utilicen sus datos personales. Legal Privilege recopila su informaci\u00f3n personal s\u00f3lo si usted la proporciona voluntariamente.<\/p>\n<p>Privil\u00e8ge L\u00e9gal utiliza su informaci\u00f3n personal para ponerse en contacto con usted como parte del contrato de servicios entre <b>Privil\u00e8ge L\u00e9ga<\/b>l y el Usuario, en su caso.<\/p>\n<p><b>Cookies<\/b><\/p>\n<p>El sitio web de Privil\u00e8ge L\u00e9gal puede colocar y\/o recibir autom\u00e1ticamente cierta informaci\u00f3n de su navegador web, como su direcci\u00f3n IP, la p\u00e1gina que visit\u00f3 o vio e informaci\u00f3n similar de <b>cookies<\/b> colocadas previamente en su ordenador. Esta informaci\u00f3n no es personalmente identificable y puede ser almacenada en nuestro servidor con fines de an\u00e1lisis para permitirnos servir mejor a los visitantes del sitio web.<\/p>\n<p><b>Divulgaci\u00f3n de informaci\u00f3n personal<\/b><br \/>Privil\u00e8ge L\u00e9gal no vende ni comunica sus datos personales a terceros no relacionados sin su consentimiento, salvo en los siguientes casos espec\u00edficos:<\/p>\n<p>Ocasionalmente, su informaci\u00f3n personal puede ser revelada a terceros para cumplir con la ley o a petici\u00f3n de organismos gubernamentales o si Legal Privilege se somete a una venta, fusi\u00f3n, reorganizaci\u00f3n, disoluci\u00f3n u otra transacci\u00f3n comparable;<\/p>\n<p>A efectos de marketing, Legal Privilege podr\u00e1 compartir su informaci\u00f3n con sus filiales.<\/p>\n<p>S\u00f3lo tienen acceso a sus datos personales los empleados que los necesitan para desempe\u00f1ar sus funciones en relaci\u00f3n con los fines mencionados. Estos empleados est\u00e1n obligados a respetar la confidencialidad de dicha informaci\u00f3n y a tratarla de forma responsable de conformidad con la ley y la presente Pol\u00edtica.<\/p>\n<p>Informaci\u00f3n confidencial del usuario<\/p>\n<p>Adem\u00e1s de la Informaci\u00f3n de Registro, el Usuario deber\u00e1 proporcionar informaci\u00f3n confidencial como parte del Contrato de Servicios. Esta informaci\u00f3n se denomina<b>\u00abInformaci\u00f3n Confidencial del Usuario<\/b>\u00bb en el Contrato de Servicios. La confidencialidad de la Informaci\u00f3n Confidencial del Usuario est\u00e1 protegida por los t\u00e9rminos del Contrato de Servicios.<\/p>\n<p><b>Enlaces<\/b><br \/>Legal Privilege puede mostrar en el Sitio web una serie de enlaces a sitios web de terceros.<\/p>\n<p><span style=\"color: var( --e-global-color-text ); font-family: var( --e-global-typography-text-font-family ), Sans-serif; font-size: var( --e-global-typography-text-font-size ); font-style: var( --e-global-typography-text-font-style ); font-weight: var( --e-global-typography-text-font-weight ); letter-spacing: var( --e-global-typography-text-letter-spacing ); text-transform: var( --e-global-typography-text-text-transform ); text-align: var(--text-align);\">Legal Privilege no asume responsabilidad alguna por las pr\u00e1cticas de recopilaci\u00f3n, conservaci\u00f3n, uso y divulgaci\u00f3n de informaci\u00f3n personal de estos sitios web. Legal Privilege le invita a revisar la pol\u00edtica de privacidad de cada sitio web que visite antes de proporcionar a estos sitios web cualquier informaci\u00f3n personal que pueda identificarle.<\/span><\/p>\n<p><span style=\"color: var( --e-global-color-text ); font-family: var( --e-global-typography-text-font-family ), Sans-serif; font-size: var( --e-global-typography-text-font-size ); font-style: var( --e-global-typography-text-font-style ); letter-spacing: var( --e-global-typography-text-letter-spacing ); text-transform: var( --e-global-typography-text-text-transform ); text-align: var(--text-align);\"><b>Acceso a sus datos personales y reclamaciones<\/b> <br \/><\/span>Con sujeci\u00f3n a las restricciones legales aplicables, tiene derecho a consultar su expediente y rectificar su informaci\u00f3n personal enviando una solicitud por escrito a Privil\u00e8ge L\u00e9gal.<\/p>\n<p><b>Legal Privilege<\/b> realiza esfuerzos razonables para garantizar la actualizaci\u00f3n, exactitud e integridad de su informaci\u00f3n personal. Sin embargo, es su responsabilidad informarnos puntualmente de cualquier cambio de nombre, direcci\u00f3n o cualquier otro cambio relevante en su informaci\u00f3n personal.<\/p>\n<p>Si tiene alguna queja o duda sobre su informaci\u00f3n personal o sobre esta <b>Pol\u00edtica<\/b>, le animamos a que se ponga en contacto con Legal Privilege.<\/p>\n<p>Para cualquier solicitud por escrito o para obtener informaci\u00f3n sobre esta Pol\u00edtica, puede ponerse en contacto con la persona encargada de la informaci\u00f3n personal en Privil\u00e8ge L\u00e9gal en las siguientes coordenadas:<\/p>\n<p>Por correo: Privil\u00e8ge L\u00e9gal, sencrl, 220-5475, rue Par\u00e9, Mont-Royal (Qu\u00e9bec) H4P 1P7<br \/>Por correo electr\u00f3nico: info@privilegelegal.com<\/p>\n<p><b>Cambios en esta pol\u00edtica<\/b><br \/>Privil\u00e8ge L\u00e9gal se reserva el derecho de modificar esta Pol\u00edtica en cualquier momento. Con este fin, Privil\u00e8ge L\u00e9gal le anima a consultar regularmente su sitio Web para conocer la \u00faltima versi\u00f3n.<\/p>\n<p>La actualizaci\u00f3n m\u00e1s reciente de esta Pol\u00edtica se public\u00f3 en enero de 2024.<\/p>\n\t\t\t\t\t\t\t\t<\/div>\n\t\t\t\t<\/div>\n\t\t\t\t\t<\/div>\n\t\t\t\t<\/div>\n\t\t\t\t<\/div>\n\t\t","protected":false},"excerpt":{"rendered":"<p>Pol\u00edtica de privacidad Haga realidad sus ambicionesm\u00e1s all\u00e1 de las fronteras. POL\u00cdTICA DE CONFIDENCIALIDAD Y PRIVACIDAD La presente Pol\u00edtica de Privacidad y Confidencialidad (\u00abPol\u00edtica\u00ab) describe las pol\u00edticas y pr\u00e1cticas de Privil\u00e8ge L\u00e9gal, sencrl (\u00abPrivil\u00e8ge L\u00e9gal\u00ab) con respecto a la informaci\u00f3n personal que Privil\u00e8ge L\u00e9gal recopila sobre usted (\u00abusted\u00ab). Al utilizar el sitio web (https:\/\/privilegelegal.com) (\u00abSitio [&hellip;]<\/p>\n","protected":false},"author":2,"featured_media":0,"parent":0,"menu_order":0,"comment_status":"closed","ping_status":"closed","template":"","meta":{"footnotes":""},"class_list":["post-1295","page","type-page","status-publish","hentry"],"yoast_head":"<!-- This site is optimized with the Yoast SEO plugin v27.4 - https:\/\/yoast.com\/product\/yoast-seo-wordpress\/ -->\n<title>Pol\u00edtica de privacidad - Privil\u00e8ge L\u00e9gal sencrl<\/title>\n<meta name=\"description\" content=\"M\u00e1s informaci\u00f3n sobre nuestra pol\u00edtica de privacidad en el uso del sitio web Privil\u00e8ge L\u00e9gal.\" \/>\n<meta name=\"robots\" content=\"index, follow, max-snippet:-1, max-image-preview:large, max-video-preview:-1\" \/>\n<link rel=\"canonical\" href=\"https:\/\/privilegelegal.com\/es\/politica-de-privacidad\/\" \/>\n<meta property=\"og:locale\" content=\"es_ES\" \/>\n<meta property=\"og:type\" content=\"article\" \/>\n<meta property=\"og:title\" content=\"Pol\u00edtica de privacidad - Privil\u00e8ge L\u00e9gal sencrl\" \/>\n<meta property=\"og:description\" content=\"M\u00e1s informaci\u00f3n sobre nuestra pol\u00edtica de privacidad en el uso del sitio web Privil\u00e8ge L\u00e9gal.\" \/>\n<meta property=\"og:url\" content=\"https:\/\/privilegelegal.com\/es\/politica-de-privacidad\/\" \/>\n<meta property=\"og:site_name\" content=\"Privil\u00e8ge L\u00e9gal sencrl\" \/>\n<meta property=\"article:modified_time\" content=\"2024-02-27T20:58:19+00:00\" \/>\n<meta name=\"twitter:card\" content=\"summary_large_image\" \/>\n<meta name=\"twitter:label1\" content=\"Tiempo de lectura\" \/>\n\t<meta name=\"twitter:data1\" content=\"4 minutos\" \/>\n<script type=\"application\/ld+json\" class=\"yoast-schema-graph\">{\"@context\":\"https:\\\/\\\/schema.org\",\"@graph\":[{\"@type\":\"WebPage\",\"@id\":\"https:\\\/\\\/privilegelegal.com\\\/es\\\/politica-de-privacidad\\\/\",\"url\":\"https:\\\/\\\/privilegelegal.com\\\/es\\\/politica-de-privacidad\\\/\",\"name\":\"Pol\u00edtica de privacidad - Privil\u00e8ge L\u00e9gal sencrl\",\"isPartOf\":{\"@id\":\"https:\\\/\\\/privilegelegal.com\\\/es\\\/#website\"},\"datePublished\":\"2023-11-23T20:25:48+00:00\",\"dateModified\":\"2024-02-27T20:58:19+00:00\",\"description\":\"M\u00e1s informaci\u00f3n sobre nuestra pol\u00edtica de privacidad en el uso del sitio web Privil\u00e8ge L\u00e9gal.\",\"breadcrumb\":{\"@id\":\"https:\\\/\\\/privilegelegal.com\\\/es\\\/politica-de-privacidad\\\/#breadcrumb\"},\"inLanguage\":\"es\",\"potentialAction\":[{\"@type\":\"ReadAction\",\"target\":[\"https:\\\/\\\/privilegelegal.com\\\/es\\\/politica-de-privacidad\\\/\"]}]},{\"@type\":\"BreadcrumbList\",\"@id\":\"https:\\\/\\\/privilegelegal.com\\\/es\\\/politica-de-privacidad\\\/#breadcrumb\",\"itemListElement\":[{\"@type\":\"ListItem\",\"position\":1,\"name\":\"Accueil\",\"item\":\"https:\\\/\\\/privilegelegal.com\\\/es\\\/privilegio-legal-sencrl\\\/\"},{\"@type\":\"ListItem\",\"position\":2,\"name\":\"Pol\u00edtica de privacidad\"}]},{\"@type\":\"WebSite\",\"@id\":\"https:\\\/\\\/privilegelegal.com\\\/es\\\/#website\",\"url\":\"https:\\\/\\\/privilegelegal.com\\\/es\\\/\",\"name\":\"Privil\u00e8ge L\u00e9gal sencrl\",\"description\":\"R\u00e9alisez vos ambitions au-del\u00e0 des fronti\u00e8res.\",\"potentialAction\":[{\"@type\":\"SearchAction\",\"target\":{\"@type\":\"EntryPoint\",\"urlTemplate\":\"https:\\\/\\\/privilegelegal.com\\\/es\\\/?s={search_term_string}\"},\"query-input\":{\"@type\":\"PropertyValueSpecification\",\"valueRequired\":true,\"valueName\":\"search_term_string\"}}],\"inLanguage\":\"es\"}]}<\/script>\n<!-- \/ Yoast SEO plugin. -->","yoast_head_json":{"title":"Pol\u00edtica de privacidad - Privil\u00e8ge L\u00e9gal sencrl","description":"M\u00e1s informaci\u00f3n sobre nuestra pol\u00edtica de privacidad en el uso del sitio web Privil\u00e8ge L\u00e9gal.","robots":{"index":"index","follow":"follow","max-snippet":"max-snippet:-1","max-image-preview":"max-image-preview:large","max-video-preview":"max-video-preview:-1"},"canonical":"https:\/\/privilegelegal.com\/es\/politica-de-privacidad\/","og_locale":"es_ES","og_type":"article","og_title":"Pol\u00edtica de privacidad - Privil\u00e8ge L\u00e9gal sencrl","og_description":"M\u00e1s informaci\u00f3n sobre nuestra pol\u00edtica de privacidad en el uso del sitio web Privil\u00e8ge L\u00e9gal.","og_url":"https:\/\/privilegelegal.com\/es\/politica-de-privacidad\/","og_site_name":"Privil\u00e8ge L\u00e9gal sencrl","article_modified_time":"2024-02-27T20:58:19+00:00","twitter_card":"summary_large_image","twitter_misc":{"Tiempo de lectura":"4 minutos"},"schema":{"@context":"https:\/\/schema.org","@graph":[{"@type":"WebPage","@id":"https:\/\/privilegelegal.com\/es\/politica-de-privacidad\/","url":"https:\/\/privilegelegal.com\/es\/politica-de-privacidad\/","name":"Pol\u00edtica de privacidad - Privil\u00e8ge L\u00e9gal sencrl","isPartOf":{"@id":"https:\/\/privilegelegal.com\/es\/#website"},"datePublished":"2023-11-23T20:25:48+00:00","dateModified":"2024-02-27T20:58:19+00:00","description":"M\u00e1s informaci\u00f3n sobre nuestra pol\u00edtica de privacidad en el uso del sitio web Privil\u00e8ge L\u00e9gal.","breadcrumb":{"@id":"https:\/\/privilegelegal.com\/es\/politica-de-privacidad\/#breadcrumb"},"inLanguage":"es","potentialAction":[{"@type":"ReadAction","target":["https:\/\/privilegelegal.com\/es\/politica-de-privacidad\/"]}]},{"@type":"BreadcrumbList","@id":"https:\/\/privilegelegal.com\/es\/politica-de-privacidad\/#breadcrumb","itemListElement":[{"@type":"ListItem","position":1,"name":"Accueil","item":"https:\/\/privilegelegal.com\/es\/privilegio-legal-sencrl\/"},{"@type":"ListItem","position":2,"name":"Pol\u00edtica de privacidad"}]},{"@type":"WebSite","@id":"https:\/\/privilegelegal.com\/es\/#website","url":"https:\/\/privilegelegal.com\/es\/","name":"Privil\u00e8ge L\u00e9gal sencrl","description":"R\u00e9alisez vos ambitions au-del\u00e0 des fronti\u00e8res.","potentialAction":[{"@type":"SearchAction","target":{"@type":"EntryPoint","urlTemplate":"https:\/\/privilegelegal.com\/es\/?s={search_term_string}"},"query-input":{"@type":"PropertyValueSpecification","valueRequired":true,"valueName":"search_term_string"}}],"inLanguage":"es"}]}},"_links":{"self":[{"href":"https:\/\/privilegelegal.com\/es\/wp-json\/wp\/v2\/pages\/1295","targetHints":{"allow":["GET"]}}],"collection":[{"href":"https:\/\/privilegelegal.com\/es\/wp-json\/wp\/v2\/pages"}],"about":[{"href":"https:\/\/privilegelegal.com\/es\/wp-json\/wp\/v2\/types\/page"}],"author":[{"embeddable":true,"href":"https:\/\/privilegelegal.com\/es\/wp-json\/wp\/v2\/users\/2"}],"replies":[{"embeddable":true,"href":"https:\/\/privilegelegal.com\/es\/wp-json\/wp\/v2\/comments?post=1295"}],"version-history":[{"count":1,"href":"https:\/\/privilegelegal.com\/es\/wp-json\/wp\/v2\/pages\/1295\/revisions"}],"predecessor-version":[{"id":1296,"href":"https:\/\/privilegelegal.com\/es\/wp-json\/wp\/v2\/pages\/1295\/revisions\/1296"}],"wp:attachment":[{"href":"https:\/\/privilegelegal.com\/es\/wp-json\/wp\/v2\/media?parent=1295"}],"curies":[{"name":"wp","href":"https:\/\/api.w.org\/{rel}","templated":true}]}}