{"id":1486,"date":"2024-02-29T18:50:28","date_gmt":"2024-02-29T18:50:28","guid":{"rendered":"https:\/\/privilegelegal.com\/blog\/"},"modified":"2024-04-19T15:17:40","modified_gmt":"2024-04-19T15:17:40","slug":"blog","status":"publish","type":"page","link":"https:\/\/privilegelegal.com\/en\/blog\/","title":{"rendered":"Blog"},"content":{"rendered":"\t\t<div data-elementor-type=\"wp-page\" data-elementor-id=\"1486\" class=\"elementor elementor-1486\" data-elementor-post-type=\"page\">\n\t\t\t\t<div class=\"elementor-element elementor-element-d87aba9 e-con-full e-flex e-con e-parent\" data-id=\"d87aba9\" data-element_type=\"container\" data-e-type=\"container\" data-settings=\"{&quot;background_background&quot;:&quot;classic&quot;}\">\n\t\t<div class=\"elementor-element elementor-element-ba87e67 e-flex e-con-boxed e-con e-child\" data-id=\"ba87e67\" data-element_type=\"container\" data-e-type=\"container\">\n\t\t\t\t\t<div class=\"e-con-inner\">\n\t\t<div class=\"elementor-element elementor-element-4ea2e05 e-con-full e-flex e-con e-child\" data-id=\"4ea2e05\" data-element_type=\"container\" data-e-type=\"container\">\n\t\t\t\t<div class=\"elementor-element elementor-element-b795108 elementor-invisible elementor-widget elementor-widget-heading\" data-id=\"b795108\" data-element_type=\"widget\" data-e-type=\"widget\" data-settings=\"{&quot;_animation&quot;:&quot;fadeIn&quot;}\" data-widget_type=\"heading.default\">\n\t\t\t\t<div class=\"elementor-widget-container\">\n\t\t\t\t\t<h1 class=\"elementor-heading-title elementor-size-default\">Articles &amp; Publications<\/h1>\t\t\t\t<\/div>\n\t\t\t\t<\/div>\n\t\t\t\t<\/div>\n\t\t<div class=\"elementor-element elementor-element-5e2b154 e-flex e-con-boxed e-con e-child\" data-id=\"5e2b154\" data-element_type=\"container\" data-e-type=\"container\">\n\t\t\t\t\t<div class=\"e-con-inner\">\n\t\t<div class=\"elementor-element elementor-element-c606665 e-flex e-con-boxed e-con e-child\" data-id=\"c606665\" data-element_type=\"container\" data-e-type=\"container\">\n\t\t\t\t\t<div class=\"e-con-inner\">\n\t\t\t\t<div class=\"elementor-element elementor-element-90bd701 elementor-widget elementor-widget-heading\" data-id=\"90bd701\" data-element_type=\"widget\" data-e-type=\"widget\" data-widget_type=\"heading.default\">\n\t\t\t\t<div class=\"elementor-widget-container\">\n\t\t\t\t\t<h2 class=\"elementor-heading-title elementor-size-default\">Realize your ambitions<br>beyond borders.<\/h2>\t\t\t\t<\/div>\n\t\t\t\t<\/div>\n\t\t\t\t\t<\/div>\n\t\t\t\t<\/div>\n\t\t\t\t\t<\/div>\n\t\t\t\t<\/div>\n\t\t\t\t\t<\/div>\n\t\t\t\t<\/div>\n\t\t\t\t<\/div>\n\t\t<div class=\"elementor-element elementor-element-e1b3579 e-flex e-con-boxed e-con e-parent\" data-id=\"e1b3579\" data-element_type=\"container\" data-e-type=\"container\">\n\t\t\t\t\t<div class=\"e-con-inner\">\n\t\t\t\t<div class=\"elementor-element elementor-element-c22c3ee elementor-widget elementor-widget-heading\" data-id=\"c22c3ee\" data-element_type=\"widget\" data-e-type=\"widget\" data-widget_type=\"heading.default\">\n\t\t\t\t<div class=\"elementor-widget-container\">\n\t\t\t\t\t<h2 class=\"elementor-heading-title elementor-size-default\">Legal news<br>  that concern you<\/h2>\t\t\t\t<\/div>\n\t\t\t\t<\/div>\n\t\t<div class=\"elementor-element elementor-element-e578358 e-con-full e-flex e-con e-child\" data-id=\"e578358\" data-element_type=\"container\" data-e-type=\"container\">\n\t\t\t\t<div class=\"elementor-element elementor-element-52c3c6e elementor-widget elementor-widget-text-editor\" data-id=\"52c3c6e\" data-element_type=\"widget\" data-e-type=\"widget\" data-widget_type=\"text-editor.default\">\n\t\t\t\t<div class=\"elementor-widget-container\">\n\t\t\t\t\t\t\t\t\t<p>Privil\u00e8ge L\u00e9gal offers you articles and publications with informed and judicious analyses of subjects that concern you.&nbsp;<span style=\"color: var( --e-global-color-text ); letter-spacing: 0px;\">Whether it&#8217;s immigration law, business law or civil law, our team of experts is committed to sharing in-depth insights and strategic perspectives that can help you clarify certain issues.<\/span><\/p>\n<p>In an environment where information is abundant but often too ephemeral, we offer you relevant content that will captivate your interest. Each article is carefully written to make a significant contribution to your understanding of the current and future challenges facing our industry.<\/p>\n<p>We invite you to explore our collection of articles, where you&#8217;ll find valuable resources for confidently navigating the complex landscape of immigration, business and civil law.&nbsp;<span style=\"color: var( --e-global-color-text ); letter-spacing: 0px;\">Join us in this quest for knowledge, where excellence and expertise meet to shape a profitable future<\/span>.<\/p>\n<p>Enjoy your reading!<\/p>\t\t\t\t\t\t\t\t<\/div>\n\t\t\t\t<\/div>\n\t\t\t\t<\/div>\n\t\t\t\t\t<\/div>\n\t\t\t\t<\/div>\n\t\t<div class=\"elementor-element elementor-element-4259afb e-con-full animated-slow e-flex elementor-invisible e-con e-parent\" data-id=\"4259afb\" data-element_type=\"container\" data-e-type=\"container\" data-settings=\"{&quot;animation&quot;:&quot;fadeInLeft&quot;,&quot;animation_delay&quot;:100}\">\n\t\t\t\t<div class=\"elementor-element elementor-element-f425bad animated-slow elementor-widget-divider--view-line elementor-invisible elementor-widget elementor-widget-divider\" data-id=\"f425bad\" data-element_type=\"widget\" data-e-type=\"widget\" data-settings=\"{&quot;_animation&quot;:&quot;fadeInLeft&quot;,&quot;_animation_delay&quot;:500}\" data-widget_type=\"divider.default\">\n\t\t\t\t<div class=\"elementor-widget-container\">\n\t\t\t\t\t\t\t<div class=\"elementor-divider\">\n\t\t\t<span class=\"elementor-divider-separator\">\n\t\t\t\t\t\t<\/span>\n\t\t<\/div>\n\t\t\t\t\t\t<\/div>\n\t\t\t\t<\/div>\n\t\t\t\t<div class=\"elementor-element elementor-element-b492960 animated-slow elementor-widget-divider--view-line elementor-invisible elementor-widget elementor-widget-divider\" data-id=\"b492960\" data-element_type=\"widget\" data-e-type=\"widget\" data-settings=\"{&quot;_animation&quot;:&quot;fadeInRight&quot;,&quot;_animation_delay&quot;:500}\" data-widget_type=\"divider.default\">\n\t\t\t\t<div class=\"elementor-widget-container\">\n\t\t\t\t\t\t\t<div class=\"elementor-divider\">\n\t\t\t<span class=\"elementor-divider-separator\">\n\t\t\t\t\t\t<\/span>\n\t\t<\/div>\n\t\t\t\t\t\t<\/div>\n\t\t\t\t<\/div>\n\t\t\t\t<\/div>\n\t\t<div class=\"elementor-element elementor-element-fb553f9 e-flex e-con-boxed e-con e-parent\" data-id=\"fb553f9\" data-element_type=\"container\" data-e-type=\"container\">\n\t\t\t\t\t<div class=\"e-con-inner\">\n\t\t\t\t\t<\/div>\n\t\t\t\t<\/div>\n\t\t<div class=\"elementor-element elementor-element-07ea28c e-con-full animated-slow e-flex elementor-invisible e-con e-parent\" data-id=\"07ea28c\" data-element_type=\"container\" data-e-type=\"container\" data-settings=\"{&quot;animation&quot;:&quot;fadeInLeft&quot;,&quot;animation_delay&quot;:100}\">\n\t\t\t\t<div class=\"elementor-element elementor-element-95f4554 animated-slow elementor-widget-divider--view-line elementor-invisible elementor-widget elementor-widget-divider\" data-id=\"95f4554\" data-element_type=\"widget\" data-e-type=\"widget\" data-settings=\"{&quot;_animation&quot;:&quot;fadeInRight&quot;,&quot;_animation_delay&quot;:500}\" data-widget_type=\"divider.default\">\n\t\t\t\t<div class=\"elementor-widget-container\">\n\t\t\t\t\t\t\t<div class=\"elementor-divider\">\n\t\t\t<span class=\"elementor-divider-separator\">\n\t\t\t\t\t\t<\/span>\n\t\t<\/div>\n\t\t\t\t\t\t<\/div>\n\t\t\t\t<\/div>\n\t\t\t\t<div class=\"elementor-element elementor-element-3797494 animated-slow elementor-widget-divider--view-line elementor-invisible elementor-widget elementor-widget-divider\" data-id=\"3797494\" data-element_type=\"widget\" data-e-type=\"widget\" data-settings=\"{&quot;_animation&quot;:&quot;fadeInLeft&quot;,&quot;_animation_delay&quot;:500}\" data-widget_type=\"divider.default\">\n\t\t\t\t<div class=\"elementor-widget-container\">\n\t\t\t\t\t\t\t<div class=\"elementor-divider\">\n\t\t\t<span class=\"elementor-divider-separator\">\n\t\t\t\t\t\t<\/span>\n\t\t<\/div>\n\t\t\t\t\t\t<\/div>\n\t\t\t\t<\/div>\n\t\t\t\t<\/div>\n\t\t<div class=\"elementor-element elementor-element-719332e e-flex e-con-boxed e-con e-parent\" data-id=\"719332e\" data-element_type=\"container\" data-e-type=\"container\">\n\t\t\t\t\t<div class=\"e-con-inner\">\n\t\t<div class=\"elementor-element elementor-element-fb0621a e-con-full e-flex e-con e-child\" data-id=\"fb0621a\" data-element_type=\"container\" data-e-type=\"container\">\n\t\t\t\t<div class=\"elementor-element elementor-element-4932cf8 elementor-widget elementor-widget-heading\" data-id=\"4932cf8\" data-element_type=\"widget\" data-e-type=\"widget\" data-widget_type=\"heading.default\">\n\t\t\t\t<div class=\"elementor-widget-container\">\n\t\t\t\t\t<h2 class=\"elementor-heading-title elementor-size-default\">Call us for a consultation<\/h2>\t\t\t\t<\/div>\n\t\t\t\t<\/div>\n\t\t<div class=\"elementor-element elementor-element-487cb9f e-con-full e-flex e-con e-child\" data-id=\"487cb9f\" data-element_type=\"container\" data-e-type=\"container\">\n\t\t\t\t<div class=\"elementor-element elementor-element-95a0c72 elementor-widget elementor-widget-text-editor\" data-id=\"95a0c72\" data-element_type=\"widget\" data-e-type=\"widget\" data-widget_type=\"text-editor.default\">\n\t\t\t\t<div class=\"elementor-widget-container\">\n\t\t\t\t\t\t\t\t\t<p>Realize your ambitions beyond borders.<\/p>\n\t\t\t\t\t\t\t\t<\/div>\n\t\t\t\t<\/div>\n\t\t\t\t<\/div>\n\t\t<div class=\"elementor-element elementor-element-fd93724 e-flex e-con-boxed e-con e-child\" data-id=\"fd93724\" data-element_type=\"container\" data-e-type=\"container\">\n\t\t\t\t\t<div class=\"e-con-inner\">\n\t\t\t\t<div class=\"elementor-element elementor-element-cbf8ef4 elementor-tablet-align-center elementor-mobile-align-center elementor-align-center elementor-invisible elementor-widget elementor-widget-button\" data-id=\"cbf8ef4\" data-element_type=\"widget\" data-e-type=\"widget\" data-settings=\"{&quot;_animation&quot;:&quot;fadeIn&quot;,&quot;_animation_delay&quot;:100}\" data-widget_type=\"button.default\">\n\t\t\t\t<div class=\"elementor-widget-container\">\n\t\t\t\t\t\t\t\t\t<div class=\"elementor-button-wrapper\">\n\t\t\t\t\t<a class=\"elementor-button elementor-button-link elementor-size-sm\" href=\"https:\/\/privilegelegal.com\/en\/contact\/\">\n\t\t\t\t\t\t<span class=\"elementor-button-content-wrapper\">\n\t\t\t\t\t\t\t\t\t<span class=\"elementor-button-text\">Make an appointment<\/span>\n\t\t\t\t\t<\/span>\n\t\t\t\t\t<\/a>\n\t\t\t\t<\/div>\n\t\t\t\t\t\t\t\t<\/div>\n\t\t\t\t<\/div>\n\t\t\t\t\t<\/div>\n\t\t\t\t<\/div>\n\t\t\t\t<\/div>\n\t\t\t\t\t<\/div>\n\t\t\t\t<\/div>\n\t\t\t\t<\/div>\n\t\t","protected":false},"excerpt":{"rendered":"<p>Articles &amp; Publications Realize your ambitionsbeyond borders. Legal news that concern you Privil\u00e8ge L\u00e9gal offers you articles and publications with informed and judicious analyses of subjects that concern you.&nbsp;Whether it&#8217;s immigration law, business law or civil law, our team of experts is committed to sharing in-depth insights and strategic perspectives that can help you clarify [&hellip;]<\/p>\n","protected":false},"author":3,"featured_media":0,"parent":0,"menu_order":0,"comment_status":"closed","ping_status":"closed","template":"","meta":{"footnotes":""},"class_list":["post-1486","page","type-page","status-publish","hentry"],"yoast_head":"<!-- This site is optimized with the Yoast SEO plugin v27.5 - https:\/\/yoast.com\/product\/yoast-seo-wordpress\/ -->\n<title>Blog - Privil\u00e8ge L\u00e9gal sencrl<\/title>\n<meta name=\"description\" content=\"Blog\" \/>\n<meta name=\"robots\" content=\"index, follow, max-snippet:-1, max-image-preview:large, max-video-preview:-1\" \/>\n<link rel=\"canonical\" href=\"https:\/\/privilegelegal.com\/en\/blog\/\" \/>\n<meta property=\"og:locale\" content=\"en_US\" \/>\n<meta property=\"og:type\" content=\"article\" \/>\n<meta property=\"og:title\" content=\"Blog - Privil\u00e8ge L\u00e9gal sencrl\" \/>\n<meta property=\"og:description\" content=\"Blog\" \/>\n<meta property=\"og:url\" content=\"https:\/\/privilegelegal.com\/en\/blog\/\" \/>\n<meta property=\"og:site_name\" content=\"Privil\u00e8ge L\u00e9gal sencrl\" \/>\n<meta property=\"article:modified_time\" content=\"2024-04-19T15:17:40+00:00\" \/>\n<meta name=\"twitter:card\" content=\"summary_large_image\" \/>\n<meta name=\"twitter:label1\" content=\"Est. reading time\" \/>\n\t<meta name=\"twitter:data1\" content=\"1 minute\" \/>\n<script type=\"application\/ld+json\" class=\"yoast-schema-graph\">{\"@context\":\"https:\\\/\\\/schema.org\",\"@graph\":[{\"@type\":\"WebPage\",\"@id\":\"https:\\\/\\\/privilegelegal.com\\\/en\\\/blog\\\/\",\"url\":\"https:\\\/\\\/privilegelegal.com\\\/en\\\/blog\\\/\",\"name\":\"Blog - Privil\u00e8ge L\u00e9gal sencrl\",\"isPartOf\":{\"@id\":\"https:\\\/\\\/privilegelegal.com\\\/en\\\/#website\"},\"datePublished\":\"2024-02-29T18:50:28+00:00\",\"dateModified\":\"2024-04-19T15:17:40+00:00\",\"description\":\"Blog\",\"breadcrumb\":{\"@id\":\"https:\\\/\\\/privilegelegal.com\\\/en\\\/blog\\\/#breadcrumb\"},\"inLanguage\":\"en-CA\",\"potentialAction\":[{\"@type\":\"ReadAction\",\"target\":[\"https:\\\/\\\/privilegelegal.com\\\/en\\\/blog\\\/\"]}]},{\"@type\":\"BreadcrumbList\",\"@id\":\"https:\\\/\\\/privilegelegal.com\\\/en\\\/blog\\\/#breadcrumb\",\"itemListElement\":[{\"@type\":\"ListItem\",\"position\":1,\"name\":\"Accueil\",\"item\":\"https:\\\/\\\/privilegelegal.com\\\/en\\\/privilege-legal-sencrl\\\/\"},{\"@type\":\"ListItem\",\"position\":2,\"name\":\"Blog\"}]},{\"@type\":\"WebSite\",\"@id\":\"https:\\\/\\\/privilegelegal.com\\\/en\\\/#website\",\"url\":\"https:\\\/\\\/privilegelegal.com\\\/en\\\/\",\"name\":\"Privil\u00e8ge L\u00e9gal sencrl\",\"description\":\"R\u00e9alisez vos ambitions au-del\u00e0 des fronti\u00e8res.\",\"publisher\":{\"@id\":\"https:\\\/\\\/privilegelegal.com\\\/en\\\/#organization\"},\"potentialAction\":[{\"@type\":\"SearchAction\",\"target\":{\"@type\":\"EntryPoint\",\"urlTemplate\":\"https:\\\/\\\/privilegelegal.com\\\/en\\\/?s={search_term_string}\"},\"query-input\":{\"@type\":\"PropertyValueSpecification\",\"valueRequired\":true,\"valueName\":\"search_term_string\"}}],\"inLanguage\":\"en-CA\"},{\"@type\":\"Organization\",\"@id\":\"https:\\\/\\\/privilegelegal.com\\\/en\\\/#organization\",\"name\":\"Privil\u00e8ge L\u00e9gal sencrl\",\"url\":\"https:\\\/\\\/privilegelegal.com\\\/en\\\/\",\"logo\":{\"@type\":\"ImageObject\",\"inLanguage\":\"en-CA\",\"@id\":\"https:\\\/\\\/privilegelegal.com\\\/en\\\/#\\\/schema\\\/logo\\\/image\\\/\",\"url\":\"https:\\\/\\\/privilegelegal.com\\\/wp-content\\\/uploads\\\/2023\\\/11\\\/PrivilegeLegal_Logo_site.png\",\"contentUrl\":\"https:\\\/\\\/privilegelegal.com\\\/wp-content\\\/uploads\\\/2023\\\/11\\\/PrivilegeLegal_Logo_site.png\",\"width\":129,\"height\":100,\"caption\":\"Privil\u00e8ge L\u00e9gal sencrl\"},\"image\":{\"@id\":\"https:\\\/\\\/privilegelegal.com\\\/en\\\/#\\\/schema\\\/logo\\\/image\\\/\"}}]}<\/script>\n<!-- \/ Yoast SEO plugin. -->","yoast_head_json":{"title":"Blog - Privil\u00e8ge L\u00e9gal sencrl","description":"Blog","robots":{"index":"index","follow":"follow","max-snippet":"max-snippet:-1","max-image-preview":"max-image-preview:large","max-video-preview":"max-video-preview:-1"},"canonical":"https:\/\/privilegelegal.com\/en\/blog\/","og_locale":"en_US","og_type":"article","og_title":"Blog - Privil\u00e8ge L\u00e9gal sencrl","og_description":"Blog","og_url":"https:\/\/privilegelegal.com\/en\/blog\/","og_site_name":"Privil\u00e8ge L\u00e9gal sencrl","article_modified_time":"2024-04-19T15:17:40+00:00","twitter_card":"summary_large_image","twitter_misc":{"Est. reading time":"1 minute"},"schema":{"@context":"https:\/\/schema.org","@graph":[{"@type":"WebPage","@id":"https:\/\/privilegelegal.com\/en\/blog\/","url":"https:\/\/privilegelegal.com\/en\/blog\/","name":"Blog - Privil\u00e8ge L\u00e9gal sencrl","isPartOf":{"@id":"https:\/\/privilegelegal.com\/en\/#website"},"datePublished":"2024-02-29T18:50:28+00:00","dateModified":"2024-04-19T15:17:40+00:00","description":"Blog","breadcrumb":{"@id":"https:\/\/privilegelegal.com\/en\/blog\/#breadcrumb"},"inLanguage":"en-CA","potentialAction":[{"@type":"ReadAction","target":["https:\/\/privilegelegal.com\/en\/blog\/"]}]},{"@type":"BreadcrumbList","@id":"https:\/\/privilegelegal.com\/en\/blog\/#breadcrumb","itemListElement":[{"@type":"ListItem","position":1,"name":"Accueil","item":"https:\/\/privilegelegal.com\/en\/privilege-legal-sencrl\/"},{"@type":"ListItem","position":2,"name":"Blog"}]},{"@type":"WebSite","@id":"https:\/\/privilegelegal.com\/en\/#website","url":"https:\/\/privilegelegal.com\/en\/","name":"Privil\u00e8ge L\u00e9gal sencrl","description":"R\u00e9alisez vos ambitions au-del\u00e0 des fronti\u00e8res.","publisher":{"@id":"https:\/\/privilegelegal.com\/en\/#organization"},"potentialAction":[{"@type":"SearchAction","target":{"@type":"EntryPoint","urlTemplate":"https:\/\/privilegelegal.com\/en\/?s={search_term_string}"},"query-input":{"@type":"PropertyValueSpecification","valueRequired":true,"valueName":"search_term_string"}}],"inLanguage":"en-CA"},{"@type":"Organization","@id":"https:\/\/privilegelegal.com\/en\/#organization","name":"Privil\u00e8ge L\u00e9gal sencrl","url":"https:\/\/privilegelegal.com\/en\/","logo":{"@type":"ImageObject","inLanguage":"en-CA","@id":"https:\/\/privilegelegal.com\/en\/#\/schema\/logo\/image\/","url":"https:\/\/privilegelegal.com\/wp-content\/uploads\/2023\/11\/PrivilegeLegal_Logo_site.png","contentUrl":"https:\/\/privilegelegal.com\/wp-content\/uploads\/2023\/11\/PrivilegeLegal_Logo_site.png","width":129,"height":100,"caption":"Privil\u00e8ge L\u00e9gal sencrl"},"image":{"@id":"https:\/\/privilegelegal.com\/en\/#\/schema\/logo\/image\/"}}]}},"_links":{"self":[{"href":"https:\/\/privilegelegal.com\/en\/wp-json\/wp\/v2\/pages\/1486","targetHints":{"allow":["GET"]}}],"collection":[{"href":"https:\/\/privilegelegal.com\/en\/wp-json\/wp\/v2\/pages"}],"about":[{"href":"https:\/\/privilegelegal.com\/en\/wp-json\/wp\/v2\/types\/page"}],"author":[{"embeddable":true,"href":"https:\/\/privilegelegal.com\/en\/wp-json\/wp\/v2\/users\/3"}],"replies":[{"embeddable":true,"href":"https:\/\/privilegelegal.com\/en\/wp-json\/wp\/v2\/comments?post=1486"}],"version-history":[{"count":2,"href":"https:\/\/privilegelegal.com\/en\/wp-json\/wp\/v2\/pages\/1486\/revisions"}],"predecessor-version":[{"id":1493,"href":"https:\/\/privilegelegal.com\/en\/wp-json\/wp\/v2\/pages\/1486\/revisions\/1493"}],"wp:attachment":[{"href":"https:\/\/privilegelegal.com\/en\/wp-json\/wp\/v2\/media?parent=1486"}],"curies":[{"name":"wp","href":"https:\/\/api.w.org\/{rel}","templated":true}]}}