{"id":1030,"date":"2023-12-22T20:58:43","date_gmt":"2023-12-22T20:58:43","guid":{"rendered":"https:\/\/privilegelegal.com\/about-us\/ion-ciobanu\/"},"modified":"2024-01-17T19:38:53","modified_gmt":"2024-01-17T19:38:53","slug":"ion-ciobanu","status":"publish","type":"page","link":"https:\/\/privilegelegal.com\/en\/about-us\/ion-ciobanu\/","title":{"rendered":"Ion Ciobanu"},"content":{"rendered":"\t\t<div data-elementor-type=\"wp-page\" data-elementor-id=\"1030\" class=\"elementor elementor-1030 elementor-528\" data-elementor-post-type=\"page\">\n\t\t\t\t<div class=\"elementor-element elementor-element-6d1d4c3 e-con-full e-flex e-con e-parent\" data-id=\"6d1d4c3\" data-element_type=\"container\" data-e-type=\"container\" data-settings=\"{&quot;background_background&quot;:&quot;classic&quot;}\">\n\t\t<div class=\"elementor-element elementor-element-61a712c e-flex e-con-boxed e-con e-child\" data-id=\"61a712c\" data-element_type=\"container\" data-e-type=\"container\">\n\t\t\t\t\t<div class=\"e-con-inner\">\n\t\t<div class=\"elementor-element elementor-element-de03d5a e-con-full e-flex e-con e-child\" data-id=\"de03d5a\" data-element_type=\"container\" data-e-type=\"container\">\n\t\t\t\t<div class=\"elementor-element elementor-element-190fa34 elementor-invisible elementor-widget elementor-widget-heading\" data-id=\"190fa34\" data-element_type=\"widget\" data-e-type=\"widget\" data-settings=\"{&quot;_animation&quot;:&quot;fadeIn&quot;}\" data-widget_type=\"heading.default\">\n\t\t\t\t<div class=\"elementor-widget-container\">\n\t\t\t\t\t<h1 class=\"elementor-heading-title elementor-size-default\">Me Ion Ciobanu<\/h1>\t\t\t\t<\/div>\n\t\t\t\t<\/div>\n\t\t\t\t<\/div>\n\t\t<div class=\"elementor-element elementor-element-257b0dc e-flex e-con-boxed e-con e-child\" data-id=\"257b0dc\" data-element_type=\"container\" data-e-type=\"container\">\n\t\t\t\t\t<div class=\"e-con-inner\">\n\t\t\t\t<div class=\"elementor-element elementor-element-6a76fdb elementor-widget elementor-widget-heading\" data-id=\"6a76fdb\" data-element_type=\"widget\" data-e-type=\"widget\" data-widget_type=\"heading.default\">\n\t\t\t\t<div class=\"elementor-widget-container\">\n\t\t\t\t\t<h2 class=\"elementor-heading-title elementor-size-default\">Realize your ambitions<br>beyond borders.<\/h2>\t\t\t\t<\/div>\n\t\t\t\t<\/div>\n\t\t\t\t\t<\/div>\n\t\t\t\t<\/div>\n\t\t\t\t\t<\/div>\n\t\t\t\t<\/div>\n\t\t\t\t<\/div>\n\t\t<div class=\"elementor-element elementor-element-926645f e-flex e-con-boxed e-con e-parent\" data-id=\"926645f\" data-element_type=\"container\" data-e-type=\"container\">\n\t\t\t\t\t<div class=\"e-con-inner\">\n\t\t<div class=\"elementor-element elementor-element-356acc1 e-con-full e-flex e-con e-child\" data-id=\"356acc1\" data-element_type=\"container\" data-e-type=\"container\">\n\t\t\t\t<div class=\"elementor-element elementor-element-7471829 elementor-widget elementor-widget-image\" data-id=\"7471829\" data-element_type=\"widget\" data-e-type=\"widget\" data-widget_type=\"image.default\">\n\t\t\t\t<div class=\"elementor-widget-container\">\n\t\t\t\t\t\t\t\t\t\t\t\t\t\t\t<img fetchpriority=\"high\" decoding=\"async\" width=\"500\" height=\"750\" src=\"https:\/\/privilegelegal.com\/wp-content\/uploads\/2023\/12\/Me_Ion_Ciobanu.webp\" class=\"attachment-full size-full wp-image-965\" alt=\"\" srcset=\"https:\/\/privilegelegal.com\/wp-content\/uploads\/2023\/12\/Me_Ion_Ciobanu.webp 500w, https:\/\/privilegelegal.com\/wp-content\/uploads\/2023\/12\/Me_Ion_Ciobanu-200x300.webp 200w\" sizes=\"(max-width: 500px) 100vw, 500px\" \/>\t\t\t\t\t\t\t\t\t\t\t\t\t\t\t<\/div>\n\t\t\t\t<\/div>\n\t\t\t\t<div class=\"elementor-element elementor-element-a134bcd elementor-shape-rounded elementor-grid-0 e-grid-align-center elementor-widget elementor-widget-social-icons\" data-id=\"a134bcd\" data-element_type=\"widget\" data-e-type=\"widget\" data-widget_type=\"social-icons.default\">\n\t\t\t\t<div class=\"elementor-widget-container\">\n\t\t\t\t\t\t\t<div class=\"elementor-social-icons-wrapper elementor-grid\" role=\"list\">\n\t\t\t\t\t\t\t<span class=\"elementor-grid-item\" role=\"listitem\">\n\t\t\t\t\t<a class=\"elementor-icon elementor-social-icon elementor-social-icon-linkedin elementor-animation-pulse-grow elementor-repeater-item-4e561b6\" href=\"https:\/\/www.linkedin.com\/in\/me-ion-ciobanu-649b0618a\/\" target=\"_blank\">\n\t\t\t\t\t\t<span class=\"elementor-screen-only\">Linkedin<\/span>\n\t\t\t\t\t\t<svg aria-hidden=\"true\" class=\"e-font-icon-svg e-fab-linkedin\" viewBox=\"0 0 448 512\" xmlns=\"http:\/\/www.w3.org\/2000\/svg\"><path d=\"M416 32H31.9C14.3 32 0 46.5 0 64.3v383.4C0 465.5 14.3 480 31.9 480H416c17.6 0 32-14.5 32-32.3V64.3c0-17.8-14.4-32.3-32-32.3zM135.4 416H69V202.2h66.5V416zm-33.2-243c-21.3 0-38.5-17.3-38.5-38.5S80.9 96 102.2 96c21.2 0 38.5 17.3 38.5 38.5 0 21.3-17.2 38.5-38.5 38.5zm282.1 243h-66.4V312c0-24.8-.5-56.7-34.5-56.7-34.6 0-39.9 27-39.9 54.9V416h-66.4V202.2h63.7v29.2h.9c8.9-16.8 30.6-34.5 62.9-34.5 67.2 0 79.7 44.3 79.7 101.9V416z\"><\/path><\/svg>\t\t\t\t\t<\/a>\n\t\t\t\t<\/span>\n\t\t\t\t\t\t\t<span class=\"elementor-grid-item\" role=\"listitem\">\n\t\t\t\t\t<a class=\"elementor-icon elementor-social-icon elementor-social-icon-whatsapp elementor-animation-pulse-grow elementor-repeater-item-e213e21\" href=\"https:\/\/wa.me\/15144441208\" target=\"_blank\">\n\t\t\t\t\t\t<span class=\"elementor-screen-only\">Whatsapp<\/span>\n\t\t\t\t\t\t<svg aria-hidden=\"true\" class=\"e-font-icon-svg e-fab-whatsapp\" viewBox=\"0 0 448 512\" xmlns=\"http:\/\/www.w3.org\/2000\/svg\"><path d=\"M380.9 97.1C339 55.1 283.2 32 223.9 32c-122.4 0-222 99.6-222 222 0 39.1 10.2 77.3 29.6 111L0 480l117.7-30.9c32.4 17.7 68.9 27 106.1 27h.1c122.3 0 224.1-99.6 224.1-222 0-59.3-25.2-115-67.1-157zm-157 341.6c-33.2 0-65.7-8.9-94-25.7l-6.7-4-69.8 18.3L72 359.2l-4.4-7c-18.5-29.4-28.2-63.3-28.2-98.2 0-101.7 82.8-184.5 184.6-184.5 49.3 0 95.6 19.2 130.4 54.1 34.8 34.9 56.2 81.2 56.1 130.5 0 101.8-84.9 184.6-186.6 184.6zm101.2-138.2c-5.5-2.8-32.8-16.2-37.9-18-5.1-1.9-8.8-2.8-12.5 2.8-3.7 5.6-14.3 18-17.6 21.8-3.2 3.7-6.5 4.2-12 1.4-32.6-16.3-54-29.1-75.5-66-5.7-9.8 5.7-9.1 16.3-30.3 1.8-3.7.9-6.9-.5-9.7-1.4-2.8-12.5-30.1-17.1-41.2-4.5-10.8-9.1-9.3-12.5-9.5-3.2-.2-6.9-.2-10.6-.2-3.7 0-9.7 1.4-14.8 6.9-5.1 5.6-19.4 19-19.4 46.3 0 27.3 19.9 53.7 22.6 57.4 2.8 3.7 39.1 59.7 94.8 83.8 35.2 15.2 49 16.5 66.6 13.9 10.7-1.6 32.8-13.4 37.4-26.4 4.6-13 4.6-24.1 3.2-26.4-1.3-2.5-5-3.9-10.5-6.6z\"><\/path><\/svg>\t\t\t\t\t<\/a>\n\t\t\t\t<\/span>\n\t\t\t\t\t\t\t<span class=\"elementor-grid-item\" role=\"listitem\">\n\t\t\t\t\t<a class=\"elementor-icon elementor-social-icon elementor-social-icon-envelope elementor-animation-pulse-grow elementor-repeater-item-c83325b\" href=\"mailto:i.ciobanu@privilegelegal.com\" target=\"_blank\">\n\t\t\t\t\t\t<span class=\"elementor-screen-only\">Envelope<\/span>\n\t\t\t\t\t\t<svg aria-hidden=\"true\" class=\"e-font-icon-svg e-fas-envelope\" viewBox=\"0 0 512 512\" xmlns=\"http:\/\/www.w3.org\/2000\/svg\"><path d=\"M502.3 190.8c3.9-3.1 9.7-.2 9.7 4.7V400c0 26.5-21.5 48-48 48H48c-26.5 0-48-21.5-48-48V195.6c0-5 5.7-7.8 9.7-4.7 22.4 17.4 52.1 39.5 154.1 113.6 21.1 15.4 56.7 47.8 92.2 47.6 35.7.3 72-32.8 92.3-47.6 102-74.1 131.6-96.3 154-113.7zM256 320c23.2.4 56.6-29.2 73.4-41.4 132.7-96.3 142.8-104.7 173.4-128.7 5.8-4.5 9.2-11.5 9.2-18.9v-19c0-26.5-21.5-48-48-48H48C21.5 64 0 85.5 0 112v19c0 7.4 3.4 14.3 9.2 18.9 30.6 23.9 40.7 32.4 173.4 128.7 16.8 12.2 50.2 41.8 73.4 41.4z\"><\/path><\/svg>\t\t\t\t\t<\/a>\n\t\t\t\t<\/span>\n\t\t\t\t\t<\/div>\n\t\t\t\t\t\t<\/div>\n\t\t\t\t<\/div>\n\t\t\t\t<div class=\"elementor-element elementor-element-8903b53 elementor-widget elementor-widget-text-editor\" data-id=\"8903b53\" data-element_type=\"widget\" data-e-type=\"widget\" data-widget_type=\"text-editor.default\">\n\t\t\t\t<div class=\"elementor-widget-container\">\n\t\t\t\t\t\t\t\t\t<p>Me Ion Ciobanu | Lawyer<br \/>+1 (514) 736-5151<br \/>i.ciobanu@privilegelegal.com<\/p>\n\t\t\t\t\t\t\t\t<\/div>\n\t\t\t\t<\/div>\n\t\t\t\t<div class=\"elementor-element elementor-element-465fd0b elementor-tablet-align-center elementor-mobile-align-center elementor-align-center elementor-invisible elementor-widget elementor-widget-button\" data-id=\"465fd0b\" data-element_type=\"widget\" data-e-type=\"widget\" data-settings=\"{&quot;_animation&quot;:&quot;fadeIn&quot;,&quot;_animation_delay&quot;:100}\" data-widget_type=\"button.default\">\n\t\t\t\t<div class=\"elementor-widget-container\">\n\t\t\t\t\t\t\t\t\t<div class=\"elementor-button-wrapper\">\n\t\t\t\t\t<a class=\"elementor-button elementor-button-link elementor-size-sm\" href=\"https:\/\/privilegelegal.com\/en\/contact\/\">\n\t\t\t\t\t\t<span class=\"elementor-button-content-wrapper\">\n\t\t\t\t\t\t\t\t\t<span class=\"elementor-button-text\">Make an appointment<\/span>\n\t\t\t\t\t<\/span>\n\t\t\t\t\t<\/a>\n\t\t\t\t<\/div>\n\t\t\t\t\t\t\t\t<\/div>\n\t\t\t\t<\/div>\n\t\t\t\t<\/div>\n\t\t<div class=\"elementor-element elementor-element-9c5f687 e-con-full e-flex e-con e-child\" data-id=\"9c5f687\" data-element_type=\"container\" data-e-type=\"container\">\n\t\t\t\t<div class=\"elementor-element elementor-element-f88c494 elementor-widget elementor-widget-heading\" data-id=\"f88c494\" data-element_type=\"widget\" data-e-type=\"widget\" data-widget_type=\"heading.default\">\n\t\t\t\t<div class=\"elementor-widget-container\">\n\t\t\t\t\t<h2 class=\"elementor-heading-title elementor-size-default\">Ion Ciobanu, lawyer<\/h2>\t\t\t\t<\/div>\n\t\t\t\t<\/div>\n\t\t\t\t<div class=\"elementor-element elementor-element-4794f04 elementor-widget elementor-widget-text-editor\" data-id=\"4794f04\" data-element_type=\"widget\" data-e-type=\"widget\" data-widget_type=\"text-editor.default\">\n\t\t\t\t<div class=\"elementor-widget-container\">\n\t\t\t\t\t\t\t\t\t<p>Me Ciobanu, who holds a law degree from Quebec, completed his training at the Universit\u00e9 de Montr\u00e9al before being sworn in to the Quebec Bar in 2018. He also holds a Master&#8217;s degree in civil law, which he obtained in Moldavia before choosing to settle in Quebec. He has extensive legal experience in Europe and Canada.<\/p>\n<p>With significant experience as a general contractor in the Quebec construction industry, he specializes mainly in corporate and construction law.<\/p>\n<p>In addition to his expertise in these areas, Mr. Ciobanu also practices immigration law, family law, general civil law and administrative law. His experience extends to litigation, notably before the Immigration and Refugee Board of Canada (IRB) and the Federal Court of Canada.<\/p>\n<p>His mastery of several languages, including French, English, Russian and Romanian, enables him to offer professional multilingual legal services. He is an undeniable asset for Privil\u00e8ge L\u00e9gal.<\/p>\n<p><strong>Associations<\/strong><br \/><a href=\"https:\/\/www.barreau.qc.ca\/fr\/trouver-un-avocat\/membre\/?id=1091e6b1afbfe2fee39687aa569d707e55245b5f2e2e43d31644e3c6a4d03b0b&amp;backUrl=%2Ffr%2Ftrouver-un-avocat%2Fresultats%2F%3Fln%3DCiobanu\" target=\"_blank\" rel=\"noopener\">Member of the Quebec Bar (2018)<\/a><br \/><a href=\"https:\/\/www.aqaadi.com\/fr\/liste-des-membres\/detail\/id\/impNaLu6ffJYurzrRglqWFuY\" target=\"_blank\" rel=\"noopener\">Member of AQAADI (2019)<\/a><\/p>\n<p><strong>Training<\/strong><br \/>Law <span style=\"color: var( --e-global-color-text ); font-family: var( --e-global-typography-text-font-family ), Sans-serif; font-size: var( --e-global-typography-text-font-size ); font-style: var( --e-global-typography-text-font-style ); font-weight: var( --e-global-typography-text-font-weight ); letter-spacing: var( --e-global-typography-text-letter-spacing ); text-transform: var( --e-global-typography-text-text-transform ); text-align: var(--text-align);\">degree<\/span><span style=\"color: var( --e-global-color-text ); font-family: var( --e-global-typography-text-font-family ), Sans-serif; font-size: var( --e-global-typography-text-font-size ); font-style: var( --e-global-typography-text-font-style ); font-weight: var( --e-global-typography-text-font-weight ); letter-spacing: var( --e-global-typography-text-letter-spacing ); text-transform: var( --e-global-typography-text-text-transform ); text-align: var(--text-align);\">Universit\u00e9 de Montr\u00e9al (2017)<br \/><\/span><span style=\"color: var( --e-global-color-text ); font-family: var( --e-global-typography-text-font-family ), Sans-serif; font-size: var( --e-global-typography-text-font-size ); font-style: var( --e-global-typography-text-font-style ); font-weight: var( --e-global-typography-text-font-weight ); letter-spacing: var( --e-global-typography-text-letter-spacing ); text-transform: var( --e-global-typography-text-text-transform ); text-align: var(--text-align);\">Matter degree <\/span><span style=\"color: var( --e-global-color-text ); font-family: var( --e-global-typography-text-font-family ), Sans-serif; font-size: var( --e-global-typography-text-font-size ); font-style: var( --e-global-typography-text-font-style ); font-weight: var( --e-global-typography-text-font-weight ); letter-spacing: var( --e-global-typography-text-letter-spacing ); text-transform: var( --e-global-typography-text-text-transform ); text-align: var(--text-align);\"> in Civil Law <\/span><span style=\"color: var( --e-global-color-text ); font-family: var( --e-global-typography-text-font-family ), Sans-serif; font-size: var( --e-global-typography-text-font-size ); font-style: var( --e-global-typography-text-font-style ); font-weight: var( --e-global-typography-text-font-weight ); letter-spacing: var( --e-global-typography-text-letter-spacing ); text-align: var(--text-align); text-transform: var( --e-global-typography-text-text-transform );\"> Acad\u00e9mie Stefan cel Mare de Moldavie (2004)<\/span><\/p>\n<p>Languages spoken: French, English, Romanian, Russian <\/p>\n\t\t\t\t\t\t\t\t<\/div>\n\t\t\t\t<\/div>\n\t\t\t\t<\/div>\n\t\t\t\t\t<\/div>\n\t\t\t\t<\/div>\n\t\t<div class=\"elementor-element elementor-element-4392288 e-flex e-con-boxed e-con e-parent\" data-id=\"4392288\" data-element_type=\"container\" data-e-type=\"container\" data-settings=\"{&quot;background_background&quot;:&quot;classic&quot;}\">\n\t\t\t\t\t<div class=\"e-con-inner\">\n\t\t<div class=\"elementor-element elementor-element-9d6d2ff e-flex e-con-boxed e-con e-child\" data-id=\"9d6d2ff\" data-element_type=\"container\" data-e-type=\"container\" data-settings=\"{&quot;background_background&quot;:&quot;classic&quot;}\">\n\t\t\t\t\t<div class=\"e-con-inner\">\n\t\t\t\t<div class=\"elementor-element elementor-element-9342e09 elementor-widget__width-inherit elementor-widget elementor-widget-gallery\" data-id=\"9342e09\" data-element_type=\"widget\" data-e-type=\"widget\" data-settings=\"{&quot;gallery_layout&quot;:&quot;masonry&quot;,&quot;columns&quot;:2,&quot;columns_tablet&quot;:3,&quot;columns_mobile&quot;:2,&quot;gap&quot;:{&quot;unit&quot;:&quot;px&quot;,&quot;size&quot;:100,&quot;sizes&quot;:[]},&quot;gap_tablet&quot;:{&quot;unit&quot;:&quot;px&quot;,&quot;size&quot;:50,&quot;sizes&quot;:[]},&quot;gap_mobile&quot;:{&quot;unit&quot;:&quot;px&quot;,&quot;size&quot;:60,&quot;sizes&quot;:[]},&quot;content_hover_animation&quot;:&quot;fade-in&quot;}\" data-widget_type=\"gallery.default\">\n\t\t\t\t<div class=\"elementor-widget-container\">\n\t\t\t\t\t\t\t<div class=\"elementor-gallery__container\">\n\t\t\t\t\t\t\t<div class=\"e-gallery-item elementor-gallery-item elementor-animated-content\">\n\t\t\t\t\t<div class=\"e-gallery-image elementor-gallery-item__image\" data-thumbnail=\"https:\/\/privilegelegal.com\/wp-content\/uploads\/2023\/12\/logo-barreauqc-white.svg\" data-width=\"190\" data-height=\"57\" aria-label=\"\" role=\"img\" ><\/div>\n\t\t\t\t\t\t\t\t\t\t\t\t\t\t<\/div>\n\t\t\t\t\t\t\t<div class=\"e-gallery-item elementor-gallery-item elementor-animated-content\">\n\t\t\t\t\t<div class=\"e-gallery-image elementor-gallery-item__image\" data-thumbnail=\"https:\/\/privilegelegal.com\/wp-content\/uploads\/2023\/12\/logo-wh-aqaadi.png\" data-width=\"334\" data-height=\"95\" aria-label=\"\" role=\"img\" ><\/div>\n\t\t\t\t\t\t\t\t\t\t\t\t\t\t<\/div>\n\t\t\t\t\t<\/div>\n\t\t\t\t\t<\/div>\n\t\t\t\t<\/div>\n\t\t\t\t\t<\/div>\n\t\t\t\t<\/div>\n\t\t\t\t\t<\/div>\n\t\t\t\t<\/div>\n\t\t\t\t<\/div>\n\t\t","protected":false},"excerpt":{"rendered":"<p>Me Ion Ciobanu Realize your ambitionsbeyond borders. Linkedin Whatsapp Envelope Me Ion Ciobanu | Lawyer+1 (514) 736-5151i.ciobanu@privilegelegal.com Make an appointment Ion Ciobanu, lawyer Me Ciobanu, who holds a law degree from Quebec, completed his training at the Universit\u00e9 de Montr\u00e9al before being sworn in to the Quebec Bar in 2018. He also holds a Master&#8217;s [&hellip;]<\/p>\n","protected":false},"author":2,"featured_media":0,"parent":1013,"menu_order":0,"comment_status":"closed","ping_status":"closed","template":"","meta":{"footnotes":""},"class_list":["post-1030","page","type-page","status-publish","hentry"],"yoast_head":"<!-- This site is optimized with the Yoast SEO plugin v27.4 - https:\/\/yoast.com\/product\/yoast-seo-wordpress\/ -->\n<title>Ion Ciobanu - Privil\u00e8ge L\u00e9gal sencrl<\/title>\n<meta name=\"description\" content=\"Ion Ciobanu, a Quebec law graduate from the Universit\u00e9 de Montr\u00e9al before being sworn in to the Quebec Bar in 2018.\" \/>\n<meta name=\"robots\" content=\"index, follow, max-snippet:-1, max-image-preview:large, max-video-preview:-1\" \/>\n<link rel=\"canonical\" href=\"https:\/\/privilegelegal.com\/en\/about-us\/ion-ciobanu\/\" \/>\n<meta property=\"og:locale\" content=\"en_US\" \/>\n<meta property=\"og:type\" content=\"article\" \/>\n<meta property=\"og:title\" content=\"Ion Ciobanu - Privil\u00e8ge L\u00e9gal sencrl\" \/>\n<meta property=\"og:description\" content=\"Ion Ciobanu, a Quebec law graduate from the Universit\u00e9 de Montr\u00e9al before being sworn in to the Quebec Bar in 2018.\" \/>\n<meta property=\"og:url\" content=\"https:\/\/privilegelegal.com\/en\/about-us\/ion-ciobanu\/\" \/>\n<meta property=\"og:site_name\" content=\"Privil\u00e8ge L\u00e9gal sencrl\" \/>\n<meta property=\"article:modified_time\" content=\"2024-01-17T19:38:53+00:00\" \/>\n<meta property=\"og:image\" content=\"https:\/\/privilegelegal.com\/wp-content\/uploads\/2023\/12\/Me_Ion_Ciobanu.webp\" \/>\n<meta name=\"twitter:card\" content=\"summary_large_image\" \/>\n<meta name=\"twitter:label1\" content=\"Est. reading time\" \/>\n\t<meta name=\"twitter:data1\" content=\"2 minutes\" \/>\n<script type=\"application\/ld+json\" class=\"yoast-schema-graph\">{\"@context\":\"https:\\\/\\\/schema.org\",\"@graph\":[{\"@type\":\"WebPage\",\"@id\":\"https:\\\/\\\/privilegelegal.com\\\/en\\\/about-us\\\/ion-ciobanu\\\/\",\"url\":\"https:\\\/\\\/privilegelegal.com\\\/en\\\/about-us\\\/ion-ciobanu\\\/\",\"name\":\"Ion Ciobanu - Privil\u00e8ge L\u00e9gal sencrl\",\"isPartOf\":{\"@id\":\"https:\\\/\\\/privilegelegal.com\\\/en\\\/#website\"},\"primaryImageOfPage\":{\"@id\":\"https:\\\/\\\/privilegelegal.com\\\/en\\\/about-us\\\/ion-ciobanu\\\/#primaryimage\"},\"image\":{\"@id\":\"https:\\\/\\\/privilegelegal.com\\\/en\\\/about-us\\\/ion-ciobanu\\\/#primaryimage\"},\"thumbnailUrl\":\"https:\\\/\\\/privilegelegal.com\\\/wp-content\\\/uploads\\\/2023\\\/12\\\/Me_Ion_Ciobanu.webp\",\"datePublished\":\"2023-12-22T20:58:43+00:00\",\"dateModified\":\"2024-01-17T19:38:53+00:00\",\"description\":\"Ion Ciobanu, a Quebec law graduate from the Universit\u00e9 de Montr\u00e9al before being sworn in to the Quebec Bar in 2018.\",\"breadcrumb\":{\"@id\":\"https:\\\/\\\/privilegelegal.com\\\/en\\\/about-us\\\/ion-ciobanu\\\/#breadcrumb\"},\"inLanguage\":\"en-CA\",\"potentialAction\":[{\"@type\":\"ReadAction\",\"target\":[\"https:\\\/\\\/privilegelegal.com\\\/en\\\/about-us\\\/ion-ciobanu\\\/\"]}]},{\"@type\":\"ImageObject\",\"inLanguage\":\"en-CA\",\"@id\":\"https:\\\/\\\/privilegelegal.com\\\/en\\\/about-us\\\/ion-ciobanu\\\/#primaryimage\",\"url\":\"https:\\\/\\\/privilegelegal.com\\\/wp-content\\\/uploads\\\/2023\\\/12\\\/Me_Ion_Ciobanu.webp\",\"contentUrl\":\"https:\\\/\\\/privilegelegal.com\\\/wp-content\\\/uploads\\\/2023\\\/12\\\/Me_Ion_Ciobanu.webp\"},{\"@type\":\"BreadcrumbList\",\"@id\":\"https:\\\/\\\/privilegelegal.com\\\/en\\\/about-us\\\/ion-ciobanu\\\/#breadcrumb\",\"itemListElement\":[{\"@type\":\"ListItem\",\"position\":1,\"name\":\"Accueil\",\"item\":\"https:\\\/\\\/privilegelegal.com\\\/en\\\/privilege-legal-sencrl\\\/\"},{\"@type\":\"ListItem\",\"position\":2,\"name\":\"About us\",\"item\":\"https:\\\/\\\/privilegelegal.com\\\/en\\\/about-us\\\/\"},{\"@type\":\"ListItem\",\"position\":3,\"name\":\"Ion Ciobanu\"}]},{\"@type\":\"WebSite\",\"@id\":\"https:\\\/\\\/privilegelegal.com\\\/en\\\/#website\",\"url\":\"https:\\\/\\\/privilegelegal.com\\\/en\\\/\",\"name\":\"Privil\u00e8ge L\u00e9gal sencrl\",\"description\":\"R\u00e9alisez vos ambitions au-del\u00e0 des fronti\u00e8res.\",\"publisher\":{\"@id\":\"https:\\\/\\\/privilegelegal.com\\\/en\\\/#organization\"},\"potentialAction\":[{\"@type\":\"SearchAction\",\"target\":{\"@type\":\"EntryPoint\",\"urlTemplate\":\"https:\\\/\\\/privilegelegal.com\\\/en\\\/?s={search_term_string}\"},\"query-input\":{\"@type\":\"PropertyValueSpecification\",\"valueRequired\":true,\"valueName\":\"search_term_string\"}}],\"inLanguage\":\"en-CA\"},{\"@type\":\"Organization\",\"@id\":\"https:\\\/\\\/privilegelegal.com\\\/en\\\/#organization\",\"name\":\"Privil\u00e8ge L\u00e9gal sencrl\",\"url\":\"https:\\\/\\\/privilegelegal.com\\\/en\\\/\",\"logo\":{\"@type\":\"ImageObject\",\"inLanguage\":\"en-CA\",\"@id\":\"https:\\\/\\\/privilegelegal.com\\\/en\\\/#\\\/schema\\\/logo\\\/image\\\/\",\"url\":\"https:\\\/\\\/privilegelegal.com\\\/wp-content\\\/uploads\\\/2023\\\/11\\\/PrivilegeLegal_Logo_site.png\",\"contentUrl\":\"https:\\\/\\\/privilegelegal.com\\\/wp-content\\\/uploads\\\/2023\\\/11\\\/PrivilegeLegal_Logo_site.png\",\"width\":129,\"height\":100,\"caption\":\"Privil\u00e8ge L\u00e9gal sencrl\"},\"image\":{\"@id\":\"https:\\\/\\\/privilegelegal.com\\\/en\\\/#\\\/schema\\\/logo\\\/image\\\/\"}}]}<\/script>\n<!-- \/ Yoast SEO plugin. -->","yoast_head_json":{"title":"Ion Ciobanu - Privil\u00e8ge L\u00e9gal sencrl","description":"Ion Ciobanu, a Quebec law graduate from the Universit\u00e9 de Montr\u00e9al before being sworn in to the Quebec Bar in 2018.","robots":{"index":"index","follow":"follow","max-snippet":"max-snippet:-1","max-image-preview":"max-image-preview:large","max-video-preview":"max-video-preview:-1"},"canonical":"https:\/\/privilegelegal.com\/en\/about-us\/ion-ciobanu\/","og_locale":"en_US","og_type":"article","og_title":"Ion Ciobanu - Privil\u00e8ge L\u00e9gal sencrl","og_description":"Ion Ciobanu, a Quebec law graduate from the Universit\u00e9 de Montr\u00e9al before being sworn in to the Quebec Bar in 2018.","og_url":"https:\/\/privilegelegal.com\/en\/about-us\/ion-ciobanu\/","og_site_name":"Privil\u00e8ge L\u00e9gal sencrl","article_modified_time":"2024-01-17T19:38:53+00:00","og_image":[{"url":"https:\/\/privilegelegal.com\/wp-content\/uploads\/2023\/12\/Me_Ion_Ciobanu.webp","type":"","width":"","height":""}],"twitter_card":"summary_large_image","twitter_misc":{"Est. reading time":"2 minutes"},"schema":{"@context":"https:\/\/schema.org","@graph":[{"@type":"WebPage","@id":"https:\/\/privilegelegal.com\/en\/about-us\/ion-ciobanu\/","url":"https:\/\/privilegelegal.com\/en\/about-us\/ion-ciobanu\/","name":"Ion Ciobanu - Privil\u00e8ge L\u00e9gal sencrl","isPartOf":{"@id":"https:\/\/privilegelegal.com\/en\/#website"},"primaryImageOfPage":{"@id":"https:\/\/privilegelegal.com\/en\/about-us\/ion-ciobanu\/#primaryimage"},"image":{"@id":"https:\/\/privilegelegal.com\/en\/about-us\/ion-ciobanu\/#primaryimage"},"thumbnailUrl":"https:\/\/privilegelegal.com\/wp-content\/uploads\/2023\/12\/Me_Ion_Ciobanu.webp","datePublished":"2023-12-22T20:58:43+00:00","dateModified":"2024-01-17T19:38:53+00:00","description":"Ion Ciobanu, a Quebec law graduate from the Universit\u00e9 de Montr\u00e9al before being sworn in to the Quebec Bar in 2018.","breadcrumb":{"@id":"https:\/\/privilegelegal.com\/en\/about-us\/ion-ciobanu\/#breadcrumb"},"inLanguage":"en-CA","potentialAction":[{"@type":"ReadAction","target":["https:\/\/privilegelegal.com\/en\/about-us\/ion-ciobanu\/"]}]},{"@type":"ImageObject","inLanguage":"en-CA","@id":"https:\/\/privilegelegal.com\/en\/about-us\/ion-ciobanu\/#primaryimage","url":"https:\/\/privilegelegal.com\/wp-content\/uploads\/2023\/12\/Me_Ion_Ciobanu.webp","contentUrl":"https:\/\/privilegelegal.com\/wp-content\/uploads\/2023\/12\/Me_Ion_Ciobanu.webp"},{"@type":"BreadcrumbList","@id":"https:\/\/privilegelegal.com\/en\/about-us\/ion-ciobanu\/#breadcrumb","itemListElement":[{"@type":"ListItem","position":1,"name":"Accueil","item":"https:\/\/privilegelegal.com\/en\/privilege-legal-sencrl\/"},{"@type":"ListItem","position":2,"name":"About us","item":"https:\/\/privilegelegal.com\/en\/about-us\/"},{"@type":"ListItem","position":3,"name":"Ion Ciobanu"}]},{"@type":"WebSite","@id":"https:\/\/privilegelegal.com\/en\/#website","url":"https:\/\/privilegelegal.com\/en\/","name":"Privil\u00e8ge L\u00e9gal sencrl","description":"R\u00e9alisez vos ambitions au-del\u00e0 des fronti\u00e8res.","publisher":{"@id":"https:\/\/privilegelegal.com\/en\/#organization"},"potentialAction":[{"@type":"SearchAction","target":{"@type":"EntryPoint","urlTemplate":"https:\/\/privilegelegal.com\/en\/?s={search_term_string}"},"query-input":{"@type":"PropertyValueSpecification","valueRequired":true,"valueName":"search_term_string"}}],"inLanguage":"en-CA"},{"@type":"Organization","@id":"https:\/\/privilegelegal.com\/en\/#organization","name":"Privil\u00e8ge L\u00e9gal sencrl","url":"https:\/\/privilegelegal.com\/en\/","logo":{"@type":"ImageObject","inLanguage":"en-CA","@id":"https:\/\/privilegelegal.com\/en\/#\/schema\/logo\/image\/","url":"https:\/\/privilegelegal.com\/wp-content\/uploads\/2023\/11\/PrivilegeLegal_Logo_site.png","contentUrl":"https:\/\/privilegelegal.com\/wp-content\/uploads\/2023\/11\/PrivilegeLegal_Logo_site.png","width":129,"height":100,"caption":"Privil\u00e8ge L\u00e9gal sencrl"},"image":{"@id":"https:\/\/privilegelegal.com\/en\/#\/schema\/logo\/image\/"}}]}},"_links":{"self":[{"href":"https:\/\/privilegelegal.com\/en\/wp-json\/wp\/v2\/pages\/1030","targetHints":{"allow":["GET"]}}],"collection":[{"href":"https:\/\/privilegelegal.com\/en\/wp-json\/wp\/v2\/pages"}],"about":[{"href":"https:\/\/privilegelegal.com\/en\/wp-json\/wp\/v2\/types\/page"}],"author":[{"embeddable":true,"href":"https:\/\/privilegelegal.com\/en\/wp-json\/wp\/v2\/users\/2"}],"replies":[{"embeddable":true,"href":"https:\/\/privilegelegal.com\/en\/wp-json\/wp\/v2\/comments?post=1030"}],"version-history":[{"count":12,"href":"https:\/\/privilegelegal.com\/en\/wp-json\/wp\/v2\/pages\/1030\/revisions"}],"predecessor-version":[{"id":1042,"href":"https:\/\/privilegelegal.com\/en\/wp-json\/wp\/v2\/pages\/1030\/revisions\/1042"}],"up":[{"embeddable":true,"href":"https:\/\/privilegelegal.com\/en\/wp-json\/wp\/v2\/pages\/1013"}],"wp:attachment":[{"href":"https:\/\/privilegelegal.com\/en\/wp-json\/wp\/v2\/media?parent=1030"}],"curies":[{"name":"wp","href":"https:\/\/api.w.org\/{rel}","templated":true}]}}