{"id":1026,"date":"2023-12-22T22:42:59","date_gmt":"2023-12-22T22:42:59","guid":{"rendered":"https:\/\/privilegelegal.com\/about-us\/houda-bougottaya\/"},"modified":"2024-01-17T19:30:30","modified_gmt":"2024-01-17T19:30:30","slug":"houda-bougottaya","status":"publish","type":"page","link":"https:\/\/privilegelegal.com\/en\/about-us\/houda-bougottaya\/","title":{"rendered":"Houda Bougottaya"},"content":{"rendered":"\t\t<div data-elementor-type=\"wp-page\" data-elementor-id=\"1026\" class=\"elementor elementor-1026 elementor-586\" data-elementor-post-type=\"page\">\n\t\t\t\t<div class=\"elementor-element elementor-element-2199016 e-con-full e-flex e-con e-parent\" data-id=\"2199016\" data-element_type=\"container\" data-e-type=\"container\" data-settings=\"{&quot;background_background&quot;:&quot;classic&quot;}\">\n\t\t<div class=\"elementor-element elementor-element-3745a85 e-flex e-con-boxed e-con e-child\" data-id=\"3745a85\" data-element_type=\"container\" data-e-type=\"container\">\n\t\t\t\t\t<div class=\"e-con-inner\">\n\t\t<div class=\"elementor-element elementor-element-afa0737 e-con-full e-flex e-con e-child\" data-id=\"afa0737\" data-element_type=\"container\" data-e-type=\"container\">\n\t\t\t\t<div class=\"elementor-element elementor-element-0328bd3 elementor-invisible elementor-widget elementor-widget-heading\" data-id=\"0328bd3\" data-element_type=\"widget\" data-e-type=\"widget\" data-settings=\"{&quot;_animation&quot;:&quot;fadeIn&quot;}\" data-widget_type=\"heading.default\">\n\t\t\t\t<div class=\"elementor-widget-container\">\n\t\t\t\t\t<h1 class=\"elementor-heading-title elementor-size-default\">Houda Bougottaya<\/h1>\t\t\t\t<\/div>\n\t\t\t\t<\/div>\n\t\t\t\t<\/div>\n\t\t<div class=\"elementor-element elementor-element-f5c134b e-flex e-con-boxed e-con e-child\" data-id=\"f5c134b\" data-element_type=\"container\" data-e-type=\"container\">\n\t\t\t\t\t<div class=\"e-con-inner\">\n\t\t\t\t<div class=\"elementor-element elementor-element-3398a18 elementor-widget elementor-widget-heading\" data-id=\"3398a18\" data-element_type=\"widget\" data-e-type=\"widget\" data-widget_type=\"heading.default\">\n\t\t\t\t<div class=\"elementor-widget-container\">\n\t\t\t\t\t<h2 class=\"elementor-heading-title elementor-size-default\">Realize your ambitions<br>beyond borders.<\/h2>\t\t\t\t<\/div>\n\t\t\t\t<\/div>\n\t\t\t\t\t<\/div>\n\t\t\t\t<\/div>\n\t\t\t\t\t<\/div>\n\t\t\t\t<\/div>\n\t\t\t\t<\/div>\n\t\t<div class=\"elementor-element elementor-element-93eb0b5 e-flex e-con-boxed e-con e-parent\" data-id=\"93eb0b5\" data-element_type=\"container\" data-e-type=\"container\">\n\t\t\t\t\t<div class=\"e-con-inner\">\n\t\t<div class=\"elementor-element elementor-element-31ada56 e-con-full e-flex e-con e-child\" data-id=\"31ada56\" data-element_type=\"container\" data-e-type=\"container\">\n\t\t\t\t<div class=\"elementor-element elementor-element-9471046 elementor-widget elementor-widget-image\" data-id=\"9471046\" data-element_type=\"widget\" data-e-type=\"widget\" data-widget_type=\"image.default\">\n\t\t\t\t<div class=\"elementor-widget-container\">\n\t\t\t\t\t\t\t\t\t\t\t\t\t\t\t<img fetchpriority=\"high\" decoding=\"async\" width=\"667\" height=\"1000\" src=\"https:\/\/privilegelegal.com\/wp-content\/uploads\/2023\/12\/Mme_Houda_Bougottaya.webp\" class=\"attachment-full size-full wp-image-967\" alt=\"\" srcset=\"https:\/\/privilegelegal.com\/wp-content\/uploads\/2023\/12\/Mme_Houda_Bougottaya.webp 667w, https:\/\/privilegelegal.com\/wp-content\/uploads\/2023\/12\/Mme_Houda_Bougottaya-200x300.webp 200w\" sizes=\"(max-width: 667px) 100vw, 667px\" \/>\t\t\t\t\t\t\t\t\t\t\t\t\t\t\t<\/div>\n\t\t\t\t<\/div>\n\t\t\t\t<div class=\"elementor-element elementor-element-c287a0c elementor-shape-rounded elementor-grid-0 e-grid-align-center elementor-widget elementor-widget-social-icons\" data-id=\"c287a0c\" data-element_type=\"widget\" data-e-type=\"widget\" data-widget_type=\"social-icons.default\">\n\t\t\t\t<div class=\"elementor-widget-container\">\n\t\t\t\t\t\t\t<div class=\"elementor-social-icons-wrapper elementor-grid\" role=\"list\">\n\t\t\t\t\t\t\t<span class=\"elementor-grid-item\" role=\"listitem\">\n\t\t\t\t\t<a class=\"elementor-icon elementor-social-icon elementor-social-icon-linkedin elementor-animation-pulse-grow elementor-repeater-item-4e561b6\" href=\"#\" target=\"_blank\">\n\t\t\t\t\t\t<span class=\"elementor-screen-only\">Linkedin<\/span>\n\t\t\t\t\t\t<svg aria-hidden=\"true\" class=\"e-font-icon-svg e-fab-linkedin\" viewBox=\"0 0 448 512\" xmlns=\"http:\/\/www.w3.org\/2000\/svg\"><path d=\"M416 32H31.9C14.3 32 0 46.5 0 64.3v383.4C0 465.5 14.3 480 31.9 480H416c17.6 0 32-14.5 32-32.3V64.3c0-17.8-14.4-32.3-32-32.3zM135.4 416H69V202.2h66.5V416zm-33.2-243c-21.3 0-38.5-17.3-38.5-38.5S80.9 96 102.2 96c21.2 0 38.5 17.3 38.5 38.5 0 21.3-17.2 38.5-38.5 38.5zm282.1 243h-66.4V312c0-24.8-.5-56.7-34.5-56.7-34.6 0-39.9 27-39.9 54.9V416h-66.4V202.2h63.7v29.2h.9c8.9-16.8 30.6-34.5 62.9-34.5 67.2 0 79.7 44.3 79.7 101.9V416z\"><\/path><\/svg>\t\t\t\t\t<\/a>\n\t\t\t\t<\/span>\n\t\t\t\t\t\t\t<span class=\"elementor-grid-item\" role=\"listitem\">\n\t\t\t\t\t<a class=\"elementor-icon elementor-social-icon elementor-social-icon-envelope elementor-animation-pulse-grow elementor-repeater-item-c83325b\" href=\"mailto:h.bougottaya@privilegelegal.com\" target=\"_blank\">\n\t\t\t\t\t\t<span class=\"elementor-screen-only\">Envelope<\/span>\n\t\t\t\t\t\t<svg aria-hidden=\"true\" class=\"e-font-icon-svg e-fas-envelope\" viewBox=\"0 0 512 512\" xmlns=\"http:\/\/www.w3.org\/2000\/svg\"><path d=\"M502.3 190.8c3.9-3.1 9.7-.2 9.7 4.7V400c0 26.5-21.5 48-48 48H48c-26.5 0-48-21.5-48-48V195.6c0-5 5.7-7.8 9.7-4.7 22.4 17.4 52.1 39.5 154.1 113.6 21.1 15.4 56.7 47.8 92.2 47.6 35.7.3 72-32.8 92.3-47.6 102-74.1 131.6-96.3 154-113.7zM256 320c23.2.4 56.6-29.2 73.4-41.4 132.7-96.3 142.8-104.7 173.4-128.7 5.8-4.5 9.2-11.5 9.2-18.9v-19c0-26.5-21.5-48-48-48H48C21.5 64 0 85.5 0 112v19c0 7.4 3.4 14.3 9.2 18.9 30.6 23.9 40.7 32.4 173.4 128.7 16.8 12.2 50.2 41.8 73.4 41.4z\"><\/path><\/svg>\t\t\t\t\t<\/a>\n\t\t\t\t<\/span>\n\t\t\t\t\t<\/div>\n\t\t\t\t\t\t<\/div>\n\t\t\t\t<\/div>\n\t\t\t\t<div class=\"elementor-element elementor-element-b707e9c elementor-widget elementor-widget-text-editor\" data-id=\"b707e9c\" data-element_type=\"widget\" data-e-type=\"widget\" data-widget_type=\"text-editor.default\">\n\t\t\t\t<div class=\"elementor-widget-container\">\n\t\t\t\t\t\t\t\t\t<p>Houda Bougottaya | Assistant<br \/>+1 (514) 736-5151<br \/>h.bougottaya@privilegelegal.com<\/p>\n\t\t\t\t\t\t\t\t<\/div>\n\t\t\t\t<\/div>\n\t\t\t\t<div class=\"elementor-element elementor-element-9b60c3d elementor-tablet-align-center elementor-mobile-align-center elementor-align-center elementor-invisible elementor-widget elementor-widget-button\" data-id=\"9b60c3d\" data-element_type=\"widget\" data-e-type=\"widget\" data-settings=\"{&quot;_animation&quot;:&quot;fadeIn&quot;,&quot;_animation_delay&quot;:100}\" data-widget_type=\"button.default\">\n\t\t\t\t<div class=\"elementor-widget-container\">\n\t\t\t\t\t\t\t\t\t<div class=\"elementor-button-wrapper\">\n\t\t\t\t\t<a class=\"elementor-button elementor-button-link elementor-size-sm\" href=\"https:\/\/privilegelegal.com\/en\/contact\/\">\n\t\t\t\t\t\t<span class=\"elementor-button-content-wrapper\">\n\t\t\t\t\t\t\t\t\t<span class=\"elementor-button-text\">Make an appointment<\/span>\n\t\t\t\t\t<\/span>\n\t\t\t\t\t<\/a>\n\t\t\t\t<\/div>\n\t\t\t\t\t\t\t\t<\/div>\n\t\t\t\t<\/div>\n\t\t\t\t<\/div>\n\t\t<div class=\"elementor-element elementor-element-7362b0b e-con-full e-flex e-con e-child\" data-id=\"7362b0b\" data-element_type=\"container\" data-e-type=\"container\">\n\t\t\t\t<div class=\"elementor-element elementor-element-51ac2e3 elementor-widget elementor-widget-heading\" data-id=\"51ac2e3\" data-element_type=\"widget\" data-e-type=\"widget\" data-widget_type=\"heading.default\">\n\t\t\t\t<div class=\"elementor-widget-container\">\n\t\t\t\t\t<h2 class=\"elementor-heading-title elementor-size-default\">Houda Bougottaya, Assistant<br> and collaborator<\/h2>\t\t\t\t<\/div>\n\t\t\t\t<\/div>\n\t\t\t\t<div class=\"elementor-element elementor-element-8ba73f9 elementor-widget elementor-widget-text-editor\" data-id=\"8ba73f9\" data-element_type=\"widget\" data-e-type=\"widget\" data-widget_type=\"text-editor.default\">\n\t\t\t\t<div class=\"elementor-widget-container\">\n\t\t\t\t\t\t\t\t\t<p>Since 2006, Houda Bougottaya has held a Master&#8217;s degree in Business Law from the Faculty of Legal, Political and Social Sciences in Tunis, Tunisia. Houda is much more than an experienced lawyer.<\/p>\n<p>With a diversified legal career in Tunisia, she acquired her skills and experience at her Tunis law firm, where she successfully handled numerous cases in commercial, civil, land, criminal and administrative law, as well as delicate family law matters. His experience in international law has enabled him to develop expertise in drafting and negotiating contracts for clients on an international scale.<\/p>\n<p>This remarkable career also includes seven (7) years&#8217; experience in the office of the Vice President of Finance at the African Development Bank. Houda brings to Privil\u00e8ge L\u00e9gal an unfailing passion for taking on new challenges, strengthening the team with her expertise and exceptional dynamism.<\/p>\n<p>His command of several languages, including French, English and Arabic, makes him a valuable addition to the team. It goes without saying that Houda Bougattoya is an undeniable asset for Privil\u00e8ge L\u00e9gal.<\/p>\n<p><strong>Associations<\/strong><br \/>Member of the Tunisian Bar (2006)<br \/>Member of the Tunisian Association of Young Lawyers (ATJA)<\/p>\n<p><strong>Previous jobs<br \/><\/strong>Civil servant &#8211; African Development Bank &#8211; Tunis, Tunisia and Abidjan, Ivory Coast (2010-2017)<\/p>\n<p><strong>Training<\/strong><br \/>Graduate of the University of Legal, Political and Social Sciences of Tunis (2006)<\/p>\n<p>Languages spoken: French, English and Arabic<\/p>\n\t\t\t\t\t\t\t\t<\/div>\n\t\t\t\t<\/div>\n\t\t\t\t<\/div>\n\t\t\t\t\t<\/div>\n\t\t\t\t<\/div>\n\t\t<div class=\"elementor-element elementor-element-fcf65c7 e-con-full animated-slow e-flex elementor-invisible e-con e-parent\" data-id=\"fcf65c7\" data-element_type=\"container\" data-e-type=\"container\" data-settings=\"{&quot;animation&quot;:&quot;fadeInLeft&quot;,&quot;animation_delay&quot;:100}\">\n\t\t\t\t<div class=\"elementor-element elementor-element-8c6c7c7 animated-slow elementor-widget-divider--view-line elementor-invisible elementor-widget elementor-widget-divider\" data-id=\"8c6c7c7\" data-element_type=\"widget\" data-e-type=\"widget\" data-settings=\"{&quot;_animation&quot;:&quot;fadeInRight&quot;,&quot;_animation_delay&quot;:500}\" data-widget_type=\"divider.default\">\n\t\t\t\t<div class=\"elementor-widget-container\">\n\t\t\t\t\t\t\t<div class=\"elementor-divider\">\n\t\t\t<span class=\"elementor-divider-separator\">\n\t\t\t\t\t\t<\/span>\n\t\t<\/div>\n\t\t\t\t\t\t<\/div>\n\t\t\t\t<\/div>\n\t\t\t\t<div class=\"elementor-element elementor-element-3bfd289 animated-slow elementor-widget-divider--view-line elementor-invisible elementor-widget elementor-widget-divider\" data-id=\"3bfd289\" data-element_type=\"widget\" data-e-type=\"widget\" data-settings=\"{&quot;_animation&quot;:&quot;fadeInLeft&quot;,&quot;_animation_delay&quot;:500}\" data-widget_type=\"divider.default\">\n\t\t\t\t<div class=\"elementor-widget-container\">\n\t\t\t\t\t\t\t<div class=\"elementor-divider\">\n\t\t\t<span class=\"elementor-divider-separator\">\n\t\t\t\t\t\t<\/span>\n\t\t<\/div>\n\t\t\t\t\t\t<\/div>\n\t\t\t\t<\/div>\n\t\t\t\t<\/div>\n\t\t<div class=\"elementor-element elementor-element-9ec1f58 e-flex e-con-boxed e-con e-parent\" data-id=\"9ec1f58\" data-element_type=\"container\" data-e-type=\"container\" data-settings=\"{&quot;background_background&quot;:&quot;classic&quot;}\">\n\t\t\t\t\t<div class=\"e-con-inner\">\n\t\t\t\t<div class=\"elementor-element elementor-element-2f6af2b elementor-widget__width-inherit elementor-widget elementor-widget-heading\" data-id=\"2f6af2b\" data-element_type=\"widget\" data-e-type=\"widget\" data-widget_type=\"heading.default\">\n\t\t\t\t<div class=\"elementor-widget-container\">\n\t\t\t\t\t<h2 class=\"elementor-heading-title elementor-size-default\">Why choose Privil\u00e8ge L\u00e9gal?<\/h2>\t\t\t\t<\/div>\n\t\t\t\t<\/div>\n\t\t<div class=\"elementor-element elementor-element-fcadf29 e-con-full e-flex e-con e-child\" data-id=\"fcadf29\" data-element_type=\"container\" data-e-type=\"container\">\n\t\t\t\t<div class=\"elementor-element elementor-element-191f2d9 elementor-widget-tablet__width-initial elementor-widget__width-initial elementor-widget elementor-widget-icon-box\" data-id=\"191f2d9\" data-element_type=\"widget\" data-e-type=\"widget\" data-widget_type=\"icon-box.default\">\n\t\t\t\t<div class=\"elementor-widget-container\">\n\t\t\t\t\t\t\t<div class=\"elementor-icon-box-wrapper\">\n\n\t\t\t\n\t\t\t\t\t\t<div class=\"elementor-icon-box-content\">\n\n\t\t\t\t\t\t\t\t\t<h4 class=\"elementor-icon-box-title\">\n\t\t\t\t\t\t<span  >\n\t\t\t\t\t\t\tValues\nhuman\t\t\t\t\t\t<\/span>\n\t\t\t\t\t<\/h4>\n\t\t\t\t\n\t\t\t\t\t\t\t\t\t<p class=\"elementor-icon-box-description\">\n\t\t\t\t\t\tWe listen to our customers' needs\t\t\t\t\t<\/p>\n\t\t\t\t\n\t\t\t<\/div>\n\t\t\t\n\t\t<\/div>\n\t\t\t\t\t\t<\/div>\n\t\t\t\t<\/div>\n\t\t\t\t<div class=\"elementor-element elementor-element-4903555 elementor-widget-tablet__width-initial elementor-widget__width-initial elementor-widget elementor-widget-icon-box\" data-id=\"4903555\" data-element_type=\"widget\" data-e-type=\"widget\" data-widget_type=\"icon-box.default\">\n\t\t\t\t<div class=\"elementor-widget-container\">\n\t\t\t\t\t\t\t<div class=\"elementor-icon-box-wrapper\">\n\n\t\t\t\n\t\t\t\t\t\t<div class=\"elementor-icon-box-content\">\n\n\t\t\t\t\t\t\t\t\t<h4 class=\"elementor-icon-box-title\">\n\t\t\t\t\t\t<span  >\n\t\t\t\t\t\t\t5 languages<br>25 dialects\t\t\t\t\t\t<\/span>\n\t\t\t\t\t<\/h4>\n\t\t\t\t\n\t\t\t\t\t\t\t\t\t<p class=\"elementor-icon-box-description\">\n\t\t\t\t\t\tWe communicate in French, English, Arabic, Romanian and Russian.\t\t\t\t\t<\/p>\n\t\t\t\t\n\t\t\t<\/div>\n\t\t\t\n\t\t<\/div>\n\t\t\t\t\t\t<\/div>\n\t\t\t\t<\/div>\n\t\t\t\t<div class=\"elementor-element elementor-element-0b5932b elementor-widget-tablet__width-initial elementor-widget__width-initial elementor-widget elementor-widget-icon-box\" data-id=\"0b5932b\" data-element_type=\"widget\" data-e-type=\"widget\" data-widget_type=\"icon-box.default\">\n\t\t\t\t<div class=\"elementor-widget-container\">\n\t\t\t\t\t\t\t<div class=\"elementor-icon-box-wrapper\">\n\n\t\t\t\n\t\t\t\t\t\t<div class=\"elementor-icon-box-content\">\n\n\t\t\t\t\t\t\t\t\t<h4 class=\"elementor-icon-box-title\">\n\t\t\t\t\t\t<span  >\n\t\t\t\t\t\t\tInternational representation\t\t\t\t\t\t<\/span>\n\t\t\t\t\t<\/h4>\n\t\t\t\t\n\t\t\t\t\t\t\t\t\t<p class=\"elementor-icon-box-description\">\n\t\t\t\t\t\tWe serve customers all over the world.\t\t\t\t\t<\/p>\n\t\t\t\t\n\t\t\t<\/div>\n\t\t\t\n\t\t<\/div>\n\t\t\t\t\t\t<\/div>\n\t\t\t\t<\/div>\n\t\t\t\t<\/div>\n\t\t\t\t\t<\/div>\n\t\t\t\t<\/div>\n\t\t\t\t<\/div>\n\t\t","protected":false},"excerpt":{"rendered":"<p>Houda Bougottaya Realize your ambitionsbeyond borders. Linkedin Envelope Houda Bougottaya | Assistant+1 (514) 736-5151h.bougottaya@privilegelegal.com Make an appointment Houda Bougottaya, Assistant and collaborator Since 2006, Houda Bougottaya has held a Master&#8217;s degree in Business Law from the Faculty of Legal, Political and Social Sciences in Tunis, Tunisia. Houda is much more than an experienced lawyer. With [&hellip;]<\/p>\n","protected":false},"author":2,"featured_media":0,"parent":1013,"menu_order":0,"comment_status":"closed","ping_status":"closed","template":"","meta":{"footnotes":""},"class_list":["post-1026","page","type-page","status-publish","hentry"],"yoast_head":"<!-- This site is optimized with the Yoast SEO plugin v27.5 - https:\/\/yoast.com\/product\/yoast-seo-wordpress\/ -->\n<title>Houda Bougottaya - Privil\u00e8ge L\u00e9gal sencrl<\/title>\n<meta name=\"description\" content=\"Houda Bougottaya holds a Master&#039;s degree in Business Law from the Faculty of Legal, Political and Social Sciences in Tunisia.\" \/>\n<meta name=\"robots\" content=\"index, follow, max-snippet:-1, max-image-preview:large, max-video-preview:-1\" \/>\n<link rel=\"canonical\" href=\"https:\/\/privilegelegal.com\/en\/about-us\/houda-bougottaya\/\" \/>\n<meta property=\"og:locale\" content=\"en_US\" \/>\n<meta property=\"og:type\" content=\"article\" \/>\n<meta property=\"og:title\" content=\"Houda Bougottaya - Privil\u00e8ge L\u00e9gal sencrl\" \/>\n<meta property=\"og:description\" content=\"Houda Bougottaya holds a Master&#039;s degree in Business Law from the Faculty of Legal, Political and Social Sciences in Tunisia.\" \/>\n<meta property=\"og:url\" content=\"https:\/\/privilegelegal.com\/en\/about-us\/houda-bougottaya\/\" \/>\n<meta property=\"og:site_name\" content=\"Privil\u00e8ge L\u00e9gal sencrl\" \/>\n<meta property=\"article:modified_time\" content=\"2024-01-17T19:30:30+00:00\" \/>\n<meta property=\"og:image\" content=\"https:\/\/privilegelegal.com\/wp-content\/uploads\/2023\/12\/Mme_Houda_Bougottaya.webp\" \/>\n<meta name=\"twitter:card\" content=\"summary_large_image\" \/>\n<meta name=\"twitter:label1\" content=\"Est. reading time\" \/>\n\t<meta name=\"twitter:data1\" content=\"1 minute\" \/>\n<script type=\"application\/ld+json\" class=\"yoast-schema-graph\">{\"@context\":\"https:\\\/\\\/schema.org\",\"@graph\":[{\"@type\":\"WebPage\",\"@id\":\"https:\\\/\\\/privilegelegal.com\\\/en\\\/about-us\\\/houda-bougottaya\\\/\",\"url\":\"https:\\\/\\\/privilegelegal.com\\\/en\\\/about-us\\\/houda-bougottaya\\\/\",\"name\":\"Houda Bougottaya - Privil\u00e8ge L\u00e9gal sencrl\",\"isPartOf\":{\"@id\":\"https:\\\/\\\/privilegelegal.com\\\/en\\\/#website\"},\"primaryImageOfPage\":{\"@id\":\"https:\\\/\\\/privilegelegal.com\\\/en\\\/about-us\\\/houda-bougottaya\\\/#primaryimage\"},\"image\":{\"@id\":\"https:\\\/\\\/privilegelegal.com\\\/en\\\/about-us\\\/houda-bougottaya\\\/#primaryimage\"},\"thumbnailUrl\":\"https:\\\/\\\/privilegelegal.com\\\/wp-content\\\/uploads\\\/2023\\\/12\\\/Mme_Houda_Bougottaya.webp\",\"datePublished\":\"2023-12-22T22:42:59+00:00\",\"dateModified\":\"2024-01-17T19:30:30+00:00\",\"description\":\"Houda Bougottaya holds a Master's degree in Business Law from the Faculty of Legal, Political and Social Sciences in Tunisia.\",\"breadcrumb\":{\"@id\":\"https:\\\/\\\/privilegelegal.com\\\/en\\\/about-us\\\/houda-bougottaya\\\/#breadcrumb\"},\"inLanguage\":\"en-CA\",\"potentialAction\":[{\"@type\":\"ReadAction\",\"target\":[\"https:\\\/\\\/privilegelegal.com\\\/en\\\/about-us\\\/houda-bougottaya\\\/\"]}]},{\"@type\":\"ImageObject\",\"inLanguage\":\"en-CA\",\"@id\":\"https:\\\/\\\/privilegelegal.com\\\/en\\\/about-us\\\/houda-bougottaya\\\/#primaryimage\",\"url\":\"https:\\\/\\\/privilegelegal.com\\\/wp-content\\\/uploads\\\/2023\\\/12\\\/Mme_Houda_Bougottaya.webp\",\"contentUrl\":\"https:\\\/\\\/privilegelegal.com\\\/wp-content\\\/uploads\\\/2023\\\/12\\\/Mme_Houda_Bougottaya.webp\"},{\"@type\":\"BreadcrumbList\",\"@id\":\"https:\\\/\\\/privilegelegal.com\\\/en\\\/about-us\\\/houda-bougottaya\\\/#breadcrumb\",\"itemListElement\":[{\"@type\":\"ListItem\",\"position\":1,\"name\":\"Accueil\",\"item\":\"https:\\\/\\\/privilegelegal.com\\\/en\\\/privilege-legal-sencrl\\\/\"},{\"@type\":\"ListItem\",\"position\":2,\"name\":\"About us\",\"item\":\"https:\\\/\\\/privilegelegal.com\\\/en\\\/about-us\\\/\"},{\"@type\":\"ListItem\",\"position\":3,\"name\":\"Houda Bougottaya\"}]},{\"@type\":\"WebSite\",\"@id\":\"https:\\\/\\\/privilegelegal.com\\\/en\\\/#website\",\"url\":\"https:\\\/\\\/privilegelegal.com\\\/en\\\/\",\"name\":\"Privil\u00e8ge L\u00e9gal sencrl\",\"description\":\"R\u00e9alisez vos ambitions au-del\u00e0 des fronti\u00e8res.\",\"publisher\":{\"@id\":\"https:\\\/\\\/privilegelegal.com\\\/en\\\/#organization\"},\"potentialAction\":[{\"@type\":\"SearchAction\",\"target\":{\"@type\":\"EntryPoint\",\"urlTemplate\":\"https:\\\/\\\/privilegelegal.com\\\/en\\\/?s={search_term_string}\"},\"query-input\":{\"@type\":\"PropertyValueSpecification\",\"valueRequired\":true,\"valueName\":\"search_term_string\"}}],\"inLanguage\":\"en-CA\"},{\"@type\":\"Organization\",\"@id\":\"https:\\\/\\\/privilegelegal.com\\\/en\\\/#organization\",\"name\":\"Privil\u00e8ge L\u00e9gal sencrl\",\"url\":\"https:\\\/\\\/privilegelegal.com\\\/en\\\/\",\"logo\":{\"@type\":\"ImageObject\",\"inLanguage\":\"en-CA\",\"@id\":\"https:\\\/\\\/privilegelegal.com\\\/en\\\/#\\\/schema\\\/logo\\\/image\\\/\",\"url\":\"https:\\\/\\\/privilegelegal.com\\\/wp-content\\\/uploads\\\/2023\\\/11\\\/PrivilegeLegal_Logo_site.png\",\"contentUrl\":\"https:\\\/\\\/privilegelegal.com\\\/wp-content\\\/uploads\\\/2023\\\/11\\\/PrivilegeLegal_Logo_site.png\",\"width\":129,\"height\":100,\"caption\":\"Privil\u00e8ge L\u00e9gal sencrl\"},\"image\":{\"@id\":\"https:\\\/\\\/privilegelegal.com\\\/en\\\/#\\\/schema\\\/logo\\\/image\\\/\"}}]}<\/script>\n<!-- \/ Yoast SEO plugin. -->","yoast_head_json":{"title":"Houda Bougottaya - Privil\u00e8ge L\u00e9gal sencrl","description":"Houda Bougottaya holds a Master's degree in Business Law from the Faculty of Legal, Political and Social Sciences in Tunisia.","robots":{"index":"index","follow":"follow","max-snippet":"max-snippet:-1","max-image-preview":"max-image-preview:large","max-video-preview":"max-video-preview:-1"},"canonical":"https:\/\/privilegelegal.com\/en\/about-us\/houda-bougottaya\/","og_locale":"en_US","og_type":"article","og_title":"Houda Bougottaya - Privil\u00e8ge L\u00e9gal sencrl","og_description":"Houda Bougottaya holds a Master's degree in Business Law from the Faculty of Legal, Political and Social Sciences in Tunisia.","og_url":"https:\/\/privilegelegal.com\/en\/about-us\/houda-bougottaya\/","og_site_name":"Privil\u00e8ge L\u00e9gal sencrl","article_modified_time":"2024-01-17T19:30:30+00:00","og_image":[{"url":"https:\/\/privilegelegal.com\/wp-content\/uploads\/2023\/12\/Mme_Houda_Bougottaya.webp","type":"","width":"","height":""}],"twitter_card":"summary_large_image","twitter_misc":{"Est. reading time":"1 minute"},"schema":{"@context":"https:\/\/schema.org","@graph":[{"@type":"WebPage","@id":"https:\/\/privilegelegal.com\/en\/about-us\/houda-bougottaya\/","url":"https:\/\/privilegelegal.com\/en\/about-us\/houda-bougottaya\/","name":"Houda Bougottaya - Privil\u00e8ge L\u00e9gal sencrl","isPartOf":{"@id":"https:\/\/privilegelegal.com\/en\/#website"},"primaryImageOfPage":{"@id":"https:\/\/privilegelegal.com\/en\/about-us\/houda-bougottaya\/#primaryimage"},"image":{"@id":"https:\/\/privilegelegal.com\/en\/about-us\/houda-bougottaya\/#primaryimage"},"thumbnailUrl":"https:\/\/privilegelegal.com\/wp-content\/uploads\/2023\/12\/Mme_Houda_Bougottaya.webp","datePublished":"2023-12-22T22:42:59+00:00","dateModified":"2024-01-17T19:30:30+00:00","description":"Houda Bougottaya holds a Master's degree in Business Law from the Faculty of Legal, Political and Social Sciences in Tunisia.","breadcrumb":{"@id":"https:\/\/privilegelegal.com\/en\/about-us\/houda-bougottaya\/#breadcrumb"},"inLanguage":"en-CA","potentialAction":[{"@type":"ReadAction","target":["https:\/\/privilegelegal.com\/en\/about-us\/houda-bougottaya\/"]}]},{"@type":"ImageObject","inLanguage":"en-CA","@id":"https:\/\/privilegelegal.com\/en\/about-us\/houda-bougottaya\/#primaryimage","url":"https:\/\/privilegelegal.com\/wp-content\/uploads\/2023\/12\/Mme_Houda_Bougottaya.webp","contentUrl":"https:\/\/privilegelegal.com\/wp-content\/uploads\/2023\/12\/Mme_Houda_Bougottaya.webp"},{"@type":"BreadcrumbList","@id":"https:\/\/privilegelegal.com\/en\/about-us\/houda-bougottaya\/#breadcrumb","itemListElement":[{"@type":"ListItem","position":1,"name":"Accueil","item":"https:\/\/privilegelegal.com\/en\/privilege-legal-sencrl\/"},{"@type":"ListItem","position":2,"name":"About us","item":"https:\/\/privilegelegal.com\/en\/about-us\/"},{"@type":"ListItem","position":3,"name":"Houda Bougottaya"}]},{"@type":"WebSite","@id":"https:\/\/privilegelegal.com\/en\/#website","url":"https:\/\/privilegelegal.com\/en\/","name":"Privil\u00e8ge L\u00e9gal sencrl","description":"R\u00e9alisez vos ambitions au-del\u00e0 des fronti\u00e8res.","publisher":{"@id":"https:\/\/privilegelegal.com\/en\/#organization"},"potentialAction":[{"@type":"SearchAction","target":{"@type":"EntryPoint","urlTemplate":"https:\/\/privilegelegal.com\/en\/?s={search_term_string}"},"query-input":{"@type":"PropertyValueSpecification","valueRequired":true,"valueName":"search_term_string"}}],"inLanguage":"en-CA"},{"@type":"Organization","@id":"https:\/\/privilegelegal.com\/en\/#organization","name":"Privil\u00e8ge L\u00e9gal sencrl","url":"https:\/\/privilegelegal.com\/en\/","logo":{"@type":"ImageObject","inLanguage":"en-CA","@id":"https:\/\/privilegelegal.com\/en\/#\/schema\/logo\/image\/","url":"https:\/\/privilegelegal.com\/wp-content\/uploads\/2023\/11\/PrivilegeLegal_Logo_site.png","contentUrl":"https:\/\/privilegelegal.com\/wp-content\/uploads\/2023\/11\/PrivilegeLegal_Logo_site.png","width":129,"height":100,"caption":"Privil\u00e8ge L\u00e9gal sencrl"},"image":{"@id":"https:\/\/privilegelegal.com\/en\/#\/schema\/logo\/image\/"}}]}},"_links":{"self":[{"href":"https:\/\/privilegelegal.com\/en\/wp-json\/wp\/v2\/pages\/1026","targetHints":{"allow":["GET"]}}],"collection":[{"href":"https:\/\/privilegelegal.com\/en\/wp-json\/wp\/v2\/pages"}],"about":[{"href":"https:\/\/privilegelegal.com\/en\/wp-json\/wp\/v2\/types\/page"}],"author":[{"embeddable":true,"href":"https:\/\/privilegelegal.com\/en\/wp-json\/wp\/v2\/users\/2"}],"replies":[{"embeddable":true,"href":"https:\/\/privilegelegal.com\/en\/wp-json\/wp\/v2\/comments?post=1026"}],"version-history":[{"count":3,"href":"https:\/\/privilegelegal.com\/en\/wp-json\/wp\/v2\/pages\/1026\/revisions"}],"predecessor-version":[{"id":1029,"href":"https:\/\/privilegelegal.com\/en\/wp-json\/wp\/v2\/pages\/1026\/revisions\/1029"}],"up":[{"embeddable":true,"href":"https:\/\/privilegelegal.com\/en\/wp-json\/wp\/v2\/pages\/1013"}],"wp:attachment":[{"href":"https:\/\/privilegelegal.com\/en\/wp-json\/wp\/v2\/media?parent=1026"}],"curies":[{"name":"wp","href":"https:\/\/api.w.org\/{rel}","templated":true}]}}