{"id":1022,"date":"2023-12-26T15:12:32","date_gmt":"2023-12-26T15:12:32","guid":{"rendered":"https:\/\/privilegelegal.com\/about-us\/ana-pozner\/"},"modified":"2024-01-17T19:29:50","modified_gmt":"2024-01-17T19:29:50","slug":"ana-pozner","status":"publish","type":"page","link":"https:\/\/privilegelegal.com\/en\/about-us\/ana-pozner\/","title":{"rendered":"Ana Pozner"},"content":{"rendered":"\t\t<div data-elementor-type=\"wp-page\" data-elementor-id=\"1022\" class=\"elementor elementor-1022 elementor-597\" data-elementor-post-type=\"page\">\n\t\t\t\t<div class=\"elementor-element elementor-element-8e03f4c e-con-full e-flex e-con e-parent\" data-id=\"8e03f4c\" data-element_type=\"container\" data-e-type=\"container\" data-settings=\"{&quot;background_background&quot;:&quot;classic&quot;}\">\n\t\t<div class=\"elementor-element elementor-element-6c40a3d e-flex e-con-boxed e-con e-child\" data-id=\"6c40a3d\" data-element_type=\"container\" data-e-type=\"container\">\n\t\t\t\t\t<div class=\"e-con-inner\">\n\t\t<div class=\"elementor-element elementor-element-4989335 e-con-full e-flex e-con e-child\" data-id=\"4989335\" data-element_type=\"container\" data-e-type=\"container\">\n\t\t\t\t<div class=\"elementor-element elementor-element-adb5731 elementor-invisible elementor-widget elementor-widget-heading\" data-id=\"adb5731\" data-element_type=\"widget\" data-e-type=\"widget\" data-settings=\"{&quot;_animation&quot;:&quot;fadeIn&quot;}\" data-widget_type=\"heading.default\">\n\t\t\t\t<div class=\"elementor-widget-container\">\n\t\t\t\t\t<h1 class=\"elementor-heading-title elementor-size-default\">Ana Pozner<\/h1>\t\t\t\t<\/div>\n\t\t\t\t<\/div>\n\t\t\t\t<\/div>\n\t\t<div class=\"elementor-element elementor-element-f2763ce e-flex e-con-boxed e-con e-child\" data-id=\"f2763ce\" data-element_type=\"container\" data-e-type=\"container\">\n\t\t\t\t\t<div class=\"e-con-inner\">\n\t\t\t\t<div class=\"elementor-element elementor-element-fa6ad82 elementor-widget elementor-widget-heading\" data-id=\"fa6ad82\" data-element_type=\"widget\" data-e-type=\"widget\" data-widget_type=\"heading.default\">\n\t\t\t\t<div class=\"elementor-widget-container\">\n\t\t\t\t\t<h2 class=\"elementor-heading-title elementor-size-default\">Realize your ambitions<br>beyond borders.<\/h2>\t\t\t\t<\/div>\n\t\t\t\t<\/div>\n\t\t\t\t\t<\/div>\n\t\t\t\t<\/div>\n\t\t\t\t\t<\/div>\n\t\t\t\t<\/div>\n\t\t\t\t<\/div>\n\t\t<div class=\"elementor-element elementor-element-0c61df0 e-flex e-con-boxed e-con e-parent\" data-id=\"0c61df0\" data-element_type=\"container\" data-e-type=\"container\">\n\t\t\t\t\t<div class=\"e-con-inner\">\n\t\t<div class=\"elementor-element elementor-element-ba5f483 e-con-full e-flex e-con e-child\" data-id=\"ba5f483\" data-element_type=\"container\" data-e-type=\"container\">\n\t\t\t\t<div class=\"elementor-element elementor-element-4e62d1f elementor-widget elementor-widget-image\" data-id=\"4e62d1f\" data-element_type=\"widget\" data-e-type=\"widget\" data-widget_type=\"image.default\">\n\t\t\t\t<div class=\"elementor-widget-container\">\n\t\t\t\t\t\t\t\t\t\t\t\t\t\t\t<img fetchpriority=\"high\" decoding=\"async\" width=\"667\" height=\"1000\" src=\"https:\/\/privilegelegal.com\/wp-content\/uploads\/2023\/12\/Mme_Ana_Pozner.webp\" class=\"attachment-full size-full wp-image-966\" alt=\"\" srcset=\"https:\/\/privilegelegal.com\/wp-content\/uploads\/2023\/12\/Mme_Ana_Pozner.webp 667w, https:\/\/privilegelegal.com\/wp-content\/uploads\/2023\/12\/Mme_Ana_Pozner-200x300.webp 200w\" sizes=\"(max-width: 667px) 100vw, 667px\" \/>\t\t\t\t\t\t\t\t\t\t\t\t\t\t\t<\/div>\n\t\t\t\t<\/div>\n\t\t\t\t<div class=\"elementor-element elementor-element-dd9b945 elementor-shape-rounded elementor-grid-0 e-grid-align-center elementor-widget elementor-widget-social-icons\" data-id=\"dd9b945\" data-element_type=\"widget\" data-e-type=\"widget\" data-widget_type=\"social-icons.default\">\n\t\t\t\t<div class=\"elementor-widget-container\">\n\t\t\t\t\t\t\t<div class=\"elementor-social-icons-wrapper elementor-grid\" role=\"list\">\n\t\t\t\t\t\t\t<span class=\"elementor-grid-item\" role=\"listitem\">\n\t\t\t\t\t<a class=\"elementor-icon elementor-social-icon elementor-social-icon-linkedin elementor-animation-pulse-grow elementor-repeater-item-4e561b6\" href=\"#\" target=\"_blank\">\n\t\t\t\t\t\t<span class=\"elementor-screen-only\">Linkedin<\/span>\n\t\t\t\t\t\t<svg aria-hidden=\"true\" class=\"e-font-icon-svg e-fab-linkedin\" viewBox=\"0 0 448 512\" xmlns=\"http:\/\/www.w3.org\/2000\/svg\"><path d=\"M416 32H31.9C14.3 32 0 46.5 0 64.3v383.4C0 465.5 14.3 480 31.9 480H416c17.6 0 32-14.5 32-32.3V64.3c0-17.8-14.4-32.3-32-32.3zM135.4 416H69V202.2h66.5V416zm-33.2-243c-21.3 0-38.5-17.3-38.5-38.5S80.9 96 102.2 96c21.2 0 38.5 17.3 38.5 38.5 0 21.3-17.2 38.5-38.5 38.5zm282.1 243h-66.4V312c0-24.8-.5-56.7-34.5-56.7-34.6 0-39.9 27-39.9 54.9V416h-66.4V202.2h63.7v29.2h.9c8.9-16.8 30.6-34.5 62.9-34.5 67.2 0 79.7 44.3 79.7 101.9V416z\"><\/path><\/svg>\t\t\t\t\t<\/a>\n\t\t\t\t<\/span>\n\t\t\t\t\t\t\t<span class=\"elementor-grid-item\" role=\"listitem\">\n\t\t\t\t\t<a class=\"elementor-icon elementor-social-icon elementor-social-icon-envelope elementor-animation-pulse-grow elementor-repeater-item-c83325b\" href=\"mailto:h.bougottaya@privilegelegal.com\" target=\"_blank\">\n\t\t\t\t\t\t<span class=\"elementor-screen-only\">Envelope<\/span>\n\t\t\t\t\t\t<svg aria-hidden=\"true\" class=\"e-font-icon-svg e-fas-envelope\" viewBox=\"0 0 512 512\" xmlns=\"http:\/\/www.w3.org\/2000\/svg\"><path d=\"M502.3 190.8c3.9-3.1 9.7-.2 9.7 4.7V400c0 26.5-21.5 48-48 48H48c-26.5 0-48-21.5-48-48V195.6c0-5 5.7-7.8 9.7-4.7 22.4 17.4 52.1 39.5 154.1 113.6 21.1 15.4 56.7 47.8 92.2 47.6 35.7.3 72-32.8 92.3-47.6 102-74.1 131.6-96.3 154-113.7zM256 320c23.2.4 56.6-29.2 73.4-41.4 132.7-96.3 142.8-104.7 173.4-128.7 5.8-4.5 9.2-11.5 9.2-18.9v-19c0-26.5-21.5-48-48-48H48C21.5 64 0 85.5 0 112v19c0 7.4 3.4 14.3 9.2 18.9 30.6 23.9 40.7 32.4 173.4 128.7 16.8 12.2 50.2 41.8 73.4 41.4z\"><\/path><\/svg>\t\t\t\t\t<\/a>\n\t\t\t\t<\/span>\n\t\t\t\t\t<\/div>\n\t\t\t\t\t\t<\/div>\n\t\t\t\t<\/div>\n\t\t\t\t<div class=\"elementor-element elementor-element-d56f0e8 elementor-widget elementor-widget-text-editor\" data-id=\"d56f0e8\" data-element_type=\"widget\" data-e-type=\"widget\" data-widget_type=\"text-editor.default\">\n\t\t\t\t<div class=\"elementor-widget-container\">\n\t\t\t\t\t\t\t\t\t<p>Ana Pozner | Manager<br \/>+1 (514) 736-5151<br \/>a.pozner@privilegelegal.com<\/p>\n\t\t\t\t\t\t\t\t<\/div>\n\t\t\t\t<\/div>\n\t\t\t\t<div class=\"elementor-element elementor-element-3b7bee6 elementor-tablet-align-center elementor-mobile-align-center elementor-align-center elementor-invisible elementor-widget elementor-widget-button\" data-id=\"3b7bee6\" data-element_type=\"widget\" data-e-type=\"widget\" data-settings=\"{&quot;_animation&quot;:&quot;fadeIn&quot;,&quot;_animation_delay&quot;:100}\" data-widget_type=\"button.default\">\n\t\t\t\t<div class=\"elementor-widget-container\">\n\t\t\t\t\t\t\t\t\t<div class=\"elementor-button-wrapper\">\n\t\t\t\t\t<a class=\"elementor-button elementor-button-link elementor-size-sm\" href=\"https:\/\/privilegelegal.com\/en\/contact\/\">\n\t\t\t\t\t\t<span class=\"elementor-button-content-wrapper\">\n\t\t\t\t\t\t\t\t\t<span class=\"elementor-button-text\">Make an appointment<\/span>\n\t\t\t\t\t<\/span>\n\t\t\t\t\t<\/a>\n\t\t\t\t<\/div>\n\t\t\t\t\t\t\t\t<\/div>\n\t\t\t\t<\/div>\n\t\t\t\t<\/div>\n\t\t<div class=\"elementor-element elementor-element-2262e39 e-con-full e-flex e-con e-child\" data-id=\"2262e39\" data-element_type=\"container\" data-e-type=\"container\">\n\t\t\t\t<div class=\"elementor-element elementor-element-a033877 elementor-widget elementor-widget-heading\" data-id=\"a033877\" data-element_type=\"widget\" data-e-type=\"widget\" data-widget_type=\"heading.default\">\n\t\t\t\t<div class=\"elementor-widget-container\">\n\t\t\t\t\t<h2 class=\"elementor-heading-title elementor-size-default\">Ana Pozner, Manager<\/h2>\t\t\t\t<\/div>\n\t\t\t\t<\/div>\n\t\t\t\t<div class=\"elementor-element elementor-element-7b639df elementor-widget elementor-widget-text-editor\" data-id=\"7b639df\" data-element_type=\"widget\" data-e-type=\"widget\" data-widget_type=\"text-editor.default\">\n\t\t\t\t<div class=\"elementor-widget-container\">\n\t\t\t\t\t\t\t\t\t<p>Ana Pozner embodies the essence of dedication, versatility and precision at Cabinet Privil\u00e8ge L\u00e9gal. His mission encompasses simplifying and facilitating the work of his colleagues, on human, relational, administrative and technological levels.<\/p>\n<p>Exceptionally open-minded and with a clear passion for human relations and cultures, Ana Pozner stands out for her empathy and meticulous attention to detail, making her an invaluable asset to our team. Her studies in management and administration made her aware of the growing challenges of immigration. She is fluent in French, Romanian and Russian, making it easy for her to communicate with customers.<\/p>\n<p>With many years of experience in customer service and administration, Ana adds significant value to the Privil\u00e8ge L\u00e9gal team. His constant availability, contagious enthusiasm and good humor help to create a warm and cheerful atmosphere within our team, reinforcing the quality of our professional environment.<\/p>\n<p><strong>Training<\/strong><br>Center de formation professionnelle L\u00e9onard-De Vinci<br>DEP | Administrative and technical assistant to the general secretariat (2017)<\/p>\n<p>Languages spoken:&nbsp; French, English, Romanian and Russian<\/p>\t\t\t\t\t\t\t\t<\/div>\n\t\t\t\t<\/div>\n\t\t\t\t<\/div>\n\t\t\t\t\t<\/div>\n\t\t\t\t<\/div>\n\t\t<div class=\"elementor-element elementor-element-1f3c94e e-con-full animated-slow e-flex elementor-invisible e-con e-parent\" data-id=\"1f3c94e\" data-element_type=\"container\" data-e-type=\"container\" data-settings=\"{&quot;animation&quot;:&quot;fadeInLeft&quot;,&quot;animation_delay&quot;:100}\">\n\t\t\t\t<div class=\"elementor-element elementor-element-e5f281b animated-slow elementor-widget-divider--view-line elementor-invisible elementor-widget elementor-widget-divider\" data-id=\"e5f281b\" data-element_type=\"widget\" data-e-type=\"widget\" data-settings=\"{&quot;_animation&quot;:&quot;fadeInRight&quot;,&quot;_animation_delay&quot;:500}\" data-widget_type=\"divider.default\">\n\t\t\t\t<div class=\"elementor-widget-container\">\n\t\t\t\t\t\t\t<div class=\"elementor-divider\">\n\t\t\t<span class=\"elementor-divider-separator\">\n\t\t\t\t\t\t<\/span>\n\t\t<\/div>\n\t\t\t\t\t\t<\/div>\n\t\t\t\t<\/div>\n\t\t\t\t<div class=\"elementor-element elementor-element-28b0f3a animated-slow elementor-widget-divider--view-line elementor-invisible elementor-widget elementor-widget-divider\" data-id=\"28b0f3a\" data-element_type=\"widget\" data-e-type=\"widget\" data-settings=\"{&quot;_animation&quot;:&quot;fadeInLeft&quot;,&quot;_animation_delay&quot;:500}\" data-widget_type=\"divider.default\">\n\t\t\t\t<div class=\"elementor-widget-container\">\n\t\t\t\t\t\t\t<div class=\"elementor-divider\">\n\t\t\t<span class=\"elementor-divider-separator\">\n\t\t\t\t\t\t<\/span>\n\t\t<\/div>\n\t\t\t\t\t\t<\/div>\n\t\t\t\t<\/div>\n\t\t\t\t<\/div>\n\t\t<div class=\"elementor-element elementor-element-7aebbea e-flex e-con-boxed e-con e-parent\" data-id=\"7aebbea\" data-element_type=\"container\" data-e-type=\"container\" data-settings=\"{&quot;background_background&quot;:&quot;classic&quot;}\">\n\t\t\t\t\t<div class=\"e-con-inner\">\n\t\t\t\t<div class=\"elementor-element elementor-element-bf94706 elementor-widget__width-inherit elementor-widget elementor-widget-heading\" data-id=\"bf94706\" data-element_type=\"widget\" data-e-type=\"widget\" data-widget_type=\"heading.default\">\n\t\t\t\t<div class=\"elementor-widget-container\">\n\t\t\t\t\t<h2 class=\"elementor-heading-title elementor-size-default\">Why choose Privil\u00e8ge L\u00e9gal?<\/h2>\t\t\t\t<\/div>\n\t\t\t\t<\/div>\n\t\t<div class=\"elementor-element elementor-element-28cbdb3 e-con-full e-flex e-con e-child\" data-id=\"28cbdb3\" data-element_type=\"container\" data-e-type=\"container\">\n\t\t\t\t<div class=\"elementor-element elementor-element-6fe7704 elementor-widget-tablet__width-initial elementor-widget__width-initial elementor-widget elementor-widget-icon-box\" data-id=\"6fe7704\" data-element_type=\"widget\" data-e-type=\"widget\" data-widget_type=\"icon-box.default\">\n\t\t\t\t<div class=\"elementor-widget-container\">\n\t\t\t\t\t\t\t<div class=\"elementor-icon-box-wrapper\">\n\n\t\t\t\n\t\t\t\t\t\t<div class=\"elementor-icon-box-content\">\n\n\t\t\t\t\t\t\t\t\t<h4 class=\"elementor-icon-box-title\">\n\t\t\t\t\t\t<span  >\n\t\t\t\t\t\t\tValues\nhuman\t\t\t\t\t\t<\/span>\n\t\t\t\t\t<\/h4>\n\t\t\t\t\n\t\t\t\t\t\t\t\t\t<p class=\"elementor-icon-box-description\">\n\t\t\t\t\t\tWe listen to our customers' needs\t\t\t\t\t<\/p>\n\t\t\t\t\n\t\t\t<\/div>\n\t\t\t\n\t\t<\/div>\n\t\t\t\t\t\t<\/div>\n\t\t\t\t<\/div>\n\t\t\t\t<div class=\"elementor-element elementor-element-5373cc2 elementor-widget-tablet__width-initial elementor-widget__width-initial elementor-widget elementor-widget-icon-box\" data-id=\"5373cc2\" data-element_type=\"widget\" data-e-type=\"widget\" data-widget_type=\"icon-box.default\">\n\t\t\t\t<div class=\"elementor-widget-container\">\n\t\t\t\t\t\t\t<div class=\"elementor-icon-box-wrapper\">\n\n\t\t\t\n\t\t\t\t\t\t<div class=\"elementor-icon-box-content\">\n\n\t\t\t\t\t\t\t\t\t<h4 class=\"elementor-icon-box-title\">\n\t\t\t\t\t\t<span  >\n\t\t\t\t\t\t\t5 languages<br>25 dialects\t\t\t\t\t\t<\/span>\n\t\t\t\t\t<\/h4>\n\t\t\t\t\n\t\t\t\t\t\t\t\t\t<p class=\"elementor-icon-box-description\">\n\t\t\t\t\t\tWe communicate in French, English, Arabic, Romanian and Russian.\t\t\t\t\t<\/p>\n\t\t\t\t\n\t\t\t<\/div>\n\t\t\t\n\t\t<\/div>\n\t\t\t\t\t\t<\/div>\n\t\t\t\t<\/div>\n\t\t\t\t<div class=\"elementor-element elementor-element-b622c71 elementor-widget-tablet__width-initial elementor-widget__width-initial elementor-widget elementor-widget-icon-box\" data-id=\"b622c71\" data-element_type=\"widget\" data-e-type=\"widget\" data-widget_type=\"icon-box.default\">\n\t\t\t\t<div class=\"elementor-widget-container\">\n\t\t\t\t\t\t\t<div class=\"elementor-icon-box-wrapper\">\n\n\t\t\t\n\t\t\t\t\t\t<div class=\"elementor-icon-box-content\">\n\n\t\t\t\t\t\t\t\t\t<h4 class=\"elementor-icon-box-title\">\n\t\t\t\t\t\t<span  >\n\t\t\t\t\t\t\tInternational representation\t\t\t\t\t\t<\/span>\n\t\t\t\t\t<\/h4>\n\t\t\t\t\n\t\t\t\t\t\t\t\t\t<p class=\"elementor-icon-box-description\">\n\t\t\t\t\t\tWe serve customers all over the world.\t\t\t\t\t<\/p>\n\t\t\t\t\n\t\t\t<\/div>\n\t\t\t\n\t\t<\/div>\n\t\t\t\t\t\t<\/div>\n\t\t\t\t<\/div>\n\t\t\t\t<\/div>\n\t\t\t\t\t<\/div>\n\t\t\t\t<\/div>\n\t\t\t\t<\/div>\n\t\t","protected":false},"excerpt":{"rendered":"<p>Ana Pozner Realize your ambitionsbeyond borders. Linkedin Envelope Ana Pozner | Manager+1 (514) 736-5151a.pozner@privilegelegal.com Make an appointment Ana Pozner, Manager Ana Pozner embodies the essence of dedication, versatility and precision at Cabinet Privil\u00e8ge L\u00e9gal. His mission encompasses simplifying and facilitating the work of his colleagues, on human, relational, administrative and technological levels. Exceptionally open-minded and [&hellip;]<\/p>\n","protected":false},"author":2,"featured_media":0,"parent":1013,"menu_order":0,"comment_status":"closed","ping_status":"closed","template":"","meta":{"footnotes":""},"class_list":["post-1022","page","type-page","status-publish","hentry"],"yoast_head":"<!-- This site is optimized with the Yoast SEO plugin v27.4 - https:\/\/yoast.com\/product\/yoast-seo-wordpress\/ -->\n<title>Ana Pozner - Privil\u00e8ge L\u00e9gal sencrl<\/title>\n<meta name=\"description\" content=\"Ana Pozner&#039;s mission is to simplify and facilitate the human, administrative and technological work of her colleagues.\" \/>\n<meta name=\"robots\" content=\"index, follow, max-snippet:-1, max-image-preview:large, max-video-preview:-1\" \/>\n<link rel=\"canonical\" href=\"https:\/\/privilegelegal.com\/en\/about-us\/ana-pozner\/\" \/>\n<meta property=\"og:locale\" content=\"en_US\" \/>\n<meta property=\"og:type\" content=\"article\" \/>\n<meta property=\"og:title\" content=\"Ana Pozner - Privil\u00e8ge L\u00e9gal sencrl\" \/>\n<meta property=\"og:description\" content=\"Ana Pozner&#039;s mission is to simplify and facilitate the human, administrative and technological work of her colleagues.\" \/>\n<meta property=\"og:url\" content=\"https:\/\/privilegelegal.com\/en\/about-us\/ana-pozner\/\" \/>\n<meta property=\"og:site_name\" content=\"Privil\u00e8ge L\u00e9gal sencrl\" \/>\n<meta property=\"article:modified_time\" content=\"2024-01-17T19:29:50+00:00\" \/>\n<meta property=\"og:image\" content=\"https:\/\/privilegelegal.com\/wp-content\/uploads\/2023\/12\/Mme_Ana_Pozner.webp\" \/>\n<meta name=\"twitter:card\" content=\"summary_large_image\" \/>\n<meta name=\"twitter:label1\" content=\"Est. reading time\" \/>\n\t<meta name=\"twitter:data1\" content=\"1 minute\" \/>\n<script type=\"application\/ld+json\" class=\"yoast-schema-graph\">{\"@context\":\"https:\\\/\\\/schema.org\",\"@graph\":[{\"@type\":\"WebPage\",\"@id\":\"https:\\\/\\\/privilegelegal.com\\\/en\\\/about-us\\\/ana-pozner\\\/\",\"url\":\"https:\\\/\\\/privilegelegal.com\\\/en\\\/about-us\\\/ana-pozner\\\/\",\"name\":\"Ana Pozner - Privil\u00e8ge L\u00e9gal sencrl\",\"isPartOf\":{\"@id\":\"https:\\\/\\\/privilegelegal.com\\\/en\\\/#website\"},\"primaryImageOfPage\":{\"@id\":\"https:\\\/\\\/privilegelegal.com\\\/en\\\/about-us\\\/ana-pozner\\\/#primaryimage\"},\"image\":{\"@id\":\"https:\\\/\\\/privilegelegal.com\\\/en\\\/about-us\\\/ana-pozner\\\/#primaryimage\"},\"thumbnailUrl\":\"https:\\\/\\\/privilegelegal.com\\\/wp-content\\\/uploads\\\/2023\\\/12\\\/Mme_Ana_Pozner.webp\",\"datePublished\":\"2023-12-26T15:12:32+00:00\",\"dateModified\":\"2024-01-17T19:29:50+00:00\",\"description\":\"Ana Pozner's mission is to simplify and facilitate the human, administrative and technological work of her colleagues.\",\"breadcrumb\":{\"@id\":\"https:\\\/\\\/privilegelegal.com\\\/en\\\/about-us\\\/ana-pozner\\\/#breadcrumb\"},\"inLanguage\":\"en-CA\",\"potentialAction\":[{\"@type\":\"ReadAction\",\"target\":[\"https:\\\/\\\/privilegelegal.com\\\/en\\\/about-us\\\/ana-pozner\\\/\"]}]},{\"@type\":\"ImageObject\",\"inLanguage\":\"en-CA\",\"@id\":\"https:\\\/\\\/privilegelegal.com\\\/en\\\/about-us\\\/ana-pozner\\\/#primaryimage\",\"url\":\"https:\\\/\\\/privilegelegal.com\\\/wp-content\\\/uploads\\\/2023\\\/12\\\/Mme_Ana_Pozner.webp\",\"contentUrl\":\"https:\\\/\\\/privilegelegal.com\\\/wp-content\\\/uploads\\\/2023\\\/12\\\/Mme_Ana_Pozner.webp\"},{\"@type\":\"BreadcrumbList\",\"@id\":\"https:\\\/\\\/privilegelegal.com\\\/en\\\/about-us\\\/ana-pozner\\\/#breadcrumb\",\"itemListElement\":[{\"@type\":\"ListItem\",\"position\":1,\"name\":\"Accueil\",\"item\":\"https:\\\/\\\/privilegelegal.com\\\/en\\\/privilege-legal-sencrl\\\/\"},{\"@type\":\"ListItem\",\"position\":2,\"name\":\"About us\",\"item\":\"https:\\\/\\\/privilegelegal.com\\\/en\\\/about-us\\\/\"},{\"@type\":\"ListItem\",\"position\":3,\"name\":\"Ana Pozner\"}]},{\"@type\":\"WebSite\",\"@id\":\"https:\\\/\\\/privilegelegal.com\\\/en\\\/#website\",\"url\":\"https:\\\/\\\/privilegelegal.com\\\/en\\\/\",\"name\":\"Privil\u00e8ge L\u00e9gal sencrl\",\"description\":\"R\u00e9alisez vos ambitions au-del\u00e0 des fronti\u00e8res.\",\"publisher\":{\"@id\":\"https:\\\/\\\/privilegelegal.com\\\/en\\\/#organization\"},\"potentialAction\":[{\"@type\":\"SearchAction\",\"target\":{\"@type\":\"EntryPoint\",\"urlTemplate\":\"https:\\\/\\\/privilegelegal.com\\\/en\\\/?s={search_term_string}\"},\"query-input\":{\"@type\":\"PropertyValueSpecification\",\"valueRequired\":true,\"valueName\":\"search_term_string\"}}],\"inLanguage\":\"en-CA\"},{\"@type\":\"Organization\",\"@id\":\"https:\\\/\\\/privilegelegal.com\\\/en\\\/#organization\",\"name\":\"Privil\u00e8ge L\u00e9gal sencrl\",\"url\":\"https:\\\/\\\/privilegelegal.com\\\/en\\\/\",\"logo\":{\"@type\":\"ImageObject\",\"inLanguage\":\"en-CA\",\"@id\":\"https:\\\/\\\/privilegelegal.com\\\/en\\\/#\\\/schema\\\/logo\\\/image\\\/\",\"url\":\"https:\\\/\\\/privilegelegal.com\\\/wp-content\\\/uploads\\\/2023\\\/11\\\/PrivilegeLegal_Logo_site.png\",\"contentUrl\":\"https:\\\/\\\/privilegelegal.com\\\/wp-content\\\/uploads\\\/2023\\\/11\\\/PrivilegeLegal_Logo_site.png\",\"width\":129,\"height\":100,\"caption\":\"Privil\u00e8ge L\u00e9gal sencrl\"},\"image\":{\"@id\":\"https:\\\/\\\/privilegelegal.com\\\/en\\\/#\\\/schema\\\/logo\\\/image\\\/\"}}]}<\/script>\n<!-- \/ Yoast SEO plugin. -->","yoast_head_json":{"title":"Ana Pozner - Privil\u00e8ge L\u00e9gal sencrl","description":"Ana Pozner's mission is to simplify and facilitate the human, administrative and technological work of her colleagues.","robots":{"index":"index","follow":"follow","max-snippet":"max-snippet:-1","max-image-preview":"max-image-preview:large","max-video-preview":"max-video-preview:-1"},"canonical":"https:\/\/privilegelegal.com\/en\/about-us\/ana-pozner\/","og_locale":"en_US","og_type":"article","og_title":"Ana Pozner - Privil\u00e8ge L\u00e9gal sencrl","og_description":"Ana Pozner's mission is to simplify and facilitate the human, administrative and technological work of her colleagues.","og_url":"https:\/\/privilegelegal.com\/en\/about-us\/ana-pozner\/","og_site_name":"Privil\u00e8ge L\u00e9gal sencrl","article_modified_time":"2024-01-17T19:29:50+00:00","og_image":[{"url":"https:\/\/privilegelegal.com\/wp-content\/uploads\/2023\/12\/Mme_Ana_Pozner.webp","type":"","width":"","height":""}],"twitter_card":"summary_large_image","twitter_misc":{"Est. reading time":"1 minute"},"schema":{"@context":"https:\/\/schema.org","@graph":[{"@type":"WebPage","@id":"https:\/\/privilegelegal.com\/en\/about-us\/ana-pozner\/","url":"https:\/\/privilegelegal.com\/en\/about-us\/ana-pozner\/","name":"Ana Pozner - Privil\u00e8ge L\u00e9gal sencrl","isPartOf":{"@id":"https:\/\/privilegelegal.com\/en\/#website"},"primaryImageOfPage":{"@id":"https:\/\/privilegelegal.com\/en\/about-us\/ana-pozner\/#primaryimage"},"image":{"@id":"https:\/\/privilegelegal.com\/en\/about-us\/ana-pozner\/#primaryimage"},"thumbnailUrl":"https:\/\/privilegelegal.com\/wp-content\/uploads\/2023\/12\/Mme_Ana_Pozner.webp","datePublished":"2023-12-26T15:12:32+00:00","dateModified":"2024-01-17T19:29:50+00:00","description":"Ana Pozner's mission is to simplify and facilitate the human, administrative and technological work of her colleagues.","breadcrumb":{"@id":"https:\/\/privilegelegal.com\/en\/about-us\/ana-pozner\/#breadcrumb"},"inLanguage":"en-CA","potentialAction":[{"@type":"ReadAction","target":["https:\/\/privilegelegal.com\/en\/about-us\/ana-pozner\/"]}]},{"@type":"ImageObject","inLanguage":"en-CA","@id":"https:\/\/privilegelegal.com\/en\/about-us\/ana-pozner\/#primaryimage","url":"https:\/\/privilegelegal.com\/wp-content\/uploads\/2023\/12\/Mme_Ana_Pozner.webp","contentUrl":"https:\/\/privilegelegal.com\/wp-content\/uploads\/2023\/12\/Mme_Ana_Pozner.webp"},{"@type":"BreadcrumbList","@id":"https:\/\/privilegelegal.com\/en\/about-us\/ana-pozner\/#breadcrumb","itemListElement":[{"@type":"ListItem","position":1,"name":"Accueil","item":"https:\/\/privilegelegal.com\/en\/privilege-legal-sencrl\/"},{"@type":"ListItem","position":2,"name":"About us","item":"https:\/\/privilegelegal.com\/en\/about-us\/"},{"@type":"ListItem","position":3,"name":"Ana Pozner"}]},{"@type":"WebSite","@id":"https:\/\/privilegelegal.com\/en\/#website","url":"https:\/\/privilegelegal.com\/en\/","name":"Privil\u00e8ge L\u00e9gal sencrl","description":"R\u00e9alisez vos ambitions au-del\u00e0 des fronti\u00e8res.","publisher":{"@id":"https:\/\/privilegelegal.com\/en\/#organization"},"potentialAction":[{"@type":"SearchAction","target":{"@type":"EntryPoint","urlTemplate":"https:\/\/privilegelegal.com\/en\/?s={search_term_string}"},"query-input":{"@type":"PropertyValueSpecification","valueRequired":true,"valueName":"search_term_string"}}],"inLanguage":"en-CA"},{"@type":"Organization","@id":"https:\/\/privilegelegal.com\/en\/#organization","name":"Privil\u00e8ge L\u00e9gal sencrl","url":"https:\/\/privilegelegal.com\/en\/","logo":{"@type":"ImageObject","inLanguage":"en-CA","@id":"https:\/\/privilegelegal.com\/en\/#\/schema\/logo\/image\/","url":"https:\/\/privilegelegal.com\/wp-content\/uploads\/2023\/11\/PrivilegeLegal_Logo_site.png","contentUrl":"https:\/\/privilegelegal.com\/wp-content\/uploads\/2023\/11\/PrivilegeLegal_Logo_site.png","width":129,"height":100,"caption":"Privil\u00e8ge L\u00e9gal sencrl"},"image":{"@id":"https:\/\/privilegelegal.com\/en\/#\/schema\/logo\/image\/"}}]}},"_links":{"self":[{"href":"https:\/\/privilegelegal.com\/en\/wp-json\/wp\/v2\/pages\/1022","targetHints":{"allow":["GET"]}}],"collection":[{"href":"https:\/\/privilegelegal.com\/en\/wp-json\/wp\/v2\/pages"}],"about":[{"href":"https:\/\/privilegelegal.com\/en\/wp-json\/wp\/v2\/types\/page"}],"author":[{"embeddable":true,"href":"https:\/\/privilegelegal.com\/en\/wp-json\/wp\/v2\/users\/2"}],"replies":[{"embeddable":true,"href":"https:\/\/privilegelegal.com\/en\/wp-json\/wp\/v2\/comments?post=1022"}],"version-history":[{"count":3,"href":"https:\/\/privilegelegal.com\/en\/wp-json\/wp\/v2\/pages\/1022\/revisions"}],"predecessor-version":[{"id":1025,"href":"https:\/\/privilegelegal.com\/en\/wp-json\/wp\/v2\/pages\/1022\/revisions\/1025"}],"up":[{"embeddable":true,"href":"https:\/\/privilegelegal.com\/en\/wp-json\/wp\/v2\/pages\/1013"}],"wp:attachment":[{"href":"https:\/\/privilegelegal.com\/en\/wp-json\/wp\/v2\/media?parent=1022"}],"curies":[{"name":"wp","href":"https:\/\/api.w.org\/{rel}","templated":true}]}}