{"id":1020,"date":"2023-12-22T22:18:14","date_gmt":"2023-12-22T22:18:14","guid":{"rendered":"https:\/\/privilegelegal.com\/about-us\/abdessalem-lhouss\/"},"modified":"2024-01-17T19:29:05","modified_gmt":"2024-01-17T19:29:05","slug":"abdessalem-lhouss","status":"publish","type":"page","link":"https:\/\/privilegelegal.com\/en\/about-us\/abdessalem-lhouss\/","title":{"rendered":"Abdessalem Lhouss"},"content":{"rendered":"\t\t<div data-elementor-type=\"wp-page\" data-elementor-id=\"1020\" class=\"elementor elementor-1020 elementor-569\" data-elementor-post-type=\"page\">\n\t\t\t\t<div class=\"elementor-element elementor-element-c1be547 e-con-full e-flex e-con e-parent\" data-id=\"c1be547\" data-element_type=\"container\" data-e-type=\"container\" data-settings=\"{&quot;background_background&quot;:&quot;classic&quot;}\">\n\t\t<div class=\"elementor-element elementor-element-f84fd9d e-flex e-con-boxed e-con e-child\" data-id=\"f84fd9d\" data-element_type=\"container\" data-e-type=\"container\">\n\t\t\t\t\t<div class=\"e-con-inner\">\n\t\t<div class=\"elementor-element elementor-element-8f225f6 e-con-full e-flex e-con e-child\" data-id=\"8f225f6\" data-element_type=\"container\" data-e-type=\"container\">\n\t\t\t\t<div class=\"elementor-element elementor-element-da9bb15 elementor-widget__width-initial elementor-invisible elementor-widget elementor-widget-heading\" data-id=\"da9bb15\" data-element_type=\"widget\" data-e-type=\"widget\" data-settings=\"{&quot;_animation&quot;:&quot;fadeIn&quot;}\" data-widget_type=\"heading.default\">\n\t\t\t\t<div class=\"elementor-widget-container\">\n\t\t\t\t\t<h1 class=\"elementor-heading-title elementor-size-default\">Me Abdessalem Lhouss<\/h1>\t\t\t\t<\/div>\n\t\t\t\t<\/div>\n\t\t\t\t<\/div>\n\t\t<div class=\"elementor-element elementor-element-945f478 e-flex e-con-boxed e-con e-child\" data-id=\"945f478\" data-element_type=\"container\" data-e-type=\"container\">\n\t\t\t\t\t<div class=\"e-con-inner\">\n\t\t\t\t<div class=\"elementor-element elementor-element-8734d19 elementor-widget elementor-widget-heading\" data-id=\"8734d19\" data-element_type=\"widget\" data-e-type=\"widget\" data-widget_type=\"heading.default\">\n\t\t\t\t<div class=\"elementor-widget-container\">\n\t\t\t\t\t<h2 class=\"elementor-heading-title elementor-size-default\">Realize your ambitions<br>beyond borders.<\/h2>\t\t\t\t<\/div>\n\t\t\t\t<\/div>\n\t\t\t\t\t<\/div>\n\t\t\t\t<\/div>\n\t\t\t\t\t<\/div>\n\t\t\t\t<\/div>\n\t\t\t\t<\/div>\n\t\t<div class=\"elementor-element elementor-element-a7fad34 e-flex e-con-boxed e-con e-parent\" data-id=\"a7fad34\" data-element_type=\"container\" data-e-type=\"container\">\n\t\t\t\t\t<div class=\"e-con-inner\">\n\t\t<div class=\"elementor-element elementor-element-f277de7 e-con-full e-flex e-con e-child\" data-id=\"f277de7\" data-element_type=\"container\" data-e-type=\"container\">\n\t\t\t\t<div class=\"elementor-element elementor-element-47b19a2 elementor-widget elementor-widget-image\" data-id=\"47b19a2\" data-element_type=\"widget\" data-e-type=\"widget\" data-widget_type=\"image.default\">\n\t\t\t\t<div class=\"elementor-widget-container\">\n\t\t\t\t\t\t\t\t\t\t\t\t\t\t\t<img fetchpriority=\"high\" decoding=\"async\" width=\"500\" height=\"750\" src=\"https:\/\/privilegelegal.com\/wp-content\/uploads\/2023\/12\/Me_Abdessalem_Lhouss.webp\" class=\"attachment-full size-full wp-image-964\" alt=\"\" srcset=\"https:\/\/privilegelegal.com\/wp-content\/uploads\/2023\/12\/Me_Abdessalem_Lhouss.webp 500w, https:\/\/privilegelegal.com\/wp-content\/uploads\/2023\/12\/Me_Abdessalem_Lhouss-200x300.webp 200w\" sizes=\"(max-width: 500px) 100vw, 500px\" \/>\t\t\t\t\t\t\t\t\t\t\t\t\t\t\t<\/div>\n\t\t\t\t<\/div>\n\t\t\t\t<div class=\"elementor-element elementor-element-12feef4 elementor-shape-rounded elementor-grid-0 e-grid-align-center elementor-widget elementor-widget-social-icons\" data-id=\"12feef4\" data-element_type=\"widget\" data-e-type=\"widget\" data-widget_type=\"social-icons.default\">\n\t\t\t\t<div class=\"elementor-widget-container\">\n\t\t\t\t\t\t\t<div class=\"elementor-social-icons-wrapper elementor-grid\" role=\"list\">\n\t\t\t\t\t\t\t<span class=\"elementor-grid-item\" role=\"listitem\">\n\t\t\t\t\t<a class=\"elementor-icon elementor-social-icon elementor-social-icon-linkedin elementor-animation-pulse-grow elementor-repeater-item-4e561b6\" href=\"https:\/\/www.linkedin.com\/in\/ma%C3%AEtre-abdessalem-lhouss-4185b21b6\/\" target=\"_blank\">\n\t\t\t\t\t\t<span class=\"elementor-screen-only\">Linkedin<\/span>\n\t\t\t\t\t\t<svg aria-hidden=\"true\" class=\"e-font-icon-svg e-fab-linkedin\" viewBox=\"0 0 448 512\" xmlns=\"http:\/\/www.w3.org\/2000\/svg\"><path d=\"M416 32H31.9C14.3 32 0 46.5 0 64.3v383.4C0 465.5 14.3 480 31.9 480H416c17.6 0 32-14.5 32-32.3V64.3c0-17.8-14.4-32.3-32-32.3zM135.4 416H69V202.2h66.5V416zm-33.2-243c-21.3 0-38.5-17.3-38.5-38.5S80.9 96 102.2 96c21.2 0 38.5 17.3 38.5 38.5 0 21.3-17.2 38.5-38.5 38.5zm282.1 243h-66.4V312c0-24.8-.5-56.7-34.5-56.7-34.6 0-39.9 27-39.9 54.9V416h-66.4V202.2h63.7v29.2h.9c8.9-16.8 30.6-34.5 62.9-34.5 67.2 0 79.7 44.3 79.7 101.9V416z\"><\/path><\/svg>\t\t\t\t\t<\/a>\n\t\t\t\t<\/span>\n\t\t\t\t\t\t\t<span class=\"elementor-grid-item\" role=\"listitem\">\n\t\t\t\t\t<a class=\"elementor-icon elementor-social-icon elementor-social-icon-whatsapp elementor-animation-pulse-grow elementor-repeater-item-e213e21\" href=\"https:\/\/wa.me\/15144519248\" target=\"_blank\">\n\t\t\t\t\t\t<span class=\"elementor-screen-only\">Whatsapp<\/span>\n\t\t\t\t\t\t<svg aria-hidden=\"true\" class=\"e-font-icon-svg e-fab-whatsapp\" viewBox=\"0 0 448 512\" xmlns=\"http:\/\/www.w3.org\/2000\/svg\"><path d=\"M380.9 97.1C339 55.1 283.2 32 223.9 32c-122.4 0-222 99.6-222 222 0 39.1 10.2 77.3 29.6 111L0 480l117.7-30.9c32.4 17.7 68.9 27 106.1 27h.1c122.3 0 224.1-99.6 224.1-222 0-59.3-25.2-115-67.1-157zm-157 341.6c-33.2 0-65.7-8.9-94-25.7l-6.7-4-69.8 18.3L72 359.2l-4.4-7c-18.5-29.4-28.2-63.3-28.2-98.2 0-101.7 82.8-184.5 184.6-184.5 49.3 0 95.6 19.2 130.4 54.1 34.8 34.9 56.2 81.2 56.1 130.5 0 101.8-84.9 184.6-186.6 184.6zm101.2-138.2c-5.5-2.8-32.8-16.2-37.9-18-5.1-1.9-8.8-2.8-12.5 2.8-3.7 5.6-14.3 18-17.6 21.8-3.2 3.7-6.5 4.2-12 1.4-32.6-16.3-54-29.1-75.5-66-5.7-9.8 5.7-9.1 16.3-30.3 1.8-3.7.9-6.9-.5-9.7-1.4-2.8-12.5-30.1-17.1-41.2-4.5-10.8-9.1-9.3-12.5-9.5-3.2-.2-6.9-.2-10.6-.2-3.7 0-9.7 1.4-14.8 6.9-5.1 5.6-19.4 19-19.4 46.3 0 27.3 19.9 53.7 22.6 57.4 2.8 3.7 39.1 59.7 94.8 83.8 35.2 15.2 49 16.5 66.6 13.9 10.7-1.6 32.8-13.4 37.4-26.4 4.6-13 4.6-24.1 3.2-26.4-1.3-2.5-5-3.9-10.5-6.6z\"><\/path><\/svg>\t\t\t\t\t<\/a>\n\t\t\t\t<\/span>\n\t\t\t\t\t\t\t<span class=\"elementor-grid-item\" role=\"listitem\">\n\t\t\t\t\t<a class=\"elementor-icon elementor-social-icon elementor-social-icon-envelope elementor-animation-pulse-grow elementor-repeater-item-c83325b\" href=\"mailto:a.lhouss@privilegelegal.com\" target=\"_blank\">\n\t\t\t\t\t\t<span class=\"elementor-screen-only\">Envelope<\/span>\n\t\t\t\t\t\t<svg aria-hidden=\"true\" class=\"e-font-icon-svg e-fas-envelope\" viewBox=\"0 0 512 512\" xmlns=\"http:\/\/www.w3.org\/2000\/svg\"><path d=\"M502.3 190.8c3.9-3.1 9.7-.2 9.7 4.7V400c0 26.5-21.5 48-48 48H48c-26.5 0-48-21.5-48-48V195.6c0-5 5.7-7.8 9.7-4.7 22.4 17.4 52.1 39.5 154.1 113.6 21.1 15.4 56.7 47.8 92.2 47.6 35.7.3 72-32.8 92.3-47.6 102-74.1 131.6-96.3 154-113.7zM256 320c23.2.4 56.6-29.2 73.4-41.4 132.7-96.3 142.8-104.7 173.4-128.7 5.8-4.5 9.2-11.5 9.2-18.9v-19c0-26.5-21.5-48-48-48H48C21.5 64 0 85.5 0 112v19c0 7.4 3.4 14.3 9.2 18.9 30.6 23.9 40.7 32.4 173.4 128.7 16.8 12.2 50.2 41.8 73.4 41.4z\"><\/path><\/svg>\t\t\t\t\t<\/a>\n\t\t\t\t<\/span>\n\t\t\t\t\t<\/div>\n\t\t\t\t\t\t<\/div>\n\t\t\t\t<\/div>\n\t\t\t\t<div class=\"elementor-element elementor-element-66c37c6 elementor-widget elementor-widget-text-editor\" data-id=\"66c37c6\" data-element_type=\"widget\" data-e-type=\"widget\" data-widget_type=\"text-editor.default\">\n\t\t\t\t<div class=\"elementor-widget-container\">\n\t\t\t\t\t\t\t\t\t<p>Me Abdessalem Lhouss | Lawyer<br \/>+1 (514) 736-5151<br \/>a.lhouss@privilegelegal.com<\/p>\n\t\t\t\t\t\t\t\t<\/div>\n\t\t\t\t<\/div>\n\t\t\t\t<div class=\"elementor-element elementor-element-a2a27e8 elementor-tablet-align-center elementor-mobile-align-center elementor-align-center elementor-invisible elementor-widget elementor-widget-button\" data-id=\"a2a27e8\" data-element_type=\"widget\" data-e-type=\"widget\" data-settings=\"{&quot;_animation&quot;:&quot;fadeIn&quot;,&quot;_animation_delay&quot;:100}\" data-widget_type=\"button.default\">\n\t\t\t\t<div class=\"elementor-widget-container\">\n\t\t\t\t\t\t\t\t\t<div class=\"elementor-button-wrapper\">\n\t\t\t\t\t<a class=\"elementor-button elementor-button-link elementor-size-sm\" href=\"https:\/\/privilegelegal.com\/en\/contact\/\">\n\t\t\t\t\t\t<span class=\"elementor-button-content-wrapper\">\n\t\t\t\t\t\t\t\t\t<span class=\"elementor-button-text\">Make an appointment<\/span>\n\t\t\t\t\t<\/span>\n\t\t\t\t\t<\/a>\n\t\t\t\t<\/div>\n\t\t\t\t\t\t\t\t<\/div>\n\t\t\t\t<\/div>\n\t\t\t\t<\/div>\n\t\t<div class=\"elementor-element elementor-element-16c0868 e-con-full e-flex e-con e-child\" data-id=\"16c0868\" data-element_type=\"container\" data-e-type=\"container\">\n\t\t\t\t<div class=\"elementor-element elementor-element-d1ef28c elementor-widget elementor-widget-heading\" data-id=\"d1ef28c\" data-element_type=\"widget\" data-e-type=\"widget\" data-widget_type=\"heading.default\">\n\t\t\t\t<div class=\"elementor-widget-container\">\n\t\t\t\t\t<h2 class=\"elementor-heading-title elementor-size-default\">Abdessalem Lhouss, lawyer<\/h2>\t\t\t\t<\/div>\n\t\t\t\t<\/div>\n\t\t\t\t<div class=\"elementor-element elementor-element-d2ae802 elementor-widget elementor-widget-text-editor\" data-id=\"d2ae802\" data-element_type=\"widget\" data-e-type=\"widget\" data-widget_type=\"text-editor.default\">\n\t\t\t\t<div class=\"elementor-widget-container\">\n\t\t\t\t\t\t\t\t\t<p>Me Lhouss specializes in immigration law and has extensive experience in this field. He represents clients in a wide variety of immigration law matters for visitors, asylum seekers, students and workers, as well as in applications for permanent residency for newcomers to Quebec. In addition, it represents a clientele for inquiries related to the status of immigrant applicants and their families. Mr. Lhouss also handles appeals before the Immigration and Refugee Board of Canada (IRB) and the Federal Court of Canada.<\/p>\n<p>Renowned for his judicious and appropriate advice, Mr. Lhouss stands out for his patience, his common sense and his exceptional talent as a negotiator and litigator. His deep listening skills and ability to restore peace and tranquility in difficult times make him a remarkable professional. His human and professional qualities are key to the success of his projects.<\/p>\n<p>Me Lhouss is fluent in French and Arabic, enabling him to offer professional legal services to a well-targeted clientele. He is an undeniable asset for Privil\u00e8ge L\u00e9gal.<\/p>\n<p><strong>Associations<\/strong><br \/><a href=\"https:\/\/www.barreau.qc.ca\/fr\/trouver-un-avocat\/membre\/?id=3eef10a26d54717bda9466ae85e26b84a0bfbc504dee7f37a7f443061f0904c7&amp;backUrl=%2Ffr%2Ftrouver-un-avocat%2Fresultats%2F%3Fln%3DLhouss\" target=\"_blank\" rel=\"noopener\">Member of the Quebec Bar (2019)<\/a><br \/><a href=\"https:\/\/www.aqaadi.com\/fr\/liste-des-membres\/detail\/id\/nat68kp7ZNAjmFWbUNMZPcND\" target=\"_blank\" rel=\"noopener\">Member of AQAADI (2019)<\/a><\/p>\n<p><strong>Training<\/strong><br \/>Graduate of Universit\u00e9 de Montr\u00e9al (2017)<\/p>\n<p>Languages spoken: French and Arabic<\/p>\n\t\t\t\t\t\t\t\t<\/div>\n\t\t\t\t<\/div>\n\t\t\t\t<\/div>\n\t\t\t\t\t<\/div>\n\t\t\t\t<\/div>\n\t\t<div class=\"elementor-element elementor-element-4e920cb e-flex e-con-boxed e-con e-parent\" data-id=\"4e920cb\" data-element_type=\"container\" data-e-type=\"container\" data-settings=\"{&quot;background_background&quot;:&quot;classic&quot;}\">\n\t\t\t\t\t<div class=\"e-con-inner\">\n\t\t<div class=\"elementor-element elementor-element-d35a3b3 e-flex e-con-boxed e-con e-child\" data-id=\"d35a3b3\" data-element_type=\"container\" data-e-type=\"container\" data-settings=\"{&quot;background_background&quot;:&quot;classic&quot;}\">\n\t\t\t\t\t<div class=\"e-con-inner\">\n\t\t\t\t<div class=\"elementor-element elementor-element-beebd44 elementor-widget__width-inherit elementor-widget elementor-widget-gallery\" data-id=\"beebd44\" data-element_type=\"widget\" data-e-type=\"widget\" data-settings=\"{&quot;gallery_layout&quot;:&quot;masonry&quot;,&quot;columns&quot;:2,&quot;columns_tablet&quot;:3,&quot;columns_mobile&quot;:2,&quot;gap&quot;:{&quot;unit&quot;:&quot;px&quot;,&quot;size&quot;:100,&quot;sizes&quot;:[]},&quot;gap_tablet&quot;:{&quot;unit&quot;:&quot;px&quot;,&quot;size&quot;:50,&quot;sizes&quot;:[]},&quot;gap_mobile&quot;:{&quot;unit&quot;:&quot;px&quot;,&quot;size&quot;:60,&quot;sizes&quot;:[]},&quot;content_hover_animation&quot;:&quot;fade-in&quot;}\" data-widget_type=\"gallery.default\">\n\t\t\t\t<div class=\"elementor-widget-container\">\n\t\t\t\t\t\t\t<div class=\"elementor-gallery__container\">\n\t\t\t\t\t\t\t<div class=\"e-gallery-item elementor-gallery-item elementor-animated-content\">\n\t\t\t\t\t<div class=\"e-gallery-image elementor-gallery-item__image\" data-thumbnail=\"https:\/\/privilegelegal.com\/wp-content\/uploads\/2023\/12\/logo-barreauqc-white.svg\" data-width=\"190\" data-height=\"57\" aria-label=\"\" role=\"img\" ><\/div>\n\t\t\t\t\t\t\t\t\t\t\t\t\t\t<\/div>\n\t\t\t\t\t\t\t<div class=\"e-gallery-item elementor-gallery-item elementor-animated-content\">\n\t\t\t\t\t<div class=\"e-gallery-image elementor-gallery-item__image\" data-thumbnail=\"https:\/\/privilegelegal.com\/wp-content\/uploads\/2023\/12\/logo-wh-aqaadi.png\" data-width=\"334\" data-height=\"95\" aria-label=\"\" role=\"img\" ><\/div>\n\t\t\t\t\t\t\t\t\t\t\t\t\t\t<\/div>\n\t\t\t\t\t<\/div>\n\t\t\t\t\t<\/div>\n\t\t\t\t<\/div>\n\t\t\t\t\t<\/div>\n\t\t\t\t<\/div>\n\t\t\t\t\t<\/div>\n\t\t\t\t<\/div>\n\t\t\t\t<\/div>\n\t\t","protected":false},"excerpt":{"rendered":"<p>Me Abdessalem Lhouss Realize your ambitionsbeyond borders. Linkedin Whatsapp Envelope Me Abdessalem Lhouss | Lawyer+1 (514) 736-5151a.lhouss@privilegelegal.com Make an appointment Abdessalem Lhouss, lawyer Me Lhouss specializes in immigration law and has extensive experience in this field. He represents clients in a wide variety of immigration law matters for visitors, asylum seekers, students and workers, as [&hellip;]<\/p>\n","protected":false},"author":2,"featured_media":0,"parent":1013,"menu_order":0,"comment_status":"closed","ping_status":"closed","template":"","meta":{"footnotes":""},"class_list":["post-1020","page","type-page","status-publish","hentry"],"yoast_head":"<!-- This site is optimized with the Yoast SEO plugin v27.4 - https:\/\/yoast.com\/product\/yoast-seo-wordpress\/ -->\n<title>Abdessalem Lhouss - Privil\u00e8ge L\u00e9gal sencrl<\/title>\n<meta name=\"description\" content=\"Abdessalem Lhouss specializes in immigration law and has extensive immigration experience. Check it out today!\" \/>\n<meta name=\"robots\" content=\"index, follow, max-snippet:-1, max-image-preview:large, max-video-preview:-1\" \/>\n<link rel=\"canonical\" href=\"https:\/\/privilegelegal.com\/en\/about-us\/abdessalem-lhouss\/\" \/>\n<meta property=\"og:locale\" content=\"en_US\" \/>\n<meta property=\"og:type\" content=\"article\" \/>\n<meta property=\"og:title\" content=\"Abdessalem Lhouss - Privil\u00e8ge L\u00e9gal sencrl\" \/>\n<meta property=\"og:description\" content=\"Abdessalem Lhouss specializes in immigration law and has extensive immigration experience. Check it out today!\" \/>\n<meta property=\"og:url\" content=\"https:\/\/privilegelegal.com\/en\/about-us\/abdessalem-lhouss\/\" \/>\n<meta property=\"og:site_name\" content=\"Privil\u00e8ge L\u00e9gal sencrl\" \/>\n<meta property=\"article:modified_time\" content=\"2024-01-17T19:29:05+00:00\" \/>\n<meta property=\"og:image\" content=\"https:\/\/privilegelegal.com\/wp-content\/uploads\/2023\/12\/Me_Abdessalem_Lhouss.webp\" \/>\n<meta name=\"twitter:card\" content=\"summary_large_image\" \/>\n<meta name=\"twitter:label1\" content=\"Est. reading time\" \/>\n\t<meta name=\"twitter:data1\" content=\"1 minute\" \/>\n<script type=\"application\/ld+json\" class=\"yoast-schema-graph\">{\"@context\":\"https:\\\/\\\/schema.org\",\"@graph\":[{\"@type\":\"WebPage\",\"@id\":\"https:\\\/\\\/privilegelegal.com\\\/en\\\/about-us\\\/abdessalem-lhouss\\\/\",\"url\":\"https:\\\/\\\/privilegelegal.com\\\/en\\\/about-us\\\/abdessalem-lhouss\\\/\",\"name\":\"Abdessalem Lhouss - Privil\u00e8ge L\u00e9gal sencrl\",\"isPartOf\":{\"@id\":\"https:\\\/\\\/privilegelegal.com\\\/en\\\/#website\"},\"primaryImageOfPage\":{\"@id\":\"https:\\\/\\\/privilegelegal.com\\\/en\\\/about-us\\\/abdessalem-lhouss\\\/#primaryimage\"},\"image\":{\"@id\":\"https:\\\/\\\/privilegelegal.com\\\/en\\\/about-us\\\/abdessalem-lhouss\\\/#primaryimage\"},\"thumbnailUrl\":\"https:\\\/\\\/privilegelegal.com\\\/wp-content\\\/uploads\\\/2023\\\/12\\\/Me_Abdessalem_Lhouss.webp\",\"datePublished\":\"2023-12-22T22:18:14+00:00\",\"dateModified\":\"2024-01-17T19:29:05+00:00\",\"description\":\"Abdessalem Lhouss specializes in immigration law and has extensive immigration experience. Check it out today!\",\"breadcrumb\":{\"@id\":\"https:\\\/\\\/privilegelegal.com\\\/en\\\/about-us\\\/abdessalem-lhouss\\\/#breadcrumb\"},\"inLanguage\":\"en-CA\",\"potentialAction\":[{\"@type\":\"ReadAction\",\"target\":[\"https:\\\/\\\/privilegelegal.com\\\/en\\\/about-us\\\/abdessalem-lhouss\\\/\"]}]},{\"@type\":\"ImageObject\",\"inLanguage\":\"en-CA\",\"@id\":\"https:\\\/\\\/privilegelegal.com\\\/en\\\/about-us\\\/abdessalem-lhouss\\\/#primaryimage\",\"url\":\"https:\\\/\\\/privilegelegal.com\\\/wp-content\\\/uploads\\\/2023\\\/12\\\/Me_Abdessalem_Lhouss.webp\",\"contentUrl\":\"https:\\\/\\\/privilegelegal.com\\\/wp-content\\\/uploads\\\/2023\\\/12\\\/Me_Abdessalem_Lhouss.webp\"},{\"@type\":\"BreadcrumbList\",\"@id\":\"https:\\\/\\\/privilegelegal.com\\\/en\\\/about-us\\\/abdessalem-lhouss\\\/#breadcrumb\",\"itemListElement\":[{\"@type\":\"ListItem\",\"position\":1,\"name\":\"Accueil\",\"item\":\"https:\\\/\\\/privilegelegal.com\\\/en\\\/privilege-legal-sencrl\\\/\"},{\"@type\":\"ListItem\",\"position\":2,\"name\":\"About us\",\"item\":\"https:\\\/\\\/privilegelegal.com\\\/en\\\/about-us\\\/\"},{\"@type\":\"ListItem\",\"position\":3,\"name\":\"Abdessalem Lhouss\"}]},{\"@type\":\"WebSite\",\"@id\":\"https:\\\/\\\/privilegelegal.com\\\/en\\\/#website\",\"url\":\"https:\\\/\\\/privilegelegal.com\\\/en\\\/\",\"name\":\"Privil\u00e8ge L\u00e9gal sencrl\",\"description\":\"R\u00e9alisez vos ambitions au-del\u00e0 des fronti\u00e8res.\",\"publisher\":{\"@id\":\"https:\\\/\\\/privilegelegal.com\\\/en\\\/#organization\"},\"potentialAction\":[{\"@type\":\"SearchAction\",\"target\":{\"@type\":\"EntryPoint\",\"urlTemplate\":\"https:\\\/\\\/privilegelegal.com\\\/en\\\/?s={search_term_string}\"},\"query-input\":{\"@type\":\"PropertyValueSpecification\",\"valueRequired\":true,\"valueName\":\"search_term_string\"}}],\"inLanguage\":\"en-CA\"},{\"@type\":\"Organization\",\"@id\":\"https:\\\/\\\/privilegelegal.com\\\/en\\\/#organization\",\"name\":\"Privil\u00e8ge L\u00e9gal sencrl\",\"url\":\"https:\\\/\\\/privilegelegal.com\\\/en\\\/\",\"logo\":{\"@type\":\"ImageObject\",\"inLanguage\":\"en-CA\",\"@id\":\"https:\\\/\\\/privilegelegal.com\\\/en\\\/#\\\/schema\\\/logo\\\/image\\\/\",\"url\":\"https:\\\/\\\/privilegelegal.com\\\/wp-content\\\/uploads\\\/2023\\\/11\\\/PrivilegeLegal_Logo_site.png\",\"contentUrl\":\"https:\\\/\\\/privilegelegal.com\\\/wp-content\\\/uploads\\\/2023\\\/11\\\/PrivilegeLegal_Logo_site.png\",\"width\":129,\"height\":100,\"caption\":\"Privil\u00e8ge L\u00e9gal sencrl\"},\"image\":{\"@id\":\"https:\\\/\\\/privilegelegal.com\\\/en\\\/#\\\/schema\\\/logo\\\/image\\\/\"}}]}<\/script>\n<!-- \/ Yoast SEO plugin. -->","yoast_head_json":{"title":"Abdessalem Lhouss - Privil\u00e8ge L\u00e9gal sencrl","description":"Abdessalem Lhouss specializes in immigration law and has extensive immigration experience. Check it out today!","robots":{"index":"index","follow":"follow","max-snippet":"max-snippet:-1","max-image-preview":"max-image-preview:large","max-video-preview":"max-video-preview:-1"},"canonical":"https:\/\/privilegelegal.com\/en\/about-us\/abdessalem-lhouss\/","og_locale":"en_US","og_type":"article","og_title":"Abdessalem Lhouss - Privil\u00e8ge L\u00e9gal sencrl","og_description":"Abdessalem Lhouss specializes in immigration law and has extensive immigration experience. Check it out today!","og_url":"https:\/\/privilegelegal.com\/en\/about-us\/abdessalem-lhouss\/","og_site_name":"Privil\u00e8ge L\u00e9gal sencrl","article_modified_time":"2024-01-17T19:29:05+00:00","og_image":[{"url":"https:\/\/privilegelegal.com\/wp-content\/uploads\/2023\/12\/Me_Abdessalem_Lhouss.webp","type":"","width":"","height":""}],"twitter_card":"summary_large_image","twitter_misc":{"Est. reading time":"1 minute"},"schema":{"@context":"https:\/\/schema.org","@graph":[{"@type":"WebPage","@id":"https:\/\/privilegelegal.com\/en\/about-us\/abdessalem-lhouss\/","url":"https:\/\/privilegelegal.com\/en\/about-us\/abdessalem-lhouss\/","name":"Abdessalem Lhouss - Privil\u00e8ge L\u00e9gal sencrl","isPartOf":{"@id":"https:\/\/privilegelegal.com\/en\/#website"},"primaryImageOfPage":{"@id":"https:\/\/privilegelegal.com\/en\/about-us\/abdessalem-lhouss\/#primaryimage"},"image":{"@id":"https:\/\/privilegelegal.com\/en\/about-us\/abdessalem-lhouss\/#primaryimage"},"thumbnailUrl":"https:\/\/privilegelegal.com\/wp-content\/uploads\/2023\/12\/Me_Abdessalem_Lhouss.webp","datePublished":"2023-12-22T22:18:14+00:00","dateModified":"2024-01-17T19:29:05+00:00","description":"Abdessalem Lhouss specializes in immigration law and has extensive immigration experience. Check it out today!","breadcrumb":{"@id":"https:\/\/privilegelegal.com\/en\/about-us\/abdessalem-lhouss\/#breadcrumb"},"inLanguage":"en-CA","potentialAction":[{"@type":"ReadAction","target":["https:\/\/privilegelegal.com\/en\/about-us\/abdessalem-lhouss\/"]}]},{"@type":"ImageObject","inLanguage":"en-CA","@id":"https:\/\/privilegelegal.com\/en\/about-us\/abdessalem-lhouss\/#primaryimage","url":"https:\/\/privilegelegal.com\/wp-content\/uploads\/2023\/12\/Me_Abdessalem_Lhouss.webp","contentUrl":"https:\/\/privilegelegal.com\/wp-content\/uploads\/2023\/12\/Me_Abdessalem_Lhouss.webp"},{"@type":"BreadcrumbList","@id":"https:\/\/privilegelegal.com\/en\/about-us\/abdessalem-lhouss\/#breadcrumb","itemListElement":[{"@type":"ListItem","position":1,"name":"Accueil","item":"https:\/\/privilegelegal.com\/en\/privilege-legal-sencrl\/"},{"@type":"ListItem","position":2,"name":"About us","item":"https:\/\/privilegelegal.com\/en\/about-us\/"},{"@type":"ListItem","position":3,"name":"Abdessalem Lhouss"}]},{"@type":"WebSite","@id":"https:\/\/privilegelegal.com\/en\/#website","url":"https:\/\/privilegelegal.com\/en\/","name":"Privil\u00e8ge L\u00e9gal sencrl","description":"R\u00e9alisez vos ambitions au-del\u00e0 des fronti\u00e8res.","publisher":{"@id":"https:\/\/privilegelegal.com\/en\/#organization"},"potentialAction":[{"@type":"SearchAction","target":{"@type":"EntryPoint","urlTemplate":"https:\/\/privilegelegal.com\/en\/?s={search_term_string}"},"query-input":{"@type":"PropertyValueSpecification","valueRequired":true,"valueName":"search_term_string"}}],"inLanguage":"en-CA"},{"@type":"Organization","@id":"https:\/\/privilegelegal.com\/en\/#organization","name":"Privil\u00e8ge L\u00e9gal sencrl","url":"https:\/\/privilegelegal.com\/en\/","logo":{"@type":"ImageObject","inLanguage":"en-CA","@id":"https:\/\/privilegelegal.com\/en\/#\/schema\/logo\/image\/","url":"https:\/\/privilegelegal.com\/wp-content\/uploads\/2023\/11\/PrivilegeLegal_Logo_site.png","contentUrl":"https:\/\/privilegelegal.com\/wp-content\/uploads\/2023\/11\/PrivilegeLegal_Logo_site.png","width":129,"height":100,"caption":"Privil\u00e8ge L\u00e9gal sencrl"},"image":{"@id":"https:\/\/privilegelegal.com\/en\/#\/schema\/logo\/image\/"}}]}},"_links":{"self":[{"href":"https:\/\/privilegelegal.com\/en\/wp-json\/wp\/v2\/pages\/1020","targetHints":{"allow":["GET"]}}],"collection":[{"href":"https:\/\/privilegelegal.com\/en\/wp-json\/wp\/v2\/pages"}],"about":[{"href":"https:\/\/privilegelegal.com\/en\/wp-json\/wp\/v2\/types\/page"}],"author":[{"embeddable":true,"href":"https:\/\/privilegelegal.com\/en\/wp-json\/wp\/v2\/users\/2"}],"replies":[{"embeddable":true,"href":"https:\/\/privilegelegal.com\/en\/wp-json\/wp\/v2\/comments?post=1020"}],"version-history":[{"count":1,"href":"https:\/\/privilegelegal.com\/en\/wp-json\/wp\/v2\/pages\/1020\/revisions"}],"predecessor-version":[{"id":1021,"href":"https:\/\/privilegelegal.com\/en\/wp-json\/wp\/v2\/pages\/1020\/revisions\/1021"}],"up":[{"embeddable":true,"href":"https:\/\/privilegelegal.com\/en\/wp-json\/wp\/v2\/pages\/1013"}],"wp:attachment":[{"href":"https:\/\/privilegelegal.com\/en\/wp-json\/wp\/v2\/media?parent=1020"}],"curies":[{"name":"wp","href":"https:\/\/api.w.org\/{rel}","templated":true}]}}