{"id":1017,"date":"2023-11-23T20:25:48","date_gmt":"2023-11-23T20:25:48","guid":{"rendered":"https:\/\/privilegelegal.com\/privacy-policy\/"},"modified":"2024-01-17T19:27:24","modified_gmt":"2024-01-17T19:27:24","slug":"privacy-policy","status":"publish","type":"page","link":"https:\/\/privilegelegal.com\/en\/privacy-policy\/","title":{"rendered":"Privacy policy"},"content":{"rendered":"\t\t<div data-elementor-type=\"wp-page\" data-elementor-id=\"1017\" class=\"elementor elementor-1017 elementor-3\" data-elementor-post-type=\"page\">\n\t\t\t\t<div class=\"elementor-element elementor-element-1c1ea07 e-con-full e-flex e-con e-parent\" data-id=\"1c1ea07\" data-element_type=\"container\" data-e-type=\"container\" data-settings=\"{&quot;background_background&quot;:&quot;classic&quot;}\">\n\t\t<div class=\"elementor-element elementor-element-d839e60 e-flex e-con-boxed e-con e-child\" data-id=\"d839e60\" data-element_type=\"container\" data-e-type=\"container\">\n\t\t\t\t\t<div class=\"e-con-inner\">\n\t\t<div class=\"elementor-element elementor-element-303ebfe e-con-full e-flex e-con e-child\" data-id=\"303ebfe\" data-element_type=\"container\" data-e-type=\"container\">\n\t\t\t\t<div class=\"elementor-element elementor-element-6e67e10 elementor-invisible elementor-widget elementor-widget-heading\" data-id=\"6e67e10\" data-element_type=\"widget\" data-e-type=\"widget\" data-settings=\"{&quot;_animation&quot;:&quot;fadeIn&quot;}\" data-widget_type=\"heading.default\">\n\t\t\t\t<div class=\"elementor-widget-container\">\n\t\t\t\t\t<h1 class=\"elementor-heading-title elementor-size-default\">Privacy policy<\/h1>\t\t\t\t<\/div>\n\t\t\t\t<\/div>\n\t\t\t\t<\/div>\n\t\t<div class=\"elementor-element elementor-element-73f46e5 e-flex e-con-boxed e-con e-child\" data-id=\"73f46e5\" data-element_type=\"container\" data-e-type=\"container\">\n\t\t\t\t\t<div class=\"e-con-inner\">\n\t\t\t\t<div class=\"elementor-element elementor-element-dc6dff8 elementor-widget elementor-widget-heading\" data-id=\"dc6dff8\" data-element_type=\"widget\" data-e-type=\"widget\" data-widget_type=\"heading.default\">\n\t\t\t\t<div class=\"elementor-widget-container\">\n\t\t\t\t\t<h2 class=\"elementor-heading-title elementor-size-default\">Realize your ambitions<br>beyond borders.<\/h2>\t\t\t\t<\/div>\n\t\t\t\t<\/div>\n\t\t\t\t\t<\/div>\n\t\t\t\t<\/div>\n\t\t\t\t\t<\/div>\n\t\t\t\t<\/div>\n\t\t\t\t<\/div>\n\t\t<div class=\"elementor-element elementor-element-dd90401 e-flex e-con-boxed e-con e-parent\" data-id=\"dd90401\" data-element_type=\"container\" data-e-type=\"container\">\n\t\t\t\t\t<div class=\"e-con-inner\">\n\t\t\t\t<div class=\"elementor-element elementor-element-c6c4d61 elementor-widget elementor-widget-heading\" data-id=\"c6c4d61\" data-element_type=\"widget\" data-e-type=\"widget\" data-widget_type=\"heading.default\">\n\t\t\t\t<div class=\"elementor-widget-container\">\n\t\t\t\t\t<h2 class=\"elementor-heading-title elementor-size-default\">CONFIDENTIALITY AND PRIVACY POLICY\n<\/h2>\t\t\t\t<\/div>\n\t\t\t\t<\/div>\n\t\t\t\t<div class=\"elementor-element elementor-element-212f1b0 elementor-widget elementor-widget-text-editor\" data-id=\"212f1b0\" data-element_type=\"widget\" data-e-type=\"widget\" data-widget_type=\"text-editor.default\">\n\t\t\t\t<div class=\"elementor-widget-container\">\n\t\t\t\t\t\t\t\t\t<p>This Privacy and Confidentiality Policy (&#8220;<b>Policy<\/b>&#8220;) describes the policies and practices of Privil\u00e8ge L\u00e9gal, sencrl (&#8220;<b>Privil\u00e8ge L\u00e9gal<\/b>&#8220;) with respect to personal information that <b>Privil\u00e8ge L\u00e9gal<\/b> collects about you (&#8220;<b>you<\/b>&#8220;).<\/p>\n<p>By using the website (https:\/\/privilegelegal.com) (&#8220;<b>Website<\/b>&#8220;), you agree that <b>Privil\u00e8ge L\u00e9gal<\/b> may collect and use certain personal information in accordance with this Policy.<\/p>\n<p><b>Information gathering<\/b><br \/>To access certain functions of the Website, you will need to provide :<\/p>\n<ul>\n<li>First and last name<\/li>\n<li>Street address<\/li>\n<li>Phone number<\/li>\n<li>Age<\/li>\n<li>Email address<br \/>(collectively the &#8220;Registration Information&#8221;)<\/li>\n<\/ul>\n<p><strong> <\/strong><\/p>\n<p><b>Personal information<\/b><br \/><b>Personal Information<\/b>&#8221; is any information provided as Registration Information that identifies you as a natural person employed or otherwise representing the User, such as your name, date of birth, e-mail address, mailing address and telephone number.<\/p>\n<p><b>Collection and use of personal information<\/b><br \/><b>Privil\u00e8ge L\u00e9gal<\/b> collects your personal information in order to build a file on the User and to better serve him or her. You can visit our home page or browse the Website without your personal information being collected or used. Legal Privilege only collects personal information if you provide it voluntarily.<\/p>\n<p>Privil\u00e8ge L\u00e9gal uses your personal information to contact you as part of the service contract between <b>Privil\u00e8ge L\u00e9gal<\/b> and the User, if applicable.<\/p>\n<p><b>Cookies<\/b><\/p>\n<p>The Privil\u00e8ge L\u00e9gal Web site may automatically place and\/or receive certain information from your Web browser, such as your IP address, the page you visited or viewed and similar information from <b>cookies<\/b> previously placed on your computer. This information is non-nominative and may be stored on our server for analysis purposes to enable us to better serve website visitors.<\/p>\n<p><b>Disclosure of personal information<\/b><br \/>Privil\u00e8ge L\u00e9gal does not sell or share your personal information with unrelated third parties without your consent, except in the following specific cases:<\/p>\n<p>Your personal information may occasionally be disclosed to third parties to comply with the law or at the request of government agencies or if Legal Privilege becomes involved in a sale, merger, reorganization, dissolution or other comparable transaction;<\/p>\n<p>For marketing purposes, Legal Privilege may share your information with its affiliates.<\/p>\n<p>Only those employees who require access to your personal information in order to carry out their duties in relation to the above-mentioned purposes have access to your personal information. These employees are required to respect the confidentiality of such information and to handle it responsibly in accordance with the law and this Policy.<\/p>\n<p>Confidential User Information<\/p>\n<p>In addition to the Registration Information, the User will be required to provide confidential information as part of the Service Agreement. This information is referred to as &#8220;<b>Confidential User Information<\/b>&#8221; in the Service Contract. The confidentiality of User Confidential Information is protected under the terms of the Service Agreement.<\/p>\n<p><b>Links<\/b><br \/>Privil\u00e8ge L\u00e9gal may display on the Web Site a number of links to third-party Web sites.<\/p>\n<p><span style=\"color: var( --e-global-color-text ); font-family: var( --e-global-typography-text-font-family ), Sans-serif; font-size: var( --e-global-typography-text-font-size ); font-style: var( --e-global-typography-text-font-style ); font-weight: var( --e-global-typography-text-font-weight ); letter-spacing: var( --e-global-typography-text-letter-spacing ); text-transform: var( --e-global-typography-text-text-transform ); text-align: var(--text-align);\">Legal Privilege assumes no responsibility for the personal information collection, retention, use and disclosure practices of such Web sites. Privil\u00e8ge L\u00e9gal invites you to review the privacy policy of each Web site you visit before providing any personally identifiable information to those Web sites.<\/span><\/p>\n<p><span style=\"color: var( --e-global-color-text ); font-family: var( --e-global-typography-text-font-family ), Sans-serif; font-size: var( --e-global-typography-text-font-size ); font-style: var( --e-global-typography-text-font-style ); letter-spacing: var( --e-global-typography-text-letter-spacing ); text-transform: var( --e-global-typography-text-text-transform ); text-align: var(--text-align);\"><b>Access to your personal information and complaints<\/b> <br \/><\/span>Subject to applicable legal restrictions, you have the right to consult your file and rectify your personal information by sending a written request to Privil\u00e8ge L\u00e9gal.<\/p>\n<p><b>Legal Privilege<\/b> makes reasonable efforts to ensure that your personal information is kept up to date, accurate and complete. However, it is your responsibility to inform us promptly of any change of name, address or any other relevant change to your personal information.<\/p>\n<p>If you have a complaint or concern about your personal information or this <b>Policy<\/b>, we also encourage you to contact Legal Privilege.<\/p>\n<p>For any written request or for information on this Policy, you can contact the person in charge of personal information at Privil\u00e8ge L\u00e9gal at the following coordinates:<\/p>\n<p>By mail: Privil\u00e8ge L\u00e9gal, sencrl, 220-5475, rue Par\u00e9, Mont-Royal (Qu\u00e9bec) H4P 1P7<br \/>By e-mail: info@privilegelegal.com<\/p>\n<p><b>Modification of this Policy<\/b><br \/>Privil\u00e8ge L\u00e9gal reserves the right to modify this Policy at any time. In this regard, Privil\u00e8ge L\u00e9gal encourages you to regularly visit its Web Site to consult the latest version.<\/p>\n<p>The most recent update of this Policy was published in January 2024.<\/p>\n\t\t\t\t\t\t\t\t<\/div>\n\t\t\t\t<\/div>\n\t\t\t\t\t<\/div>\n\t\t\t\t<\/div>\n\t\t\t\t<\/div>\n\t\t","protected":false},"excerpt":{"rendered":"<p>Privacy policy Realize your ambitionsbeyond borders. CONFIDENTIALITY AND PRIVACY POLICY This Privacy and Confidentiality Policy (&#8220;Policy&#8220;) describes the policies and practices of Privil\u00e8ge L\u00e9gal, sencrl (&#8220;Privil\u00e8ge L\u00e9gal&#8220;) with respect to personal information that Privil\u00e8ge L\u00e9gal collects about you (&#8220;you&#8220;). By using the website (https:\/\/privilegelegal.com) (&#8220;Website&#8220;), you agree that Privil\u00e8ge L\u00e9gal may collect and use certain [&hellip;]<\/p>\n","protected":false},"author":2,"featured_media":0,"parent":0,"menu_order":0,"comment_status":"closed","ping_status":"closed","template":"","meta":{"footnotes":""},"class_list":["post-1017","page","type-page","status-publish","hentry"],"yoast_head":"<!-- This site is optimized with the Yoast SEO plugin v27.5 - https:\/\/yoast.com\/product\/yoast-seo-wordpress\/ -->\n<title>Privacy policy - Privil\u00e8ge L\u00e9gal sencrl<\/title>\n<meta name=\"description\" content=\"Learn more about our privacy policy regarding the use of Privil\u00e8ge L\u00e9gal&#039;s website.\" \/>\n<meta name=\"robots\" content=\"index, follow, max-snippet:-1, max-image-preview:large, max-video-preview:-1\" \/>\n<link rel=\"canonical\" href=\"https:\/\/privilegelegal.com\/en\/privacy-policy\/\" \/>\n<meta property=\"og:locale\" content=\"en_US\" \/>\n<meta property=\"og:type\" content=\"article\" \/>\n<meta property=\"og:title\" content=\"Privacy policy - Privil\u00e8ge L\u00e9gal sencrl\" \/>\n<meta property=\"og:description\" content=\"Learn more about our privacy policy regarding the use of Privil\u00e8ge L\u00e9gal&#039;s website.\" \/>\n<meta property=\"og:url\" content=\"https:\/\/privilegelegal.com\/en\/privacy-policy\/\" \/>\n<meta property=\"og:site_name\" content=\"Privil\u00e8ge L\u00e9gal sencrl\" \/>\n<meta property=\"article:modified_time\" content=\"2024-01-17T19:27:24+00:00\" \/>\n<meta name=\"twitter:card\" content=\"summary_large_image\" \/>\n<meta name=\"twitter:label1\" content=\"Est. reading time\" \/>\n\t<meta name=\"twitter:data1\" content=\"4 minutes\" \/>\n<script type=\"application\/ld+json\" class=\"yoast-schema-graph\">{\"@context\":\"https:\\\/\\\/schema.org\",\"@graph\":[{\"@type\":\"WebPage\",\"@id\":\"https:\\\/\\\/privilegelegal.com\\\/en\\\/privacy-policy\\\/\",\"url\":\"https:\\\/\\\/privilegelegal.com\\\/en\\\/privacy-policy\\\/\",\"name\":\"Privacy policy - Privil\u00e8ge L\u00e9gal sencrl\",\"isPartOf\":{\"@id\":\"https:\\\/\\\/privilegelegal.com\\\/en\\\/#website\"},\"datePublished\":\"2023-11-23T20:25:48+00:00\",\"dateModified\":\"2024-01-17T19:27:24+00:00\",\"description\":\"Learn more about our privacy policy regarding the use of Privil\u00e8ge L\u00e9gal's website.\",\"breadcrumb\":{\"@id\":\"https:\\\/\\\/privilegelegal.com\\\/en\\\/privacy-policy\\\/#breadcrumb\"},\"inLanguage\":\"en-CA\",\"potentialAction\":[{\"@type\":\"ReadAction\",\"target\":[\"https:\\\/\\\/privilegelegal.com\\\/en\\\/privacy-policy\\\/\"]}]},{\"@type\":\"BreadcrumbList\",\"@id\":\"https:\\\/\\\/privilegelegal.com\\\/en\\\/privacy-policy\\\/#breadcrumb\",\"itemListElement\":[{\"@type\":\"ListItem\",\"position\":1,\"name\":\"Accueil\",\"item\":\"https:\\\/\\\/privilegelegal.com\\\/en\\\/privilege-legal-sencrl\\\/\"},{\"@type\":\"ListItem\",\"position\":2,\"name\":\"Privacy policy\"}]},{\"@type\":\"WebSite\",\"@id\":\"https:\\\/\\\/privilegelegal.com\\\/en\\\/#website\",\"url\":\"https:\\\/\\\/privilegelegal.com\\\/en\\\/\",\"name\":\"Privil\u00e8ge L\u00e9gal sencrl\",\"description\":\"R\u00e9alisez vos ambitions au-del\u00e0 des fronti\u00e8res.\",\"publisher\":{\"@id\":\"https:\\\/\\\/privilegelegal.com\\\/en\\\/#organization\"},\"potentialAction\":[{\"@type\":\"SearchAction\",\"target\":{\"@type\":\"EntryPoint\",\"urlTemplate\":\"https:\\\/\\\/privilegelegal.com\\\/en\\\/?s={search_term_string}\"},\"query-input\":{\"@type\":\"PropertyValueSpecification\",\"valueRequired\":true,\"valueName\":\"search_term_string\"}}],\"inLanguage\":\"en-CA\"},{\"@type\":\"Organization\",\"@id\":\"https:\\\/\\\/privilegelegal.com\\\/en\\\/#organization\",\"name\":\"Privil\u00e8ge L\u00e9gal sencrl\",\"url\":\"https:\\\/\\\/privilegelegal.com\\\/en\\\/\",\"logo\":{\"@type\":\"ImageObject\",\"inLanguage\":\"en-CA\",\"@id\":\"https:\\\/\\\/privilegelegal.com\\\/en\\\/#\\\/schema\\\/logo\\\/image\\\/\",\"url\":\"https:\\\/\\\/privilegelegal.com\\\/wp-content\\\/uploads\\\/2023\\\/11\\\/PrivilegeLegal_Logo_site.png\",\"contentUrl\":\"https:\\\/\\\/privilegelegal.com\\\/wp-content\\\/uploads\\\/2023\\\/11\\\/PrivilegeLegal_Logo_site.png\",\"width\":129,\"height\":100,\"caption\":\"Privil\u00e8ge L\u00e9gal sencrl\"},\"image\":{\"@id\":\"https:\\\/\\\/privilegelegal.com\\\/en\\\/#\\\/schema\\\/logo\\\/image\\\/\"}}]}<\/script>\n<!-- \/ Yoast SEO plugin. -->","yoast_head_json":{"title":"Privacy policy - Privil\u00e8ge L\u00e9gal sencrl","description":"Learn more about our privacy policy regarding the use of Privil\u00e8ge L\u00e9gal's website.","robots":{"index":"index","follow":"follow","max-snippet":"max-snippet:-1","max-image-preview":"max-image-preview:large","max-video-preview":"max-video-preview:-1"},"canonical":"https:\/\/privilegelegal.com\/en\/privacy-policy\/","og_locale":"en_US","og_type":"article","og_title":"Privacy policy - Privil\u00e8ge L\u00e9gal sencrl","og_description":"Learn more about our privacy policy regarding the use of Privil\u00e8ge L\u00e9gal's website.","og_url":"https:\/\/privilegelegal.com\/en\/privacy-policy\/","og_site_name":"Privil\u00e8ge L\u00e9gal sencrl","article_modified_time":"2024-01-17T19:27:24+00:00","twitter_card":"summary_large_image","twitter_misc":{"Est. reading time":"4 minutes"},"schema":{"@context":"https:\/\/schema.org","@graph":[{"@type":"WebPage","@id":"https:\/\/privilegelegal.com\/en\/privacy-policy\/","url":"https:\/\/privilegelegal.com\/en\/privacy-policy\/","name":"Privacy policy - Privil\u00e8ge L\u00e9gal sencrl","isPartOf":{"@id":"https:\/\/privilegelegal.com\/en\/#website"},"datePublished":"2023-11-23T20:25:48+00:00","dateModified":"2024-01-17T19:27:24+00:00","description":"Learn more about our privacy policy regarding the use of Privil\u00e8ge L\u00e9gal's website.","breadcrumb":{"@id":"https:\/\/privilegelegal.com\/en\/privacy-policy\/#breadcrumb"},"inLanguage":"en-CA","potentialAction":[{"@type":"ReadAction","target":["https:\/\/privilegelegal.com\/en\/privacy-policy\/"]}]},{"@type":"BreadcrumbList","@id":"https:\/\/privilegelegal.com\/en\/privacy-policy\/#breadcrumb","itemListElement":[{"@type":"ListItem","position":1,"name":"Accueil","item":"https:\/\/privilegelegal.com\/en\/privilege-legal-sencrl\/"},{"@type":"ListItem","position":2,"name":"Privacy policy"}]},{"@type":"WebSite","@id":"https:\/\/privilegelegal.com\/en\/#website","url":"https:\/\/privilegelegal.com\/en\/","name":"Privil\u00e8ge L\u00e9gal sencrl","description":"R\u00e9alisez vos ambitions au-del\u00e0 des fronti\u00e8res.","publisher":{"@id":"https:\/\/privilegelegal.com\/en\/#organization"},"potentialAction":[{"@type":"SearchAction","target":{"@type":"EntryPoint","urlTemplate":"https:\/\/privilegelegal.com\/en\/?s={search_term_string}"},"query-input":{"@type":"PropertyValueSpecification","valueRequired":true,"valueName":"search_term_string"}}],"inLanguage":"en-CA"},{"@type":"Organization","@id":"https:\/\/privilegelegal.com\/en\/#organization","name":"Privil\u00e8ge L\u00e9gal sencrl","url":"https:\/\/privilegelegal.com\/en\/","logo":{"@type":"ImageObject","inLanguage":"en-CA","@id":"https:\/\/privilegelegal.com\/en\/#\/schema\/logo\/image\/","url":"https:\/\/privilegelegal.com\/wp-content\/uploads\/2023\/11\/PrivilegeLegal_Logo_site.png","contentUrl":"https:\/\/privilegelegal.com\/wp-content\/uploads\/2023\/11\/PrivilegeLegal_Logo_site.png","width":129,"height":100,"caption":"Privil\u00e8ge L\u00e9gal sencrl"},"image":{"@id":"https:\/\/privilegelegal.com\/en\/#\/schema\/logo\/image\/"}}]}},"_links":{"self":[{"href":"https:\/\/privilegelegal.com\/en\/wp-json\/wp\/v2\/pages\/1017","targetHints":{"allow":["GET"]}}],"collection":[{"href":"https:\/\/privilegelegal.com\/en\/wp-json\/wp\/v2\/pages"}],"about":[{"href":"https:\/\/privilegelegal.com\/en\/wp-json\/wp\/v2\/types\/page"}],"author":[{"embeddable":true,"href":"https:\/\/privilegelegal.com\/en\/wp-json\/wp\/v2\/users\/2"}],"replies":[{"embeddable":true,"href":"https:\/\/privilegelegal.com\/en\/wp-json\/wp\/v2\/comments?post=1017"}],"version-history":[{"count":1,"href":"https:\/\/privilegelegal.com\/en\/wp-json\/wp\/v2\/pages\/1017\/revisions"}],"predecessor-version":[{"id":1018,"href":"https:\/\/privilegelegal.com\/en\/wp-json\/wp\/v2\/pages\/1017\/revisions\/1018"}],"wp:attachment":[{"href":"https:\/\/privilegelegal.com\/en\/wp-json\/wp\/v2\/media?parent=1017"}],"curies":[{"name":"wp","href":"https:\/\/api.w.org\/{rel}","templated":true}]}}